{"id":128,"date":"2025-05-08T12:25:51","date_gmt":"2025-05-08T12:25:51","guid":{"rendered":"https:\/\/www.careium.com\/es\/?post_type=product&#038;p=128"},"modified":"2026-03-06T14:12:05","modified_gmt":"2026-03-06T14:12:05","slug":"detector-de-monoxido-de-carbono-i10-proteccion-inteligente-contra-el-asesino-silencioso","status":"publish","type":"product","link":"https:\/\/www.careium.com\/es\/soluciones-de-teleasistencia\/alarmas-personales-dispositivos-de-teleasistencia\/detector-de-monoxido-de-carbono-i10-proteccion-inteligente-contra-el-asesino-silencioso\/","title":{"rendered":"Detector de mon\u00f3xido de carbono i10"},"content":{"rendered":"<h3><strong>Detector de mon\u00f3xido de carbono i10 &#8211; Protecci\u00f3n 24\/7 contra la amenaza invisible<\/strong><\/h3>\n<p>El mon\u00f3xido de carbono (CO) es a menudo llamado el asesino silencioso. Este gas mortal es completamente invisible: no se puede ver, oler ni saborear. Sin embargo, incluso una peque\u00f1a fuga en aparatos cotidianos como calderas, fuegos de gas, cocinas o estufas de le\u00f1a puede provocar r\u00e1pidamente niveles peligrosos de CO en su hogar. Cada a\u00f1o, miles de personas son hospitalizadas por intoxicaci\u00f3n de mon\u00f3xido de carbono, a menudo mientras duermen y no son conscientes del peligro.<\/p>\n<p>Un <strong>detector de mon\u00f3xido de carbono<\/strong> fiable es la \u00fanica forma de protegerse a s\u00ed mismo y a sus seres queridos de esta amenaza invisible. El <strong>detector de mon\u00f3xido de carbono i10<\/strong> no s\u00f3lo ofrece alertas locales, sino tambi\u00e9n conexi\u00f3n autom\u00e1tica a un centro de supervisi\u00f3n 24 horas al d\u00eda, 7 d\u00edas a la semana, lo que proporciona una capa adicional de seguridad cuando m\u00e1s la necesita.<\/p>\n<hr \/>\n<h3><strong>Por qu\u00e9 necesita un detector de mon\u00f3xido de carbono<\/strong><\/h3>\n<p>El mon\u00f3xido de carbono se produce cuando combustibles como el gas, la madera, el carb\u00f3n o el petr\u00f3leo no se queman correctamente. Los sistemas de calefacci\u00f3n defectuosos o una ventilaci\u00f3n deficiente pueden permitir f\u00e1cilmente que el gas CO se acumule en el interior. Como los s\u00edntomas de la intoxicaci\u00f3n por CO -como dolor de cabeza, mareos o n\u00e1useas- suelen confundirse con los de otras enfermedades, muchas personas no se dan cuenta de que corren peligro hasta que es demasiado tarde.<\/p>\n<p>Un <strong>detector de mon\u00f3xido de carbono<\/strong> es esencial para una alerta temprana. Ayuda a prevenir graves complicaciones de salud, visitas al hospital o incluso muertes causadas por una exposici\u00f3n al CO no detectada.<\/p>\n<hr \/>\n<h3><strong>C\u00f3mo funciona el detector de CO i10<\/strong><\/h3>\n<p>El detector de mon\u00f3xido de carbono i10 <strong>monitorea continuamente el aire<\/strong> de su hogar para detectar niveles peligrosos de CO. Cuando se detecta mon\u00f3xido de carbono, el dispositivo hace sonar una fuerte alarma local y env\u00eda simult\u00e1neamente una alerta a un centro de monitorizaci\u00f3n 24\/7. Esto significa que se puede actuar incluso si no oye la alarma o no puede responder.<\/p>\n<hr \/>\n<h3><strong>Vigilancia 24 horas al d\u00eda, 7 d\u00edas a la semana para ayuda inmediata<\/strong><\/h3>\n<p>A diferencia de las alarmas de CO est\u00e1ndar, el detector de mon\u00f3xido de carbono i10 est\u00e1 <strong>conectado a una monitorizaci\u00f3n profesional en todo momento<\/strong>. Si se dispara la alarma, los operadores formados del centro de supervisi\u00f3n pueden ponerse en contacto con usted, avisar a sus familiares o enviar servicios de emergencia si es necesario. Esto proporciona una protecci\u00f3n vital para personas mayores, personas vulnerables o cualquier persona que viva sola.<\/p>\n<hr \/>\n<h3><strong>F\u00e1cil instalaci\u00f3n y bater\u00eda de larga duraci\u00f3n<\/strong><\/h3>\n<p>Dise\u00f1ado para una instalaci\u00f3n sin complicaciones, el detector de mon\u00f3xido de carbono cuenta con conectividad inal\u00e1mbrica con <strong>sin necesidad de cableado complicado<\/strong>. La bater\u00eda sellada de 10 a\u00f1os garantiza un funcionamiento fiable sin necesidad de cambiar las pilas, lo que le proporciona tranquilidad a largo plazo.<\/p>\n<hr \/>\n<h3><strong>Proteja su hogar de la intoxicaci\u00f3n por CO<\/strong><\/h3>\n<p>El <strong>detector de mon\u00f3xido de carbono i10<\/strong> ofrece una protecci\u00f3n inteligente, sencilla y eficaz contra uno de los riesgos m\u00e1s peligrosos del hogar. Con sus avanzadas funciones de monitorizaci\u00f3n y su dise\u00f1o f\u00e1cil de usar, le ayuda a usted y a su familia a mantenerse a salvo, d\u00eda y noche.<\/p>\n<hr \/>\n","protected":false},"excerpt":{"rendered":"<p>El mon\u00f3xido de carbono (CO) es un asesino silencioso: no se ve, no se huele, no se saborea, pero puede ser mortal en cuesti\u00f3n de minutos. Cada a\u00f1o, miles de personas son hospitalizadas por intoxicaci\u00f3n de CO, a menudo mientras duermen. A diferencia de los detectores b\u00e1sicos que s\u00f3lo hacen sonar una alarma, nuestro detector de CO i10 le avisa y pide ayuda a un centro de monitorizaci\u00f3n 24 horas al d\u00eda, 7 d\u00edas a la semana. Con una bater\u00eda de 10 a\u00f1os, conectividad inal\u00e1mbrica y supervisi\u00f3n profesional, es la forma m\u00e1s segura de proteger su hogar contra esta amenaza invisible.<\/p>\n","protected":false},"author":4,"featured_media":127,"template":"","meta":{"_acf_changed":false},"product_brand":[],"product_cat":[19],"product_tag":[],"class_list":{"0":"post-128","1":"product","2":"type-product","3":"status-publish","4":"has-post-thumbnail","6":"product_cat-accessories","8":"first","9":"instock","10":"shipping-taxable","11":"purchasable","12":"product-type-simple"},"acf":[],"_links":{"self":[{"href":"https:\/\/www.careium.com\/es\/wp-json\/wp\/v2\/product\/128","targetHints":{"allow":["GET"]}}],"collection":[{"href":"https:\/\/www.careium.com\/es\/wp-json\/wp\/v2\/product"}],"about":[{"href":"https:\/\/www.careium.com\/es\/wp-json\/wp\/v2\/types\/product"}],"author":[{"embeddable":true,"href":"https:\/\/www.careium.com\/es\/wp-json\/wp\/v2\/users\/4"}],"wp:featuredmedia":[{"embeddable":true,"href":"https:\/\/www.careium.com\/es\/wp-json\/wp\/v2\/media\/127"}],"wp:attachment":[{"href":"https:\/\/www.careium.com\/es\/wp-json\/wp\/v2\/media?parent=128"}],"wp:term":[{"taxonomy":"product_brand","embeddable":true,"href":"https:\/\/www.careium.com\/es\/wp-json\/wp\/v2\/product_brand?post=128"},{"taxonomy":"product_cat","embeddable":true,"href":"https:\/\/www.careium.com\/es\/wp-json\/wp\/v2\/product_cat?post=128"},{"taxonomy":"product_tag","embeddable":true,"href":"https:\/\/www.careium.com\/es\/wp-json\/wp\/v2\/product_tag?post=128"}],"curies":[{"name":"wp","href":"https:\/\/api.w.org\/{rel}","templated":true}]}}