{"id":131,"date":"2025-04-29T14:21:21","date_gmt":"2025-04-29T14:21:21","guid":{"rendered":"https:\/\/www.careium.com\/es\/?post_type=product&#038;p=131"},"modified":"2025-11-13T08:10:52","modified_gmt":"2025-11-13T08:10:52","slug":"detector-de-calor-i10-proteccion-contra-incendios-potente-e-instantanea","status":"publish","type":"product","link":"https:\/\/www.careium.com\/es\/soluciones-de-teleasistencia\/alarmas-personales-dispositivos-de-teleasistencia\/detector-de-calor-i10-proteccion-contra-incendios-potente-e-instantanea\/","title":{"rendered":"Detector de calor i10: protecci\u00f3n contra incendios potente e instant\u00e1nea"},"content":{"rendered":"<p>El <strong>detector de calor i10<\/strong> hace algo m\u00e1s que sonar una alarma: proporciona un sistema de alerta temprana cr\u00edtico que est\u00e1 directamente conectado a un <strong>centro de supervisi\u00f3n 24 horas al d\u00eda, 7 d\u00edas a la semana<\/strong>. A diferencia de las alarmas t\u00e9rmicas est\u00e1ndar, el <strong>Detector de Calor i10<\/strong> est\u00e1 totalmente integrado con su <strong>sistema de alarma personal<\/strong>, garantizando que el aumento de las temperaturas desencadena una acci\u00f3n inmediata, incluso si nadie puede pedir ayuda.<\/p>\n<p>Cuando los niveles de calor superan los l\u00edmites de seguridad, el sistema env\u00eda una alerta instant\u00e1nea a la central receptora. Operadores formados responden, eval\u00faan la situaci\u00f3n y env\u00edan ayuda de emergencia r\u00e1pidamente si es necesario. En una emergencia por incendio, cada segundo cuenta, y el Detector de Calor i10 ayuda a no perder esos valiosos momentos.<\/p>\n<p>Este enfoque inteligente y conectado proporciona seguridad fiable y tranquilidad, especialmente para <strong>personas vulnerables, personas mayores o cualquier persona en situaci\u00f3n de riesgo que no pueda dar la alarma por s\u00ed misma<\/strong>.<\/p>\n<hr \/>\n<h3><strong>C\u00f3mo funcionan los detectores de calor<\/strong><\/h3>\n<p>Los detectores de calor est\u00e1n dise\u00f1ados espec\u00edficamente para identificar aumentos peligrosos de temperatura &#8211; normalmente se activan a 57\u00b0C o m\u00e1s. Esto los hace ideales para \u00e1reas donde los detectores de humo podr\u00edan causar falsas alarmas, tales como:<\/p>\n<ul>\n<li><strong>Cocinas<\/strong> (vapor de cocina o humo de sartenes)<\/li>\n<li><strong>Garajes<\/strong> (humos o polvo de veh\u00edculos)<\/li>\n<li><strong>Cuartos de calderas o espacios de servicios p\u00fablicos<\/strong><\/li>\n<\/ul>\n<p>Mientras que los <strong>detectores de humo<\/strong> son esenciales en zonas de dormitorio y espacios habitables, los <strong>detectores de calor<\/strong> a\u00f1aden una protecci\u00f3n cr\u00edtica donde los sensores de humo por s\u00ed solos pueden no ser suficientes.<\/p>\n<hr \/>\n<h3><strong>Parte de un sistema completo de seguridad para el hogar<\/strong><\/h3>\n<p>Para obtener la mejor protecci\u00f3n contra los riesgos de incendio y mon\u00f3xido de carbono, combine el i10 con nuestro:<\/p>\n<ul>\n<li><strong><a href=\"https:\/\/www.careium.com\/es\/soluciones-de-teleasistencia\/alarmas-personales-dispositivos-de-teleasistencia\/detector-de-humo-i10-monitorizado-para-una-proteccion-24-7\/\">Detectores de humo i10<\/a><\/strong> &#8211; Ideales para dormitorios, pasillos y salas de estar<\/li>\n<li><a href=\"https:\/\/www.careium.com\/es\/soluciones-de-teleasistencia\/alarmas-personales-dispositivos-de-teleasistencia\/detector-de-monoxido-de-carbono-i10-proteccion-inteligente-contra-el-asesino-silencioso\/\"><strong>Detectores de mon\u00f3xido de carbono (CO) i10<\/strong><\/a> &#8211; Recomendados cerca de calderas, chimeneas o aparatos de gas<\/li>\n<\/ul>\n<p>Utilizando el tipo de detector adecuado en el lugar adecuado, creas una <strong>red de seguridad integral<\/strong> en toda la casa, reduciendo el riesgo de lesiones o da\u00f1os.<\/p>\n<hr \/>\n<h3><strong>Informaci\u00f3n importante sobre seguridad: d\u00f3nde instalar detectores de calor<\/strong><\/h3>\n<p>Las alarmas t\u00e9rmicas est\u00e1n dise\u00f1adas espec\u00edficamente para entornos de altas temperaturas y s\u00f3lo se activar\u00e1n cuando las temperaturas superen los 57 \u00b0C o m\u00e1s. Para dormitorios y zonas donde duermen personas, utilice siempre <strong>detectores de humo<\/strong> para una alerta temprana contra incendios.<\/p>\n<p>Ubicaci\u00f3n recomendada para los detectores de calor: <strong>Cocinas, <\/strong><strong>Garajes, <\/strong><strong>Habitaciones y <\/strong><strong>Cuartos de calderas.<\/strong><\/p>\n<hr \/>\n<h3><strong>\u00bfPor qu\u00e9 elegir el i10? <\/strong><\/h3>\n<ul>\n<li><strong>Alerta a un centro de supervisi\u00f3n 24\/7<\/strong> &#8211; Seguridad conectada que no depende de que el ocupante d\u00e9 la alarma<\/li>\n<li><strong>Integraci\u00f3n inteligente con sistemas de alarma personales<\/strong> &#8211; Se conecta sin problemas con sus otros dispositivos de seguridad<\/li>\n<li><strong>Ideal para zonas de alto riesgo<\/strong> &#8211; Reduce las falsas alarmas en cocinas y garajes a la vez que proporciona una detecci\u00f3n de incendios fiable<\/li>\n<li><strong>Respuesta r\u00e1pida cuando cada segundo cuenta<\/strong> &#8211; Acci\u00f3n inmediata, incluso cuando la persona en riesgo no puede responder<\/li>\n<li><strong>Activaci\u00f3n inmediata<\/strong>.<\/li>\n<li><strong>Apoya una soluci\u00f3n de seguridad dom\u00e9stica completa<\/strong> &#8211; Funciona junto con detectores de humo y alarmas de mon\u00f3xido de carbono para una cobertura completa<\/li>\n<\/ul>\n<hr \/>\n<h3><strong>Protege tu hogar con la detecci\u00f3n inteligente de calor<\/strong><\/h3>\n<p>Elija el <strong>detector de calor i10<\/strong> para una protecci\u00f3n contra incendios inteligente y fiable en las zonas m\u00e1s cr\u00edticas de su hogar. Cuando se combina con detectores de humo y CO, forma parte de un potente sistema de seguridad conectado dise\u00f1ado para darle confianza y tranquilidad, d\u00eda y noche.<\/p>\n<hr \/>\n","protected":false},"excerpt":{"rendered":"<p>Nuestro detector de calor i10 es la soluci\u00f3n perfecta para cocinas y zonas con mucho vapor, ya que est\u00e1 dise\u00f1ado para alertar \u00fanicamente cuando existe un peligro real por un aumento r\u00e1pido de la temperatura, no s\u00f3lo por tostadas quemadas o vapor. Perfecto para cualquier lugar donde los detectores de humo provoquen alertas molestas.<\/p>\n","protected":false},"author":5,"featured_media":130,"template":"","meta":{"_acf_changed":false},"product_brand":[],"product_cat":[19],"product_tag":[],"class_list":{"0":"post-131","1":"product","2":"type-product","3":"status-publish","4":"has-post-thumbnail","6":"product_cat-accessories","8":"first","9":"instock","10":"shipping-taxable","11":"purchasable","12":"product-type-simple"},"acf":[],"_links":{"self":[{"href":"https:\/\/www.careium.com\/es\/wp-json\/wp\/v2\/product\/131","targetHints":{"allow":["GET"]}}],"collection":[{"href":"https:\/\/www.careium.com\/es\/wp-json\/wp\/v2\/product"}],"about":[{"href":"https:\/\/www.careium.com\/es\/wp-json\/wp\/v2\/types\/product"}],"author":[{"embeddable":true,"href":"https:\/\/www.careium.com\/es\/wp-json\/wp\/v2\/users\/5"}],"wp:featuredmedia":[{"embeddable":true,"href":"https:\/\/www.careium.com\/es\/wp-json\/wp\/v2\/media\/130"}],"wp:attachment":[{"href":"https:\/\/www.careium.com\/es\/wp-json\/wp\/v2\/media?parent=131"}],"wp:term":[{"taxonomy":"product_brand","embeddable":true,"href":"https:\/\/www.careium.com\/es\/wp-json\/wp\/v2\/product_brand?post=131"},{"taxonomy":"product_cat","embeddable":true,"href":"https:\/\/www.careium.com\/es\/wp-json\/wp\/v2\/product_cat?post=131"},{"taxonomy":"product_tag","embeddable":true,"href":"https:\/\/www.careium.com\/es\/wp-json\/wp\/v2\/product_tag?post=131"}],"curies":[{"name":"wp","href":"https:\/\/api.w.org\/{rel}","templated":true}]}}