{"id":134,"date":"2025-04-29T14:34:07","date_gmt":"2025-04-29T14:34:07","guid":{"rendered":"https:\/\/www.careium.com\/es\/?post_type=product&#038;p=134"},"modified":"2026-03-06T14:06:25","modified_gmt":"2026-03-06T14:06:25","slug":"dispensador-de-medicacion-inteligente-para-recordatorios-fiables-y-tranquilidad-2","status":"publish","type":"product","link":"https:\/\/www.careium.com\/es\/soluciones-de-teleasistencia\/alarmas-personales-dispositivos-de-teleasistencia\/dispensador-de-medicacion-inteligente-para-recordatorios-fiables-y-tranquilidad-2\/","title":{"rendered":"Dispensador de medicaci\u00f3n inteligente para recordatorios fiables y tranquilidad"},"content":{"rendered":"<h3><strong>Dispensador de medicaci\u00f3n inteligente y autom\u00e1tico: gesti\u00f3n m\u00e1s segura de la medicaci\u00f3n con recordatorios y alertas<\/strong><\/h3>\n<p class=\"\" data-start=\"289\" data-end=\"720\">La gesti\u00f3n de la medicaci\u00f3n diaria puede ser un reto, especialmente para las personas que toman varias pastillas en diferentes momentos del d\u00eda. Olvidarse de tomar la medicaci\u00f3n, o tomar la dosis equivocada, puede conllevar graves riesgos para la salud, como ingresos hospitalarios y el empeoramiento de enfermedades cr\u00f3nicas. Una soluci\u00f3n fiable como un pastillero <strong>ayuda a reducir estos riesgos y proporciona tranquilidad<\/strong> tanto a los usuarios como a los cuidadores.<\/p>\n<p>Este producto est\u00e1 dise\u00f1ado para que las rutinas de medicaci\u00f3n sean sencillas, seguras y sin estr\u00e9s. El dispensador es f\u00e1cil de llenar con comprimidos y tiene compartimentos transparentes para cada dosis. Gracias a la pantalla LCD de f\u00e1cil manejo, podr\u00e1 programar f\u00e1cilmente las horas exactas en las que debe tomarse cada dosis. El pastillero tiene capacidad para hasta 28 dosis, por lo que es adecuado para la medicaci\u00f3n diaria, dos veces al d\u00eda o semanal.<\/p>\n<p class=\"\" data-start=\"1135\" data-end=\"1572\">Cuando llega la hora de tomar la medicaci\u00f3n, el <strong>pastillero avisa al usuario con una alarma sonora y una luz intermitente<\/strong>. La notificaci\u00f3n clara facilita recordarlo y reduce el riesgo de omitir dosis, lo que resulta especialmente \u00fatil para personas con p\u00e9rdida de memoria, demencia o dificultades cognitivas. Las pastillas s\u00f3lo son accesibles a la hora programada, lo que tambi\u00e9n ayuda a evitar la doble dosificaci\u00f3n o la confusi\u00f3n sobre si se ha tomado la medicaci\u00f3n.<\/p>\n<p class=\"\" data-start=\"1574\" data-end=\"1895\">Para mayor seguridad, este pastillero puede conectarse a un sistema de alarma personal. Si se olvida una dosis, el dispensador env\u00eda autom\u00e1ticamente una alerta a un centro de control que funciona las 24 horas del d\u00eda, los 7 d\u00edas de la semana. De este modo, se garantiza la r\u00e1pida disponibilidad de ayuda en caso de que algo vaya mal, lo que proporciona una mayor tranquilidad tanto al usuario como a sus seres queridos.<\/p>\n<p class=\"\" data-start=\"1897\" data-end=\"2080\">El pastillero autom\u00e1tico es port\u00e1til y funciona con pilas, lo que permite una colocaci\u00f3n flexible en el hogar. Dispone de una tapa con cerradura para evitar manipulaciones y mantener la medicaci\u00f3n segura.<\/p>\n<p class=\"\" data-start=\"2082\" data-end=\"2417\">Por su seguridad y precisi\u00f3n, este pastillero ayuda a fomentar la independencia y a reducir la ansiedad relacionada con la medicaci\u00f3n. Es ideal para las personas mayores que viven solas, para los familiares que quieren apoyar a un ser querido, o para los cuidadores profesionales que buscan una ayuda fiable para la medicaci\u00f3n.<\/p>\n<p class=\"\" data-start=\"2419\" data-end=\"2561\">Elija una forma m\u00e1s inteligente de llevar el control de la medicaci\u00f3n y disfrute de la tranquilidad de saber que su salud, o la de sus seres queridos, est\u00e1 en buenas manos.<\/p>\n<p>&nbsp;<\/p>\n","protected":false},"excerpt":{"rendered":"<p><strong>Dispensador de medicaci\u00f3n inteligente<\/strong>: nuestro pastillero autom\u00e1tico elimina el estr\u00e9s de la gesti\u00f3n diaria de la medicaci\u00f3n, garantizando siempre la dosis correcta en el momento adecuado. Perfecto para las personas mayores, las personas con problemas de memoria o las que gestionan recetas complejas, este dispositivo elimina los riesgos de omitir dosis o tomar dosis incorrectas.<\/p>\n","protected":false},"author":5,"featured_media":33,"template":"","meta":{"_acf_changed":false},"product_brand":[],"product_cat":[19],"product_tag":[],"class_list":{"0":"post-134","1":"product","2":"type-product","3":"status-publish","4":"has-post-thumbnail","6":"product_cat-accessories","8":"first","9":"instock","10":"shipping-taxable","11":"purchasable","12":"product-type-simple"},"acf":[],"_links":{"self":[{"href":"https:\/\/www.careium.com\/es\/wp-json\/wp\/v2\/product\/134","targetHints":{"allow":["GET"]}}],"collection":[{"href":"https:\/\/www.careium.com\/es\/wp-json\/wp\/v2\/product"}],"about":[{"href":"https:\/\/www.careium.com\/es\/wp-json\/wp\/v2\/types\/product"}],"author":[{"embeddable":true,"href":"https:\/\/www.careium.com\/es\/wp-json\/wp\/v2\/users\/5"}],"wp:featuredmedia":[{"embeddable":true,"href":"https:\/\/www.careium.com\/es\/wp-json\/wp\/v2\/media\/33"}],"wp:attachment":[{"href":"https:\/\/www.careium.com\/es\/wp-json\/wp\/v2\/media?parent=134"}],"wp:term":[{"taxonomy":"product_brand","embeddable":true,"href":"https:\/\/www.careium.com\/es\/wp-json\/wp\/v2\/product_brand?post=134"},{"taxonomy":"product_cat","embeddable":true,"href":"https:\/\/www.careium.com\/es\/wp-json\/wp\/v2\/product_cat?post=134"},{"taxonomy":"product_tag","embeddable":true,"href":"https:\/\/www.careium.com\/es\/wp-json\/wp\/v2\/product_tag?post=134"}],"curies":[{"name":"wp","href":"https:\/\/api.w.org\/{rel}","templated":true}]}}