{"id":1648,"date":"2025-05-20T15:03:37","date_gmt":"2025-05-20T15:03:37","guid":{"rendered":"https:\/\/www.careium.com\/es\/?post_type=product&#038;p=1648"},"modified":"2025-09-24T11:33:00","modified_gmt":"2025-09-24T11:33:00","slug":"sensor-de-epilepsia","status":"publish","type":"product","link":"https:\/\/www.careium.com\/es\/soluciones-de-teleasistencia\/alarmas-personales-dispositivos-de-teleasistencia\/sensor-de-epilepsia\/","title":{"rendered":"Sensor de epilepsia"},"content":{"rendered":"<h2>\u00bfC\u00f3mo funciona?<\/h2>\n<p>El sensor de epilepsia Companion Mini permite detectar las crisis tonicocl\u00f3nicas en el momento en que se producen para, de este modo, permitir a los cuidadores responder r\u00e1pidamente si es necesario y no perturbar el sue\u00f1o del usuario si no lo es. Es adecuado para la mayor\u00eda de los tipos de camas, incluidas las ajustables y las de c\u00e1mara de aire. El sensor de epilepsia es adecuado para su uso tanto con ni\u00f1os como con adultos.<\/p>\n<p>Companion Mini es f\u00e1cil de instalar mediante tecnolog\u00eda inal\u00e1mbrica y cuenta con certificaci\u00f3n de dispositivos m\u00e9dicos de clase 1. El dispositivo funciona en la frecuencia de teleasistencia europea de 869 MHz, ha sido probado y cumple con todas las normas relevantes de la UE, incluidas las de la CE.<\/p>\n<h2>\u00bfQu\u00e9 problema resuelve?<\/h2>\n<p>M\u00e1s de 600.000 personas sufren epilepsia en el Reino Unido. En muchos casos, el cuidador debe revisar el estado de la persona con epilepsia varias veces durante la noche, lo que supone una gran carga de trabajo para los cuidadores remunerados e interrupciones en el sue\u00f1o de los cuidadores no profesionales. Esto tambi\u00e9n puede ser algo intrusivo e indigno para la persona afectada.<\/p>\n<p>Con m\u00e1s de 10.000 sensores vendidos y 25 a\u00f1os de desarrollo constante de su dise\u00f1o, Alert-it Companion es un dispositivo probado y eficaz. Concebido con la facilidad de uso en mente, su instalaci\u00f3n es sencilla y se ajusta f\u00e1cilmente a las necesidades de cada individuo. El dispositivo es adecuado tanto para su uso dom\u00e9stico como profesional.<\/p>\n","protected":false},"excerpt":{"rendered":"<p>Companion Mini es una unidad peque\u00f1a, inteligente y sensible que puede distinguir el movimiento inducido por las crisis y la actividad normal del sue\u00f1o de una persona, lo que contribuye a su tranquilidad. Apto para uso dom\u00e9stico y para adultos y ni\u00f1os. El Companion Mini se coloca debajo del colch\u00f3n y, cuando se detecta una crisis, se activa una llamada al centro de control a trav\u00e9s del dispositivo de teleasistencia Careium.<\/p>\n","protected":false},"author":5,"featured_media":1647,"template":"","meta":{"_acf_changed":false},"product_brand":[],"product_cat":[19],"product_tag":[],"class_list":{"0":"post-1648","1":"product","2":"type-product","3":"status-publish","4":"has-post-thumbnail","6":"product_cat-accessories","8":"first","9":"instock","10":"shipping-taxable","11":"purchasable","12":"product-type-simple"},"acf":[],"_links":{"self":[{"href":"https:\/\/www.careium.com\/es\/wp-json\/wp\/v2\/product\/1648","targetHints":{"allow":["GET"]}}],"collection":[{"href":"https:\/\/www.careium.com\/es\/wp-json\/wp\/v2\/product"}],"about":[{"href":"https:\/\/www.careium.com\/es\/wp-json\/wp\/v2\/types\/product"}],"author":[{"embeddable":true,"href":"https:\/\/www.careium.com\/es\/wp-json\/wp\/v2\/users\/5"}],"wp:featuredmedia":[{"embeddable":true,"href":"https:\/\/www.careium.com\/es\/wp-json\/wp\/v2\/media\/1647"}],"wp:attachment":[{"href":"https:\/\/www.careium.com\/es\/wp-json\/wp\/v2\/media?parent=1648"}],"wp:term":[{"taxonomy":"product_brand","embeddable":true,"href":"https:\/\/www.careium.com\/es\/wp-json\/wp\/v2\/product_brand?post=1648"},{"taxonomy":"product_cat","embeddable":true,"href":"https:\/\/www.careium.com\/es\/wp-json\/wp\/v2\/product_cat?post=1648"},{"taxonomy":"product_tag","embeddable":true,"href":"https:\/\/www.careium.com\/es\/wp-json\/wp\/v2\/product_tag?post=1648"}],"curies":[{"name":"wp","href":"https:\/\/api.w.org\/{rel}","templated":true}]}}