{"id":242,"date":"2025-05-02T11:29:07","date_gmt":"2025-05-02T11:29:07","guid":{"rendered":"https:\/\/www.careium.com\/es\/?post_type=product&#038;p=242"},"modified":"2025-09-24T11:35:33","modified_gmt":"2025-09-24T11:35:33","slug":"alarma-por-voz","status":"publish","type":"product","link":"https:\/\/www.careium.com\/es\/soluciones-de-teleasistencia\/alarmas-personales-dispositivos-de-teleasistencia\/alarma-por-voz\/","title":{"rendered":"Alarma por voz"},"content":{"rendered":"","protected":false},"excerpt":{"rendered":"<p>La alarma por voz es un sensor que responde a los sonidos involuntarios, como los de una crisis epil\u00e9ptica, o a los sonidos conscientes, como los de una llamada para pedir ayuda. El sensor se coloca cerca del usuario y su sensibilidad se ajusta de forma que la alarma solo se active con los sonidos del usuario. Puede conectarse un micr\u00f3fono por separado para aislar mejor el sonido ambiente (cancelaci\u00f3n de ruido) y conseguir una sensibilidad a\u00fan mayor. Las alarmas se transmiten de forma inal\u00e1mbrica a un dispositivo de teleasistencia de Careium y se reenv\u00edan al centro de recepci\u00f3n de alarmas.<\/p>\n","protected":false},"author":1,"featured_media":1412,"template":"","meta":{"_acf_changed":false},"product_brand":[],"product_cat":[19],"product_tag":[],"class_list":{"0":"post-242","1":"product","2":"type-product","3":"status-publish","4":"has-post-thumbnail","6":"product_cat-accessories","8":"first","9":"instock","10":"shipping-taxable","11":"purchasable","12":"product-type-simple"},"acf":[],"_links":{"self":[{"href":"https:\/\/www.careium.com\/es\/wp-json\/wp\/v2\/product\/242","targetHints":{"allow":["GET"]}}],"collection":[{"href":"https:\/\/www.careium.com\/es\/wp-json\/wp\/v2\/product"}],"about":[{"href":"https:\/\/www.careium.com\/es\/wp-json\/wp\/v2\/types\/product"}],"author":[{"embeddable":true,"href":"https:\/\/www.careium.com\/es\/wp-json\/wp\/v2\/users\/1"}],"wp:featuredmedia":[{"embeddable":true,"href":"https:\/\/www.careium.com\/es\/wp-json\/wp\/v2\/media\/1412"}],"wp:attachment":[{"href":"https:\/\/www.careium.com\/es\/wp-json\/wp\/v2\/media?parent=242"}],"wp:term":[{"taxonomy":"product_brand","embeddable":true,"href":"https:\/\/www.careium.com\/es\/wp-json\/wp\/v2\/product_brand?post=242"},{"taxonomy":"product_cat","embeddable":true,"href":"https:\/\/www.careium.com\/es\/wp-json\/wp\/v2\/product_cat?post=242"},{"taxonomy":"product_tag","embeddable":true,"href":"https:\/\/www.careium.com\/es\/wp-json\/wp\/v2\/product_tag?post=242"}],"curies":[{"name":"wp","href":"https:\/\/api.w.org\/{rel}","templated":true}]}}