{"id":245,"date":"2025-05-02T11:35:00","date_gmt":"2025-05-02T11:35:00","guid":{"rendered":"https:\/\/www.careium.com\/es\/?post_type=product&#038;p=245"},"modified":"2025-11-04T13:01:31","modified_gmt":"2025-11-04T13:01:31","slug":"boton-de-alarma-fijo-enzo","status":"publish","type":"product","link":"https:\/\/www.careium.com\/es\/soluciones-de-teleasistencia\/alarmas-personales-dispositivos-de-teleasistencia\/boton-de-alarma-fijo-enzo\/","title":{"rendered":"Enzo, montaje mural"},"content":{"rendered":"<h2>\u00bfC\u00f3mo funciona?<\/h2>\n<p>Enzo ofrece una comunicaci\u00f3n de datos bidireccional para una mayor tranquilidad de los usuarios al confirmar que la alarma se ha recibido correctamente. Cuando se activa una alarma, el LED del pulsador de radio se enciende. El montaje mural permite utilizar el Enzo en el dormitorio, el ba\u00f1o o la ducha sin que el usuario tenga que llevar f\u00edsicamente el dispositivo. El montaje mural ofrece una instalaci\u00f3n sencilla con la cinta adhesiva de doble cara y de uso intensivo que se suministra con Enzo.<\/p>\n<h2>\u00bfQu\u00e9 problema soluciona?<\/h2>\n<p>Muchas personas mayores que llevan un activador de alarmas en la mu\u00f1eca o en el cuello suelen quit\u00e1rselo para ducharse o acostarse. Los pulsadores de montaje mural Enzo son f\u00e1ciles de montar dentro de la ducha y junto a la cama para garantizar que el dispositivo est\u00e9 siempre a mano.<\/p>\n","protected":false},"excerpt":{"rendered":"<p>Enzo es un pulsador de montaje mural e inal\u00e1mbrico, un modo sencillo de ofrecer m\u00e1s tranquilidad todav\u00eda. Siempre est\u00e1 ah\u00ed, en la misma posici\u00f3n, por lo que resulta f\u00e1cil de encontrar. Coloque uno junto a la cama o en el ba\u00f1o: una soluci\u00f3n ideal para usuarios que suelen quitarse los pulsadores de mu\u00f1eca o de cuello para acostarse o ducharse. El pulsador Enzo de montaje mural requiere la adquisici\u00f3n de dos art\u00edculos, el Pulsador Enzo y el Clip de Montaje Mural para Enzo.<\/p>\n","protected":false},"author":1,"featured_media":117,"template":"","meta":{"_acf_changed":false},"product_brand":[],"product_cat":[19],"product_tag":[],"class_list":{"0":"post-245","1":"product","2":"type-product","3":"status-publish","4":"has-post-thumbnail","6":"product_cat-accessories","8":"first","9":"instock","10":"shipping-taxable","11":"purchasable","12":"product-type-simple"},"acf":[],"_links":{"self":[{"href":"https:\/\/www.careium.com\/es\/wp-json\/wp\/v2\/product\/245","targetHints":{"allow":["GET"]}}],"collection":[{"href":"https:\/\/www.careium.com\/es\/wp-json\/wp\/v2\/product"}],"about":[{"href":"https:\/\/www.careium.com\/es\/wp-json\/wp\/v2\/types\/product"}],"author":[{"embeddable":true,"href":"https:\/\/www.careium.com\/es\/wp-json\/wp\/v2\/users\/1"}],"wp:featuredmedia":[{"embeddable":true,"href":"https:\/\/www.careium.com\/es\/wp-json\/wp\/v2\/media\/117"}],"wp:attachment":[{"href":"https:\/\/www.careium.com\/es\/wp-json\/wp\/v2\/media?parent=245"}],"wp:term":[{"taxonomy":"product_brand","embeddable":true,"href":"https:\/\/www.careium.com\/es\/wp-json\/wp\/v2\/product_brand?post=245"},{"taxonomy":"product_cat","embeddable":true,"href":"https:\/\/www.careium.com\/es\/wp-json\/wp\/v2\/product_cat?post=245"},{"taxonomy":"product_tag","embeddable":true,"href":"https:\/\/www.careium.com\/es\/wp-json\/wp\/v2\/product_tag?post=245"}],"curies":[{"name":"wp","href":"https:\/\/api.w.org\/{rel}","templated":true}]}}