{"id":248,"date":"2025-05-02T11:46:08","date_gmt":"2025-05-02T11:46:08","guid":{"rendered":"https:\/\/www.careium.com\/es\/?post_type=product&#038;p=248"},"modified":"2025-11-04T13:01:03","modified_gmt":"2025-11-04T13:01:03","slug":"detector-de-inundacion","status":"publish","type":"product","link":"https:\/\/www.careium.com\/es\/soluciones-de-teleasistencia\/alarmas-personales-dispositivos-de-teleasistencia\/detector-de-inundacion\/","title":{"rendered":"Detector de Inundaci\u00f3n"},"content":{"rendered":"","protected":false},"excerpt":{"rendered":"<p>El detector de inundaciones env\u00eda una advertencia temprana de posibles inundaciones para evitar las consecuencias de los da\u00f1os a bienes y enseres personales. El detector de inundaciones se coloca en el suelo del ba\u00f1o o la cocina y detecta el exceso de agua provocado por un rebosamiento. Al detectarse el agua, se env\u00eda una alerta al centro de recepci\u00f3n de alarmas a trav\u00e9s de la unidad de teleasistencia. Esto ofrece tranquilidad a las personas que tienen el h\u00e1bito de dejarse el grifo abierto, algo que puede provocar situaciones peligrosas y da\u00f1os considerables que generan costes innecesarios y molestias.<\/p>\n","protected":false},"author":1,"featured_media":1307,"template":"","meta":{"_acf_changed":false},"product_brand":[],"product_cat":[19],"product_tag":[],"class_list":{"0":"post-248","1":"product","2":"type-product","3":"status-publish","4":"has-post-thumbnail","6":"product_cat-accessories","8":"first","9":"instock","10":"shipping-taxable","11":"purchasable","12":"product-type-simple"},"acf":[],"_links":{"self":[{"href":"https:\/\/www.careium.com\/es\/wp-json\/wp\/v2\/product\/248","targetHints":{"allow":["GET"]}}],"collection":[{"href":"https:\/\/www.careium.com\/es\/wp-json\/wp\/v2\/product"}],"about":[{"href":"https:\/\/www.careium.com\/es\/wp-json\/wp\/v2\/types\/product"}],"author":[{"embeddable":true,"href":"https:\/\/www.careium.com\/es\/wp-json\/wp\/v2\/users\/1"}],"wp:featuredmedia":[{"embeddable":true,"href":"https:\/\/www.careium.com\/es\/wp-json\/wp\/v2\/media\/1307"}],"wp:attachment":[{"href":"https:\/\/www.careium.com\/es\/wp-json\/wp\/v2\/media?parent=248"}],"wp:term":[{"taxonomy":"product_brand","embeddable":true,"href":"https:\/\/www.careium.com\/es\/wp-json\/wp\/v2\/product_brand?post=248"},{"taxonomy":"product_cat","embeddable":true,"href":"https:\/\/www.careium.com\/es\/wp-json\/wp\/v2\/product_cat?post=248"},{"taxonomy":"product_tag","embeddable":true,"href":"https:\/\/www.careium.com\/es\/wp-json\/wp\/v2\/product_tag?post=248"}],"curies":[{"name":"wp","href":"https:\/\/api.w.org\/{rel}","templated":true}]}}