{"id":249,"date":"2025-05-02T12:05:24","date_gmt":"2025-05-02T12:05:24","guid":{"rendered":"https:\/\/www.careium.com\/es\/?post_type=product&#038;p=249"},"modified":"2026-03-05T15:56:14","modified_gmt":"2026-03-05T15:56:14","slug":"sensor-de-temperatura-extrema","status":"publish","type":"product","link":"https:\/\/www.careium.com\/es\/soluciones-de-teleasistencia\/alarmas-personales-dispositivos-de-teleasistencia\/sensor-de-temperatura-extrema\/","title":{"rendered":"Sensor de Temperatura Extrema"},"content":{"rendered":"<p>Su bater\u00eda dura hasta 5 a\u00f1os y, si la bater\u00eda est\u00e1 baja, se enviar\u00e1 una alerta al centro de monitoreo. Las bater\u00edas son f\u00e1ciles de reemplazar. El sensor de temperatura extrema opera en la frecuencia de alarma social europea de 869 MHz y est\u00e1 probado y cumple con todas las normas pertinentes, incluidas las CE y EN 50134.<\/p>\n","protected":false},"excerpt":{"rendered":"<p>El sensor de temperatura extrema es una soluci\u00f3n \u00fanica para la supervisi\u00f3n remota de temperaturas ambientes perjudiciales. Est\u00e1 dise\u00f1ado para detectar tres situaciones de temperatura: alta, baja y aumento r\u00e1pido, y detecta si la temperatura interior es demasiado alta (35\u00a0\u00b0C) o demasiado baja (12\u00a0\u00b0C), por ejemplo, debido a un fallo en la caldera, a condiciones clim\u00e1ticas extremas o a una puerta abierta. El sensor ofrece alertas avanzadas sobre temperaturas extremas en la vivienda que puedan provocar unas condiciones de vida perjudiciales para la salud, y env\u00eda una alerta autom\u00e1tica al centro de recepci\u00f3n de alarmas a trav\u00e9s del sistema de teleasistencia.<\/p>\n","protected":false},"author":1,"featured_media":1303,"template":"","meta":{"_acf_changed":false},"product_brand":[],"product_cat":[19],"product_tag":[],"class_list":{"0":"post-249","1":"product","2":"type-product","3":"status-publish","4":"has-post-thumbnail","6":"product_cat-accessories","8":"first","9":"instock","10":"shipping-taxable","11":"purchasable","12":"product-type-simple"},"acf":[],"_links":{"self":[{"href":"https:\/\/www.careium.com\/es\/wp-json\/wp\/v2\/product\/249","targetHints":{"allow":["GET"]}}],"collection":[{"href":"https:\/\/www.careium.com\/es\/wp-json\/wp\/v2\/product"}],"about":[{"href":"https:\/\/www.careium.com\/es\/wp-json\/wp\/v2\/types\/product"}],"author":[{"embeddable":true,"href":"https:\/\/www.careium.com\/es\/wp-json\/wp\/v2\/users\/1"}],"wp:featuredmedia":[{"embeddable":true,"href":"https:\/\/www.careium.com\/es\/wp-json\/wp\/v2\/media\/1303"}],"wp:attachment":[{"href":"https:\/\/www.careium.com\/es\/wp-json\/wp\/v2\/media?parent=249"}],"wp:term":[{"taxonomy":"product_brand","embeddable":true,"href":"https:\/\/www.careium.com\/es\/wp-json\/wp\/v2\/product_brand?post=249"},{"taxonomy":"product_cat","embeddable":true,"href":"https:\/\/www.careium.com\/es\/wp-json\/wp\/v2\/product_cat?post=249"},{"taxonomy":"product_tag","embeddable":true,"href":"https:\/\/www.careium.com\/es\/wp-json\/wp\/v2\/product_tag?post=249"}],"curies":[{"name":"wp","href":"https:\/\/api.w.org\/{rel}","templated":true}]}}