{"id":254,"date":"2025-05-02T12:15:01","date_gmt":"2025-05-02T12:15:01","guid":{"rendered":"https:\/\/www.careium.com\/es\/?post_type=product&#038;p=254"},"modified":"2026-01-27T14:33:13","modified_gmt":"2026-01-27T14:33:13","slug":"mbox-9200","status":"publish","type":"product","link":"https:\/\/www.careium.com\/es\/soluciones-de-teleasistencia\/alarmas-personales-dispositivos-de-teleasistencia\/mbox-9200\/","title":{"rendered":"mBox 9200"},"content":{"rendered":"<h2>\u00bfC\u00f3mo funciona?<\/h2>\n<p>La alarma de puerta mBox 9200 es muy f\u00e1cil de instalar y totalmente inal\u00e1mbrica. Se acopla un peque\u00f1o im\u00e1n a la puerta y el transmisor se fija en el marco de la puerta. La alarma de puerta alerta al centro de recepci\u00f3n de alarmas si una persona abandona la casa. Un bot\u00f3n de anulaci\u00f3n permite a los visitantes entrar y salir sin activar la alarma, y tiene tambi\u00e9n un interruptor de encendido\/apagado. Tambi\u00e9n funciona como receptor y transmisor de radio. Se puede utilizar un extensor de alcance mBox entre el sistema de teleasistencia Careium y un sensor de teleasistencia inal\u00e1mbrico para aumentar el alcance efectivo del sensor.<\/p>\n<h2>\u00bfQu\u00e9 problema soluciona?<\/h2>\n<p>La alarma de puerta mBox 9200 ofrece muchas ventajas, principalmente, la de ayudar a las personas con demencia a vivir de forma independiente y segura en la comunidad. Permite tomar las medidas adecuadas lo antes posible para garantizar que el usuario regresa a un entorno seguro, y puede ayudar a aliviar el estr\u00e9s emocional y f\u00edsico de cuidar de las personas que no pueden salir de casa y volver por s\u00ed solas.<\/p>\n","protected":false},"excerpt":{"rendered":"<p>El mBox 9200 se puede utilizar como unidad de control de cama, radiotransmisor, extensor de alcance de radio o alarma de puerta. Al activarse, se env\u00eda una alerta al centro de recepci\u00f3n de alarmas a trav\u00e9s de la unidad de teleasistencia. Funcionalidad sencilla para configurar distintos tiempos de retardo antes de enviar una alarma. Los par\u00e1metros de tiempo tambi\u00e9n se pueden programar en la unidad de teleasistencia para que el dispositivo solo funcione durante determinadas horas del d\u00eda.<\/p>\n","protected":false},"author":1,"featured_media":1345,"template":"","meta":{"_acf_changed":false},"product_brand":[],"product_cat":[19],"product_tag":[],"class_list":{"0":"post-254","1":"product","2":"type-product","3":"status-publish","4":"has-post-thumbnail","6":"product_cat-accessories","8":"first","9":"instock","10":"shipping-taxable","11":"purchasable","12":"product-type-simple"},"acf":[],"_links":{"self":[{"href":"https:\/\/www.careium.com\/es\/wp-json\/wp\/v2\/product\/254","targetHints":{"allow":["GET"]}}],"collection":[{"href":"https:\/\/www.careium.com\/es\/wp-json\/wp\/v2\/product"}],"about":[{"href":"https:\/\/www.careium.com\/es\/wp-json\/wp\/v2\/types\/product"}],"author":[{"embeddable":true,"href":"https:\/\/www.careium.com\/es\/wp-json\/wp\/v2\/users\/1"}],"wp:featuredmedia":[{"embeddable":true,"href":"https:\/\/www.careium.com\/es\/wp-json\/wp\/v2\/media\/1345"}],"wp:attachment":[{"href":"https:\/\/www.careium.com\/es\/wp-json\/wp\/v2\/media?parent=254"}],"wp:term":[{"taxonomy":"product_brand","embeddable":true,"href":"https:\/\/www.careium.com\/es\/wp-json\/wp\/v2\/product_brand?post=254"},{"taxonomy":"product_cat","embeddable":true,"href":"https:\/\/www.careium.com\/es\/wp-json\/wp\/v2\/product_cat?post=254"},{"taxonomy":"product_tag","embeddable":true,"href":"https:\/\/www.careium.com\/es\/wp-json\/wp\/v2\/product_tag?post=254"}],"curies":[{"name":"wp","href":"https:\/\/api.w.org\/{rel}","templated":true}]}}