{"id":294,"date":"2025-05-04T10:26:16","date_gmt":"2025-05-04T10:26:16","guid":{"rendered":"https:\/\/www.careium.com\/es\/?post_type=product&#038;p=294"},"modified":"2026-03-05T15:04:20","modified_gmt":"2026-03-05T15:04:20","slug":"motion-9200","status":"publish","type":"product","link":"https:\/\/www.careium.com\/es\/soluciones-de-teleasistencia\/alarmas-personales-dispositivos-de-teleasistencia\/motion-9200\/","title":{"rendered":"Motion 9200"},"content":{"rendered":"<p>El sensor de movimiento es un sensor de movimiento inal\u00e1mbrico que puede utilizarse en diferentes situaciones donde se requiere monitorizar el movimiento. Por ejemplo, puede utilizarse como:<\/p>\n<ul>\n<li>Monitor de cama, colocado en el suelo, al borde de la cama.<br \/>\nMonitor de movimiento, para enviar informaci\u00f3n cuando una persona ha estado activa, por ejemplo, si no ha ido a la cocina durante 24 horas.<\/li>\n<\/ul>\n<p>El dispositivo funciona en la frecuencia de alarma social europea de 869 MHz y est\u00e1 probado y cumple con todas las normas pertinentes, incluida la CE.<\/p>\n","protected":false},"excerpt":{"rendered":"<p>Motion es un detector de movimiento que funciona con pilas y que ofrece un dise\u00f1o intuitivo, adem\u00e1s de una instalaci\u00f3n sencilla para colocarlo f\u00e1cilmente donde sea necesario. Su sensor PIR integrado se puede utilizar para detectar tanto actividad como inactividad. Un reloj interno permite controlar el sensor, por ejemplo, para que se env\u00ede una alarma si no se detecta ning\u00fan movimiento en un n\u00famero determinado de horas. O activar el sensor solo durante la noche. Se coloca en el suelo como monitor de cama. Su soporte plegable se puede instalar en diferentes posiciones, lo que permite su montaje tanto en el suelo como en una pared.<\/p>\n","protected":false},"author":1,"featured_media":1355,"template":"","meta":{"_acf_changed":false},"product_brand":[],"product_cat":[19],"product_tag":[],"class_list":{"0":"post-294","1":"product","2":"type-product","3":"status-publish","4":"has-post-thumbnail","6":"product_cat-accessories","8":"first","9":"instock","10":"shipping-taxable","11":"purchasable","12":"product-type-simple"},"acf":[],"_links":{"self":[{"href":"https:\/\/www.careium.com\/es\/wp-json\/wp\/v2\/product\/294","targetHints":{"allow":["GET"]}}],"collection":[{"href":"https:\/\/www.careium.com\/es\/wp-json\/wp\/v2\/product"}],"about":[{"href":"https:\/\/www.careium.com\/es\/wp-json\/wp\/v2\/types\/product"}],"author":[{"embeddable":true,"href":"https:\/\/www.careium.com\/es\/wp-json\/wp\/v2\/users\/1"}],"wp:featuredmedia":[{"embeddable":true,"href":"https:\/\/www.careium.com\/es\/wp-json\/wp\/v2\/media\/1355"}],"wp:attachment":[{"href":"https:\/\/www.careium.com\/es\/wp-json\/wp\/v2\/media?parent=294"}],"wp:term":[{"taxonomy":"product_brand","embeddable":true,"href":"https:\/\/www.careium.com\/es\/wp-json\/wp\/v2\/product_brand?post=294"},{"taxonomy":"product_cat","embeddable":true,"href":"https:\/\/www.careium.com\/es\/wp-json\/wp\/v2\/product_cat?post=294"},{"taxonomy":"product_tag","embeddable":true,"href":"https:\/\/www.careium.com\/es\/wp-json\/wp\/v2\/product_tag?post=294"}],"curies":[{"name":"wp","href":"https:\/\/api.w.org\/{rel}","templated":true}]}}