{"id":296,"date":"2025-05-04T10:34:49","date_gmt":"2025-05-04T10:34:49","guid":{"rendered":"https:\/\/www.careium.com\/es\/?post_type=product&#038;p=296"},"modified":"2025-11-04T13:00:35","modified_gmt":"2025-11-04T13:00:35","slug":"enzo-montaje-mural","status":"publish","type":"product","link":"https:\/\/www.careium.com\/es\/soluciones-de-teleasistencia\/alarmas-personales-dispositivos-de-teleasistencia\/enzo-montaje-mural\/","title":{"rendered":"Enzo, Montaje en Puerta"},"content":{"rendered":"<h2>\u00bfC\u00f3mo funciona?<\/h2>\n<p>Si se siente insegura cuando alguien llama a la puerta, la persona mayor puede pulsar de forma f\u00e1cil y discreta el bot\u00f3n de p\u00e1nico antes de abrir. El dispositivo establece una conexi\u00f3n con el centro de recepci\u00f3n de alarmas para que el operario pueda escuchar si la visita tiene buenas intenciones o no y tomar las medidas necesarias.<\/p>\n<h2>\u00bfQu\u00e9 problema soluciona?<\/h2>\n<p>Las personas vulnerables suelen ser el objetivo de visitantes no deseados como vendedores, comerciantes, etc. Esto puede hacer que se sientan intimidadas, desconfiadas o inc\u00f3modas. El bot\u00f3n de p\u00e1nico Enzo ofrece una mayor tranquilidad en casos como estos y facilita que las personas mayores vivan de manera independiente en su hogar sabiendo que la ayuda est\u00e1 disponible con solo pulsar un bot\u00f3n.<\/p>\n","protected":false},"excerpt":{"rendered":"<p>La mayor\u00eda de las personas que visitan a las personas mayores tienen buenas intenciones. Lamentablemente, en ocasiones, los estafadores se las arreglan para entrar en la casa de una persona mayor. Unas visitas indeseables que preocupan a mucha gente. El bot\u00f3n de p\u00e1nico Enzo, que se instala en la puerta o junto a esta, ofrece tranquilidad adicional a todas las personas preocupadas por los riesgos potenciales de los visitantes no deseados. Este bot\u00f3n de p\u00e1nico de emergencia inal\u00e1mbrico permite a la persona mayor activar una llamada de alarma de forma sencilla y discreta al centro de recepci\u00f3n de alarmas (ARC) si se siente inc\u00f3moda o amenazada por alguien en su puerta.<\/p>\n","protected":false},"author":1,"featured_media":117,"template":"","meta":{"_acf_changed":false},"product_brand":[],"product_cat":[19],"product_tag":[],"class_list":{"0":"post-296","1":"product","2":"type-product","3":"status-publish","4":"has-post-thumbnail","6":"product_cat-accessories","8":"first","9":"instock","10":"shipping-taxable","11":"purchasable","12":"product-type-simple"},"acf":[],"_links":{"self":[{"href":"https:\/\/www.careium.com\/es\/wp-json\/wp\/v2\/product\/296","targetHints":{"allow":["GET"]}}],"collection":[{"href":"https:\/\/www.careium.com\/es\/wp-json\/wp\/v2\/product"}],"about":[{"href":"https:\/\/www.careium.com\/es\/wp-json\/wp\/v2\/types\/product"}],"author":[{"embeddable":true,"href":"https:\/\/www.careium.com\/es\/wp-json\/wp\/v2\/users\/1"}],"wp:featuredmedia":[{"embeddable":true,"href":"https:\/\/www.careium.com\/es\/wp-json\/wp\/v2\/media\/117"}],"wp:attachment":[{"href":"https:\/\/www.careium.com\/es\/wp-json\/wp\/v2\/media?parent=296"}],"wp:term":[{"taxonomy":"product_brand","embeddable":true,"href":"https:\/\/www.careium.com\/es\/wp-json\/wp\/v2\/product_brand?post=296"},{"taxonomy":"product_cat","embeddable":true,"href":"https:\/\/www.careium.com\/es\/wp-json\/wp\/v2\/product_cat?post=296"},{"taxonomy":"product_tag","embeddable":true,"href":"https:\/\/www.careium.com\/es\/wp-json\/wp\/v2\/product_tag?post=296"}],"curies":[{"name":"wp","href":"https:\/\/api.w.org\/{rel}","templated":true}]}}