{"id":302,"date":"2025-05-04T12:15:08","date_gmt":"2025-05-04T12:15:08","guid":{"rendered":"https:\/\/www.careium.com\/es\/?post_type=product&#038;p=302"},"modified":"2025-09-24T11:34:54","modified_gmt":"2025-09-24T11:34:54","slug":"pulsador-ping-pong","status":"publish","type":"product","link":"https:\/\/www.careium.com\/es\/soluciones-de-teleasistencia\/alarmas-personales-dispositivos-de-teleasistencia\/pulsador-ping-pong\/","title":{"rendered":"Pulsador Ping-Pong"},"content":{"rendered":"","protected":false},"excerpt":{"rendered":"<p>El pulsador Ping-Pong se coloca cerca del usuario para que este pueda activar f\u00e1cilmente la alarma toc\u00e1ndolo, por ejemplo, con la cabeza o con alguna otra parte del cuerpo. Las alarmas se transmiten de forma inal\u00e1mbrica a un dispositivo de teleasistencia de Careium y se reenv\u00edan al centro de recepci\u00f3n de alarmas.<\/p>\n","protected":false},"author":1,"featured_media":1373,"template":"","meta":{"_acf_changed":false},"product_brand":[],"product_cat":[19],"product_tag":[],"class_list":{"0":"post-302","1":"product","2":"type-product","3":"status-publish","4":"has-post-thumbnail","6":"product_cat-accessories","8":"first","9":"instock","10":"shipping-taxable","11":"purchasable","12":"product-type-simple"},"acf":[],"_links":{"self":[{"href":"https:\/\/www.careium.com\/es\/wp-json\/wp\/v2\/product\/302","targetHints":{"allow":["GET"]}}],"collection":[{"href":"https:\/\/www.careium.com\/es\/wp-json\/wp\/v2\/product"}],"about":[{"href":"https:\/\/www.careium.com\/es\/wp-json\/wp\/v2\/types\/product"}],"author":[{"embeddable":true,"href":"https:\/\/www.careium.com\/es\/wp-json\/wp\/v2\/users\/1"}],"wp:featuredmedia":[{"embeddable":true,"href":"https:\/\/www.careium.com\/es\/wp-json\/wp\/v2\/media\/1373"}],"wp:attachment":[{"href":"https:\/\/www.careium.com\/es\/wp-json\/wp\/v2\/media?parent=302"}],"wp:term":[{"taxonomy":"product_brand","embeddable":true,"href":"https:\/\/www.careium.com\/es\/wp-json\/wp\/v2\/product_brand?post=302"},{"taxonomy":"product_cat","embeddable":true,"href":"https:\/\/www.careium.com\/es\/wp-json\/wp\/v2\/product_cat?post=302"},{"taxonomy":"product_tag","embeddable":true,"href":"https:\/\/www.careium.com\/es\/wp-json\/wp\/v2\/product_tag?post=302"}],"curies":[{"name":"wp","href":"https:\/\/api.w.org\/{rel}","templated":true}]}}