{"id":305,"date":"2025-05-04T13:06:04","date_gmt":"2025-05-04T13:06:04","guid":{"rendered":"https:\/\/www.careium.com\/es\/?post_type=product&#038;p=305"},"modified":"2026-03-05T15:45:27","modified_gmt":"2026-03-05T15:45:27","slug":"pulsador-tirador-de-cuerda","status":"publish","type":"product","link":"https:\/\/www.careium.com\/es\/soluciones-de-teleasistencia\/alarmas-personales-dispositivos-de-teleasistencia\/pulsador-tirador-de-cuerda\/","title":{"rendered":"Pulsador tirador de cuerda"},"content":{"rendered":"<p>Cinta adhesiva doble resistente para una f\u00e1cil instalaci\u00f3n. El dispositivo est\u00e1 probado y cumple con todas las normas pertinentes, incluida la CE.<\/p>\n","protected":false},"excerpt":{"rendered":"<p>El cord\u00f3n montado en el techo ofrece a los usuarios un m\u00e9todo fijo y c\u00f3modo de pedir ayuda en caso de emergencia. Se puede colocar estrat\u00e9gicamente en distintas zonas de la casa, como el ba\u00f1o o junto a la cama. Las alarmas se transmiten de forma inal\u00e1mbrica a un dispositivo de teleasistencia de Careium y se reenv\u00edan al centro de recepci\u00f3n de alarmas.<\/p>\n","protected":false},"author":1,"featured_media":1377,"template":"","meta":{"_acf_changed":false},"product_brand":[],"product_cat":[19],"product_tag":[],"class_list":{"0":"post-305","1":"product","2":"type-product","3":"status-publish","4":"has-post-thumbnail","6":"product_cat-accessories","8":"first","9":"instock","10":"shipping-taxable","11":"purchasable","12":"product-type-simple"},"acf":[],"_links":{"self":[{"href":"https:\/\/www.careium.com\/es\/wp-json\/wp\/v2\/product\/305","targetHints":{"allow":["GET"]}}],"collection":[{"href":"https:\/\/www.careium.com\/es\/wp-json\/wp\/v2\/product"}],"about":[{"href":"https:\/\/www.careium.com\/es\/wp-json\/wp\/v2\/types\/product"}],"author":[{"embeddable":true,"href":"https:\/\/www.careium.com\/es\/wp-json\/wp\/v2\/users\/1"}],"wp:featuredmedia":[{"embeddable":true,"href":"https:\/\/www.careium.com\/es\/wp-json\/wp\/v2\/media\/1377"}],"wp:attachment":[{"href":"https:\/\/www.careium.com\/es\/wp-json\/wp\/v2\/media?parent=305"}],"wp:term":[{"taxonomy":"product_brand","embeddable":true,"href":"https:\/\/www.careium.com\/es\/wp-json\/wp\/v2\/product_brand?post=305"},{"taxonomy":"product_cat","embeddable":true,"href":"https:\/\/www.careium.com\/es\/wp-json\/wp\/v2\/product_cat?post=305"},{"taxonomy":"product_tag","embeddable":true,"href":"https:\/\/www.careium.com\/es\/wp-json\/wp\/v2\/product_tag?post=305"}],"curies":[{"name":"wp","href":"https:\/\/api.w.org\/{rel}","templated":true}]}}