{"id":307,"date":"2025-05-04T13:11:23","date_gmt":"2025-05-04T13:11:23","guid":{"rendered":"https:\/\/www.careium.com\/es\/?post_type=product&#038;p=307"},"modified":"2026-03-05T15:19:59","modified_gmt":"2026-03-05T15:19:59","slug":"pikoboton","status":"publish","type":"product","link":"https:\/\/www.careium.com\/es\/soluciones-de-teleasistencia\/alarmas-personales-dispositivos-de-teleasistencia\/pikoboton\/","title":{"rendered":"PikoBot\u00f3n"},"content":{"rendered":"<p>El PikoButton es un interruptor de control para usuarios con discapacidad o necesidades especiales. Su dise\u00f1o es muy resistente y f\u00e1cil de usar. Gracias a su sensibilidad, es ideal para controlar sistemas de control ambiental, dispositivos de comunicaci\u00f3n, alarmas de asistencia, etc. La fuerza de activaci\u00f3n de los botones es m\u00ednima, tan solo 125 gramos (fuerza media). La misma fuerza de activaci\u00f3n se puede aplicar en el borde del interruptor. El PikoButton mide 50 mm y el interruptor es rojo. Cuenta con roscas M4 para su fijaci\u00f3n a sillas de ruedas u otros dispositivos de asistencia. El dispositivo ha sido probado y cumple con todas las normas pertinentes, incluida la CE.<\/p>\n","protected":false},"excerpt":{"rendered":"<p>El bot\u00f3n externo (PikoBot\u00f3n) es un pulsador de control muy duradero, a la par que f\u00e1cil y agradable de usar, para usuarios con discapacidades o necesidades especiales. Para conectarlo de forma inal\u00e1mbrica a un dispositivo de teleasistencia de Careium, es necesario un m\u00f3dulo de radio 9350.<\/p>\n","protected":false},"author":1,"featured_media":1363,"template":"","meta":{"_acf_changed":false},"product_brand":[],"product_cat":[19],"product_tag":[],"class_list":{"0":"post-307","1":"product","2":"type-product","3":"status-publish","4":"has-post-thumbnail","6":"product_cat-accessories","8":"first","9":"instock","10":"shipping-taxable","11":"purchasable","12":"product-type-simple"},"acf":[],"_links":{"self":[{"href":"https:\/\/www.careium.com\/es\/wp-json\/wp\/v2\/product\/307","targetHints":{"allow":["GET"]}}],"collection":[{"href":"https:\/\/www.careium.com\/es\/wp-json\/wp\/v2\/product"}],"about":[{"href":"https:\/\/www.careium.com\/es\/wp-json\/wp\/v2\/types\/product"}],"author":[{"embeddable":true,"href":"https:\/\/www.careium.com\/es\/wp-json\/wp\/v2\/users\/1"}],"wp:featuredmedia":[{"embeddable":true,"href":"https:\/\/www.careium.com\/es\/wp-json\/wp\/v2\/media\/1363"}],"wp:attachment":[{"href":"https:\/\/www.careium.com\/es\/wp-json\/wp\/v2\/media?parent=307"}],"wp:term":[{"taxonomy":"product_brand","embeddable":true,"href":"https:\/\/www.careium.com\/es\/wp-json\/wp\/v2\/product_brand?post=307"},{"taxonomy":"product_cat","embeddable":true,"href":"https:\/\/www.careium.com\/es\/wp-json\/wp\/v2\/product_cat?post=307"},{"taxonomy":"product_tag","embeddable":true,"href":"https:\/\/www.careium.com\/es\/wp-json\/wp\/v2\/product_tag?post=307"}],"curies":[{"name":"wp","href":"https:\/\/api.w.org\/{rel}","templated":true}]}}