{"id":344,"date":"2025-05-05T09:20:23","date_gmt":"2025-05-05T09:20:23","guid":{"rendered":"https:\/\/www.careium.com\/es\/?post_type=product&#038;p=344"},"modified":"2026-02-10T07:24:15","modified_gmt":"2026-02-10T07:24:15","slug":"felpudo-con-alarma","status":"publish","type":"product","link":"https:\/\/www.careium.com\/es\/soluciones-de-teleasistencia\/alarmas-personales-dispositivos-de-teleasistencia\/felpudo-con-alarma\/","title":{"rendered":"Felpudo con Alarma"},"content":{"rendered":"<h2>\u00bfC\u00f3mo funciona?<\/h2>\n<p>Al pisar la alfombra, se activa el sensor y se env\u00eda una alerta al centro de recepci\u00f3n de alarmas a trav\u00e9s de la unidad de teleasistencia. Los par\u00e1metros de tiempo se pueden programar para que el dispositivo solo est\u00e9 en funcionamiento durante ciertos momentos del d\u00eda, por ejemplo, de 21:00 a 6:00. El peso m\u00ednimo de activaci\u00f3n es de 27\u00a0kg.<\/p>\n<h2>\u00bfQu\u00e9 problema soluciona?<\/h2>\n<p>La alfombra ofrece una supervisi\u00f3n sencilla y eficaz para alertar si una persona abandona su habitaci\u00f3n o su casa.<\/p>\n","protected":false},"excerpt":{"rendered":"<p>Con su aspecto similar a una alfombra convencional, la alarma Mat ofrece un modo sencillo y eficaz de alertar si una persona abandona su habitaci\u00f3n o su casa. El conjunto completo est\u00e1 formado por una alfombra decorativa, un dispositivo de radio mBox 9200 y una placa de montaje. Al pisar la alfombra, se activa el sensor y se env\u00eda una alerta al centro de recepci\u00f3n de alarmas a trav\u00e9s de la unidad de teleasistencia. Los elementos sustituibles se pueden pedir por separado.<\/p>\n","protected":false},"author":1,"featured_media":1338,"template":"","meta":{"_acf_changed":false},"product_brand":[],"product_cat":[19],"product_tag":[],"class_list":{"0":"post-344","1":"product","2":"type-product","3":"status-publish","4":"has-post-thumbnail","6":"product_cat-accessories","8":"first","9":"instock","10":"shipping-taxable","11":"purchasable","12":"product-type-simple"},"acf":[],"_links":{"self":[{"href":"https:\/\/www.careium.com\/es\/wp-json\/wp\/v2\/product\/344","targetHints":{"allow":["GET"]}}],"collection":[{"href":"https:\/\/www.careium.com\/es\/wp-json\/wp\/v2\/product"}],"about":[{"href":"https:\/\/www.careium.com\/es\/wp-json\/wp\/v2\/types\/product"}],"author":[{"embeddable":true,"href":"https:\/\/www.careium.com\/es\/wp-json\/wp\/v2\/users\/1"}],"wp:featuredmedia":[{"embeddable":true,"href":"https:\/\/www.careium.com\/es\/wp-json\/wp\/v2\/media\/1338"}],"wp:attachment":[{"href":"https:\/\/www.careium.com\/es\/wp-json\/wp\/v2\/media?parent=344"}],"wp:term":[{"taxonomy":"product_brand","embeddable":true,"href":"https:\/\/www.careium.com\/es\/wp-json\/wp\/v2\/product_brand?post=344"},{"taxonomy":"product_cat","embeddable":true,"href":"https:\/\/www.careium.com\/es\/wp-json\/wp\/v2\/product_cat?post=344"},{"taxonomy":"product_tag","embeddable":true,"href":"https:\/\/www.careium.com\/es\/wp-json\/wp\/v2\/product_tag?post=344"}],"curies":[{"name":"wp","href":"https:\/\/api.w.org\/{rel}","templated":true}]}}