{"id":351,"date":"2025-05-05T12:15:56","date_gmt":"2025-05-05T12:15:56","guid":{"rendered":"https:\/\/www.careium.com\/es\/?post_type=product&#038;p=351"},"modified":"2025-09-24T11:34:15","modified_gmt":"2025-09-24T11:34:15","slug":"sensor-de-enuresis","status":"publish","type":"product","link":"https:\/\/www.careium.com\/es\/soluciones-de-teleasistencia\/alarmas-personales-dispositivos-de-teleasistencia\/sensor-de-enuresis\/","title":{"rendered":"Sensor de enuresis"},"content":{"rendered":"<h3>\u00bfC\u00f3mo funciona?<\/h3>\n<p>El sensor de enuresis es una almohadilla sensible a la humedad que se coloca entre el colch\u00f3n y la s\u00e1bana y se conecta a una alarma social a trav\u00e9s del m\u00f3dulo de radio mBox 9200. Cuando se detecta humedad, se env\u00eda una alarma al centro de atenci\u00f3n o a un cuidador para que se tomen las medidas oportunas. La alarma de enuresis es reutilizable y funciona con todos los dispositivos de teleasistencia de Careium.<\/p>\n<h3>\u00bfQu\u00e9 problema soluciona?<\/h3>\n<p>La incontinencia es m\u00e1s frecuente entre las personas mayores, especialmente en las mujeres. Los problemas de control de la vejiga pueden ser muy embarazosos y causar angustia a la persona afectada. El sensor de enuresis est\u00e1 dise\u00f1ado para reducir la necesidad de controles f\u00edsicos intrusivos e indignos, fomentando la dignidad y la independencia de todos los usuarios.<\/p>\n","protected":false},"excerpt":{"rendered":"<p>El sensor de Enuresis est\u00e1 dise\u00f1ado para detectar el exceso de humedad. La alfombrilla del sensor, duradera y f\u00e1cil de limpiar, se coloca en la cama y se conecta a un dispositivo de teleasistencia a trav\u00e9s de una mBox 9200. Cuando se detecta humedad o l\u00edquido, se env\u00eda una alarma al centro de atenci\u00f3n de alarmas o a un cuidador. El sensor de enuresis es adecuado para uso dom\u00e9stico y tanto para adultos como para ni\u00f1os.<\/p>\n","protected":false},"author":1,"featured_media":1285,"template":"","meta":{"_acf_changed":false},"product_brand":[],"product_cat":[19],"product_tag":[],"class_list":{"0":"post-351","1":"product","2":"type-product","3":"status-publish","4":"has-post-thumbnail","6":"product_cat-accessories","8":"first","9":"instock","10":"shipping-taxable","11":"purchasable","12":"product-type-simple"},"acf":[],"_links":{"self":[{"href":"https:\/\/www.careium.com\/es\/wp-json\/wp\/v2\/product\/351","targetHints":{"allow":["GET"]}}],"collection":[{"href":"https:\/\/www.careium.com\/es\/wp-json\/wp\/v2\/product"}],"about":[{"href":"https:\/\/www.careium.com\/es\/wp-json\/wp\/v2\/types\/product"}],"author":[{"embeddable":true,"href":"https:\/\/www.careium.com\/es\/wp-json\/wp\/v2\/users\/1"}],"wp:featuredmedia":[{"embeddable":true,"href":"https:\/\/www.careium.com\/es\/wp-json\/wp\/v2\/media\/1285"}],"wp:attachment":[{"href":"https:\/\/www.careium.com\/es\/wp-json\/wp\/v2\/media?parent=351"}],"wp:term":[{"taxonomy":"product_brand","embeddable":true,"href":"https:\/\/www.careium.com\/es\/wp-json\/wp\/v2\/product_brand?post=351"},{"taxonomy":"product_cat","embeddable":true,"href":"https:\/\/www.careium.com\/es\/wp-json\/wp\/v2\/product_cat?post=351"},{"taxonomy":"product_tag","embeddable":true,"href":"https:\/\/www.careium.com\/es\/wp-json\/wp\/v2\/product_tag?post=351"}],"curies":[{"name":"wp","href":"https:\/\/api.w.org\/{rel}","templated":true}]}}