{"id":439,"date":"2025-05-06T15:36:28","date_gmt":"2025-05-06T15:36:28","guid":{"rendered":"https:\/\/www.careium.com\/es\/?post_type=product&#038;p=439"},"modified":"2025-09-24T11:33:06","modified_gmt":"2025-09-24T11:33:06","slug":"alarma-para-silla","status":"publish","type":"product","link":"https:\/\/www.careium.com\/es\/soluciones-de-teleasistencia\/alarmas-personales-dispositivos-de-teleasistencia\/alarma-para-silla\/","title":{"rendered":"Alarma para Silla"},"content":{"rendered":"<h2>\u00bfC\u00f3mo funciona?<\/h2>\n<p>El sensor para silla se coloca debajo del coj\u00edn del asiento o de la silla de ruedas. Si el usuario se levanta y no vuelve a sentarse en un tiempo predeterminado, p. ej., 5, 10 o 15 minutos, se env\u00eda una alerta al centro de recepci\u00f3n de alarmas a trav\u00e9s de la unidad de teleasistencia. Los par\u00e1metros de tiempo tambi\u00e9n se pueden programar para que el dispositivo solo est\u00e9 en funcionamiento durante ciertos momentos del d\u00eda, por ejemplo, de 9:00 a 12:00. El peso m\u00ednimo de activaci\u00f3n es de 27 kg.<\/p>\n<h2>\u00bfQu\u00e9 problema resuelve?<\/h2>\n<p>El sensor para silla ofrece una supervisi\u00f3n sencilla y efectiva para alertar si una persona abandona su silla.<\/p>\n","protected":false},"excerpt":{"rendered":"<p>La alarma para silla de ofrece un modo sencillo y efectivo de alertar si una persona abandona su silla o su silla de ruedas. El conjunto completo est\u00e1 formado por un sensor para silla suave y flexible, un dispositivo de radio mBox 9200 y una placa de montaje. Resistente al agua y f\u00e1cil de limpiar, el sensor de presi\u00f3n se puede colocar encima o debajo del coj\u00edn de la silla. Al activarse el sensor, se env\u00eda una alerta al centro de recepci\u00f3n de alarmas a trav\u00e9s de la unidad de teleasistencia. Los elementos sustituibles se pueden pedir por separado.<\/p>\n","protected":false},"author":4,"featured_media":1214,"template":"","meta":{"_acf_changed":false},"product_brand":[],"product_cat":[19],"product_tag":[],"class_list":{"0":"post-439","1":"product","2":"type-product","3":"status-publish","4":"has-post-thumbnail","6":"product_cat-accessories","8":"first","9":"instock","10":"shipping-taxable","11":"purchasable","12":"product-type-simple"},"acf":[],"_links":{"self":[{"href":"https:\/\/www.careium.com\/es\/wp-json\/wp\/v2\/product\/439","targetHints":{"allow":["GET"]}}],"collection":[{"href":"https:\/\/www.careium.com\/es\/wp-json\/wp\/v2\/product"}],"about":[{"href":"https:\/\/www.careium.com\/es\/wp-json\/wp\/v2\/types\/product"}],"author":[{"embeddable":true,"href":"https:\/\/www.careium.com\/es\/wp-json\/wp\/v2\/users\/4"}],"wp:featuredmedia":[{"embeddable":true,"href":"https:\/\/www.careium.com\/es\/wp-json\/wp\/v2\/media\/1214"}],"wp:attachment":[{"href":"https:\/\/www.careium.com\/es\/wp-json\/wp\/v2\/media?parent=439"}],"wp:term":[{"taxonomy":"product_brand","embeddable":true,"href":"https:\/\/www.careium.com\/es\/wp-json\/wp\/v2\/product_brand?post=439"},{"taxonomy":"product_cat","embeddable":true,"href":"https:\/\/www.careium.com\/es\/wp-json\/wp\/v2\/product_cat?post=439"},{"taxonomy":"product_tag","embeddable":true,"href":"https:\/\/www.careium.com\/es\/wp-json\/wp\/v2\/product_tag?post=439"}],"curies":[{"name":"wp","href":"https:\/\/api.w.org\/{rel}","templated":true}]}}