{"id":65,"date":"2025-04-29T09:26:57","date_gmt":"2025-04-29T09:26:57","guid":{"rendered":"https:\/\/www.careium.com\/es\/?post_type=product&#038;p=65"},"modified":"2025-09-19T08:50:30","modified_gmt":"2025-09-19T08:50:30","slug":"abby-teleasistencia-movil-gps-para-la-libertad-la-seguridad-y-la-tranquilidad","status":"publish","type":"product","link":"https:\/\/www.careium.com\/es\/soluciones-de-teleasistencia\/alarmas-personales-dispositivos-de-teleasistencia\/abby-teleasistencia-movil-gps-para-la-libertad-la-seguridad-y-la-tranquilidad\/","title":{"rendered":"Abby &#8211; Teleasistencia m\u00f3vil GPS para la libertad, la seguridad y la tranquilidad"},"content":{"rendered":"<h3><strong>Abby &#8211; Teleasistencia m\u00f3vil GPS &#8211; Siempre conectado. Siempre protegido. Ayuda instant\u00e1nea con solo pulsar un bot\u00f3n, dondequiera que te lleve la vida.<\/strong><\/h3>\n<p>Perfecto para personas mayores, trabajadores solitarios o cualquier persona que valore la seguridad mientras va de compras, pasea o est\u00e1 fuera de casa, <strong>Abby<\/strong> combina tecnolog\u00eda de seguridad de vanguardia con un uso discreto y c\u00f3modo. Su grado de impermeabilidad IP67 significa que la lluvia o la humedad no impedir\u00e1n que funcione cuando m\u00e1s lo necesite. Ll\u00e9velo como colgante en el cuello, suj\u00e9telo al cintur\u00f3n o simplemente ll\u00e9velo en el bolsillo, <strong>Abby<\/strong> se adapta perfectamente a la vida diaria a la vez que proporciona seguridad las 24 horas del d\u00eda.<\/p>\n<p>Cuando se activa una alarma, el altavoz integrado permite al personal del centro de atenci\u00f3n o a los familiares <strong>hablar directamente con el usuario<\/strong>. Esto permite que una voz reconfortante eval\u00fae la situaci\u00f3n a distancia y obtenga la ayuda necesaria.<\/p>\n<p>Para cuidadores y familiares, Abby hace algo m\u00e1s que enviar <strong>alertas de emergencia<\/strong>, proporciona tranquilidad en tiempo real para que puedas saber exactamente d\u00f3nde se encuentra tu ser querido en todo momento. Establezca zonas seguras (como su casa o su parque favorito) y reciba notificaciones instant\u00e1neas si se traspasan esos l\u00edmites, lo que resulta ideal para ayudar en casos de demencia o deterioro cognitivo.<\/p>\n<p><strong>Abby<\/strong> es compatible con nuestra aplicaci\u00f3n <strong>i-care\u00ae plus<\/strong>, que permite a familiares y amigos participar en el cuidado de sus seres queridos. Con la aplicaci\u00f3n, puede gestionar las llamadas de alarma, ver la ubicaci\u00f3n de <strong>Abby<\/strong> en un mapa, hablar con el usuario a trav\u00e9s del altavoz del dispositivo y mucho m\u00e1s.<\/p>\n","protected":false},"excerpt":{"rendered":"<p>Abby &#8211; Teleasistencia m\u00f3vil GPS Mantenerse activo e independiente no deber\u00eda significar comprometer la seguridad. Con Abby, nuestra avanzada alarma personal con GPS, usted o sus seres queridos pueden disfrutar de libertad al tiempo que tienen acceso instant\u00e1neo a ayuda de emergencia, en cualquier momento y en cualquier lugar. Tanto si est\u00e1 de compras, visitando a unos amigos o simplemente dando un paseo, Abby le garantiza que la ayuda est\u00e1 siempre a un bot\u00f3n de distancia.<\/p>\n","protected":false},"author":4,"featured_media":64,"template":"","meta":{"_acf_changed":false},"product_brand":[],"product_cat":[18],"product_tag":[],"class_list":{"0":"post-65","1":"product","2":"type-product","3":"status-publish","4":"has-post-thumbnail","6":"product_cat-mobile-social-alarm","8":"first","9":"instock","10":"shipping-taxable","11":"purchasable","12":"product-type-simple"},"acf":[],"_links":{"self":[{"href":"https:\/\/www.careium.com\/es\/wp-json\/wp\/v2\/product\/65","targetHints":{"allow":["GET"]}}],"collection":[{"href":"https:\/\/www.careium.com\/es\/wp-json\/wp\/v2\/product"}],"about":[{"href":"https:\/\/www.careium.com\/es\/wp-json\/wp\/v2\/types\/product"}],"author":[{"embeddable":true,"href":"https:\/\/www.careium.com\/es\/wp-json\/wp\/v2\/users\/4"}],"wp:featuredmedia":[{"embeddable":true,"href":"https:\/\/www.careium.com\/es\/wp-json\/wp\/v2\/media\/64"}],"wp:attachment":[{"href":"https:\/\/www.careium.com\/es\/wp-json\/wp\/v2\/media?parent=65"}],"wp:term":[{"taxonomy":"product_brand","embeddable":true,"href":"https:\/\/www.careium.com\/es\/wp-json\/wp\/v2\/product_brand?post=65"},{"taxonomy":"product_cat","embeddable":true,"href":"https:\/\/www.careium.com\/es\/wp-json\/wp\/v2\/product_cat?post=65"},{"taxonomy":"product_tag","embeddable":true,"href":"https:\/\/www.careium.com\/es\/wp-json\/wp\/v2\/product_tag?post=65"}],"curies":[{"name":"wp","href":"https:\/\/api.w.org\/{rel}","templated":true}]}}