{"id":67,"date":"2025-04-29T09:25:25","date_gmt":"2025-04-29T09:25:25","guid":{"rendered":"https:\/\/www.careium.com\/es\/?post_type=product&#038;p=67"},"modified":"2026-01-30T06:13:40","modified_gmt":"2026-01-30T06:13:40","slug":"eliza-seguridad-inteligente","status":"publish","type":"product","link":"https:\/\/www.careium.com\/es\/soluciones-de-teleasistencia\/alarmas-personales-dispositivos-de-teleasistencia\/eliza-seguridad-inteligente\/","title":{"rendered":"Eliza &#8211; terminal digital de teleasistencia"},"content":{"rendered":"<h3><strong>Eliza &#8211; Terminal digital\u00a0 de teleasistencia &#8211; Si\u00e9ntase seguro y tranquilo en casa<\/strong><\/h3>\n<p>Todo el mundo merece sentirse seguro, tanto si vives de forma independiente como si te est\u00e1s recuperando de una enfermedad o simplemente quieres un extra de tranquilidad. Ah\u00ed es donde entra Eliza: una compa\u00f1era de confianza que te conecta con la ayuda siempre que la necesites.<\/p>\n<p><strong>Un bot\u00f3n. Ayuda instant\u00e1nea.<\/strong><\/p>\n<p>Colgado del cuello o de la mu\u00f1eca, este ligero colgante te permite pedir ayuda con solo pulsarlo una vez. Es sencillo, r\u00e1pido y siempre al alcance de la mano.<\/p>\n<h4><strong>Sin cargas ni complicaciones<\/strong><\/h4>\n<p>No es necesario acordarse de cargar el colgante. Siempre est\u00e1 listo &#8211; d\u00e1ndote una cosa menos de la que preocuparte cada d\u00eda.<\/p>\n<h4><strong>Cobertura interior y exterior<\/strong><\/h4>\n<p>Tanto si est\u00e1s relaj\u00e1ndote en el jard\u00edn como si te mueves de una habitaci\u00f3n a otra, estar\u00e1s protegido en toda la casa.<\/p>\n<h4><strong>Sin facturas sorpresa<\/strong><\/h4>\n<p>No hay costes de llamadas ni se necesitan tel\u00e9fonos fijos. Todo funciona sin problemas a trav\u00e9s de redes digitales, para que puedas centrarte en vivir, no en la log\u00edstica.<\/p>\n<h4><strong>Configuraci\u00f3n r\u00e1pida y sencilla<\/strong><\/h4>\n<p>No se necesitan conocimientos t\u00e9cnicos. Con la gu\u00eda incluida, la instalaci\u00f3n es sencilla y sin estr\u00e9s.<\/p>\n<hr \/>\n<h3><strong>Tranquilidad para usted y sus seres queridos<\/strong><\/h3>\n<p>Esta alarma es perfecta para cualquiera que quiera sentirse seguro sin renunciar a su independencia. Tanto si vives solo, como si tienes alg\u00fan problema m\u00e9dico o simplemente quieres saber que hay alguien ah\u00ed si necesitas ayuda, est\u00e1 dise\u00f1ada para adaptarse a tu estilo de vida.<\/p>\n<p>\u00bfY para las familias? El consuelo de saber que sus seres queridos nunca est\u00e1n realmente solos.<\/p>\n<hr \/>\n<h3><strong>Por qu\u00e9 es diferente<\/strong><\/h3>\n<h4><strong>Construido para el futuro<\/strong><\/h4>\n<p>El 4G fiable y la tecnolog\u00eda IP significan que su conexi\u00f3n se mantiene fuerte, incluso cuando las redes cambian.<\/p>\n<h4><strong>Seguridad inteligente en el hogar<\/strong><\/h4>\n<p>El sistema puede conectarse con <a href=\"https:\/\/www.careium.com\/es\/soluciones-de-teleasistencia\/alarmas-personales-dispositivos-de-teleasistencia\/detector-de-humo-i10-monitorizado-para-una-proteccion-24-7\/\">detectores de humo<\/a>, <a href=\"https:\/\/www.careium.com\/es\/soluciones-de-teleasistencia\/alarmas-personales-dispositivos-de-teleasistencia\/vibby-oak-alarma-de-caida\/\">sensores de ca\u00eddas<\/a> y otros dispositivos, creando una completa red de seguridad en su hogar.<\/p>\n<h4><strong>Dise\u00f1ado para integrarse<\/strong><\/h4>\n<p>Con unos elegantes acabados y un dise\u00f1o premiado, el dispositivo tiene un aspecto moderno y discreto, m\u00e1s propio de un accesorio dom\u00e9stico que de un terminal de teleasistencia.<\/p>\n<hr \/>\n<h3><strong>Elige Eliza y vive con tranquilidad<\/strong><\/h3>\n<p>Esto no es s\u00f3lo un sistema de alarma &#8211; es una manera de mantener su independencia sabiendo que la ayuda est\u00e1 siempre cerca. Con tecnolog\u00eda inteligente, un dise\u00f1o cuidado y asistencia las 24 horas del d\u00eda, Eliza te ayuda a vivir tu vida con menos preocupaciones y m\u00e1s libertad.<\/p>\n<p><strong>Porque sentirse seguro nunca deber\u00eda significar sentirse limitado.<\/strong><\/p>\n<p>Tambi\u00e9n es tranquilidad para las personas que se preocupan por ti. Para los miembros de la familia y los seres queridos, saber que el apoyo est\u00e1 siempre al alcance de la mano proporciona una verdadera tranquilidad, especialmente cuando no pueden estar all\u00ed en persona. Eliza ayuda a aliviar las preocupaciones y facilita que las familias conf\u00eden en que sus padres, pareja o parientes est\u00e1n seguros, conectados y apoyados todos los d\u00edas.<\/p>\n<hr \/>\n","protected":false},"excerpt":{"rendered":"<p>Eliza es un terminal digital de teleasistencia dise\u00f1ado para mejorar la seguridad de las personas mayores y favorecer su independencia en el hogar. Combinando un dise\u00f1o elegante con una funcionalidad avanzada, Eliza es ideal para la prevenci\u00f3n de ca\u00eddas, la atenci\u00f3n domiciliaria y para tranquilizar tanto a los usuarios como a sus familias. Tanto si se trata de una emergencia como de una necesidad de asistencia, <strong>la ayuda est\u00e1 a s\u00f3lo una pulsaci\u00f3n de bot\u00f3n.<\/strong><\/p>\n","protected":false},"author":5,"featured_media":4265,"template":"","meta":{"_acf_changed":false},"product_brand":[],"product_cat":[17],"product_tag":[],"class_list":{"0":"post-67","1":"product","2":"type-product","3":"status-publish","4":"has-post-thumbnail","6":"product_cat-social-alarms","8":"first","9":"instock","10":"shipping-taxable","11":"purchasable","12":"product-type-simple"},"acf":[],"_links":{"self":[{"href":"https:\/\/www.careium.com\/es\/wp-json\/wp\/v2\/product\/67","targetHints":{"allow":["GET"]}}],"collection":[{"href":"https:\/\/www.careium.com\/es\/wp-json\/wp\/v2\/product"}],"about":[{"href":"https:\/\/www.careium.com\/es\/wp-json\/wp\/v2\/types\/product"}],"author":[{"embeddable":true,"href":"https:\/\/www.careium.com\/es\/wp-json\/wp\/v2\/users\/5"}],"wp:featuredmedia":[{"embeddable":true,"href":"https:\/\/www.careium.com\/es\/wp-json\/wp\/v2\/media\/4265"}],"wp:attachment":[{"href":"https:\/\/www.careium.com\/es\/wp-json\/wp\/v2\/media?parent=67"}],"wp:term":[{"taxonomy":"product_brand","embeddable":true,"href":"https:\/\/www.careium.com\/es\/wp-json\/wp\/v2\/product_brand?post=67"},{"taxonomy":"product_cat","embeddable":true,"href":"https:\/\/www.careium.com\/es\/wp-json\/wp\/v2\/product_cat?post=67"},{"taxonomy":"product_tag","embeddable":true,"href":"https:\/\/www.careium.com\/es\/wp-json\/wp\/v2\/product_tag?post=67"}],"curies":[{"name":"wp","href":"https:\/\/api.w.org\/{rel}","templated":true}]}}