{"id":70,"date":"2025-04-29T09:52:50","date_gmt":"2025-04-29T09:52:50","guid":{"rendered":"https:\/\/www.careium.com\/es\/?post_type=product&#038;p=70"},"modified":"2025-05-27T13:17:47","modified_gmt":"2025-05-27T13:17:47","slug":"eliza-s-plus","status":"publish","type":"product","link":"https:\/\/www.careium.com\/es\/soluciones-de-teleasistencia\/alarmas-personales-dispositivos-de-teleasistencia\/eliza-s-plus\/","title":{"rendered":"Eliza S+ &#8211; Seguridad m\u00e1s inteligente, mayor tranquilidad"},"content":{"rendered":"<h3><strong>Mantente independiente, mantente conectado: con Eliza S+<\/strong><\/h3>\n<p>Al igual que el resto de terminales de teleasistencia de confianza de nuestra gama, Eliza S+ ofrece asistencia de emergencia de confianza las 24 horas del d\u00eda, los 7 d\u00edas de la semana, perfecta para cualquier persona que valore su independencia pero que tambi\u00e9n desee la tranquilidad de saber que la ayuda est\u00e1 siempre cerca.<\/p>\n<p>Eliza S+ es ideal para:<\/p>\n<ul>\n<li>Personas mayores o dependientes que viven en casa<\/li>\n<li>Personas con alguna enfermedad cr\u00f3nica como la epilepsia, problemas card\u00edacos o incluso alg\u00fan tipo de demencia<\/li>\n<li>Cualquier persona que sufra riesgo de ca\u00eddas o enfermedades sobrevenidas<\/li>\n<\/ul>\n<p>Ya sea para la tranquilidad diaria o para un apoyo adicional en caso de emergencia, Eliza S+ hace que sea m\u00e1s f\u00e1cil sentirse seguro en casa.<\/p>\n<h4>Protecci\u00f3n con doble sistema de comunicaci\u00f3n segura que funciona cuando m\u00e1s la necesitas<\/h4>\n<p>Lo que hace que Eliza S+ destaque es su <strong>sistema de conexi\u00f3n dual<\/strong>. Mientras que muchas alarmas personales dependen \u00fanicamente de las redes m\u00f3viles, Eliza S+ tambi\u00e9n ofrece respaldo ethernet. Esto significa que si la se\u00f1al m\u00f3vil es d\u00e9bil o se cae &#8211; por ejemplo, durante una tormenta o un corte de energ\u00eda &#8211; su alarma permanece conectada y totalmente funcional a trav\u00e9s del cable ethernet.<\/p>\n<p>Esto es especialmente \u00fatil para:<\/p>\n<ul>\n<li style=\"list-style-type: none;\">\n<ul>\n<li>Hogares en zonas rurales o remotas con mala cobertura m\u00f3vil<\/li>\n<li>Edificios con paredes gruesas donde la intensidad de la se\u00f1al puede ser poco fiable<\/li>\n<\/ul>\n<\/li>\n<\/ul>\n<p>Con Eliza S+, no tendr\u00e1s que preocuparte de que los problemas de red se interpongan en tu seguridad.<\/p>\n<h4>Dise\u00f1ado para integrarse, fabricado para destacar<\/h4>\n<p>Sabemos que los dispositivos de seguridad no deben parecer intrusivos. Por eso Eliza S+ se presenta en un moderno acabado \u00e9bano oscuro y moca, colores elegantes elegidos para integrarse de forma natural en el entorno de su hogar. El dise\u00f1o actualizado y discreto hace que su equipo de teleasistencia le d\u00e9 la protecci\u00f3n que necesita sin destacar innecesariamente.<\/p>\n<h4>Tranquilidad para toda la familia<\/h4>\n<p>Con Eliza S+, las familias pueden estar seguras de que el terminal de teleasistencia de sus seres queridos funcionar\u00e1 de forma fiable, incluso en situaciones dif\u00edciles. Esto ayuda a reducir la preocupaci\u00f3n por las alarmas perdidas y ofrece tanto a las personas usuarias como a sus familias la libertad de centrarse en disfrutar de la vida, con una cosa menos de la que preocuparse.<\/p>\n","protected":false},"excerpt":{"rendered":"<p>El terminal de teleasistencia Eliza S+ ofrece conectividad de doble red para una protecci\u00f3n ininterrumpida al poder conectarse tambi\u00e9n a trav\u00e9s de un cable ethernet fijo. De este modo, estar\u00e1s seguro incluso si la se\u00f1al m\u00f3vil es d\u00e9bil en tu casa o si se corta la se\u00f1al m\u00f3vil.<\/p>\n","protected":false},"author":5,"featured_media":57,"template":"","meta":{"_acf_changed":false},"product_brand":[],"product_cat":[17],"product_tag":[],"class_list":{"0":"post-70","1":"product","2":"type-product","3":"status-publish","4":"has-post-thumbnail","6":"product_cat-social-alarms","8":"first","9":"instock","10":"shipping-taxable","11":"purchasable","12":"product-type-simple"},"acf":[],"_links":{"self":[{"href":"https:\/\/www.careium.com\/es\/wp-json\/wp\/v2\/product\/70","targetHints":{"allow":["GET"]}}],"collection":[{"href":"https:\/\/www.careium.com\/es\/wp-json\/wp\/v2\/product"}],"about":[{"href":"https:\/\/www.careium.com\/es\/wp-json\/wp\/v2\/types\/product"}],"author":[{"embeddable":true,"href":"https:\/\/www.careium.com\/es\/wp-json\/wp\/v2\/users\/5"}],"wp:featuredmedia":[{"embeddable":true,"href":"https:\/\/www.careium.com\/es\/wp-json\/wp\/v2\/media\/57"}],"wp:attachment":[{"href":"https:\/\/www.careium.com\/es\/wp-json\/wp\/v2\/media?parent=70"}],"wp:term":[{"taxonomy":"product_brand","embeddable":true,"href":"https:\/\/www.careium.com\/es\/wp-json\/wp\/v2\/product_brand?post=70"},{"taxonomy":"product_cat","embeddable":true,"href":"https:\/\/www.careium.com\/es\/wp-json\/wp\/v2\/product_cat?post=70"},{"taxonomy":"product_tag","embeddable":true,"href":"https:\/\/www.careium.com\/es\/wp-json\/wp\/v2\/product_tag?post=70"}],"curies":[{"name":"wp","href":"https:\/\/api.w.org\/{rel}","templated":true}]}}