{"id":74,"date":"2025-05-06T16:46:25","date_gmt":"2025-05-06T16:46:25","guid":{"rendered":"https:\/\/www.careium.com\/es\/?post_type=product&#038;p=74"},"modified":"2025-05-23T08:31:19","modified_gmt":"2025-05-23T08:31:19","slug":"visit-supervision-remota-aumente-la-seguridad-y-la-eficacia","status":"publish","type":"product","link":"https:\/\/www.careium.com\/es\/soluciones-de-teleasistencia\/alarmas-personales-dispositivos-de-teleasistencia\/visit-supervision-remota-aumente-la-seguridad-y-la-eficacia\/","title":{"rendered":"Visit Supervisi\u00f3n remota &#8211; Aumente la seguridad y la eficacia"},"content":{"rendered":"<p>Visit supervisi\u00f3n remota, a diferencia de las visitas domiciliarias tradicionales, que seg\u00fan los estudios pueden aumentar la ansiedad de las personas que necesitan controles nocturnos, Visit ofrece <strong>vigilancia discreta a distancia<\/strong>. Los cuidadores autorizados controlan a trav\u00e9s de una c\u00e1mara segura (no se guardan grabaciones), lo que garantiza la seguridad sin que su ser querido se sienta vigilado.<\/p>\n<p>Visit tambi\u00e9n reduce los costes de desplazamiento innecesarios y la huella de carbono al sustituir las frecuentes visitas en persona por una eficaz atenci\u00f3n a distancia.<\/p>\n<p>Visit es ideal para familias que desean <strong>tranquilidad sin invadir el espacio de un ser querido<\/strong>, cuidadores que buscan una alternativa rentable a las visitas a domicilio o personas mayores o dependientes que valoran un apoyo discreto y digno.<\/p>\n<hr \/>\n","protected":false},"excerpt":{"rendered":"<p>Visit supervisi\u00f3n remota, es una soluci\u00f3n de asistencia que mantiene a salvo a sus seres queridos respetando su independencia, sin visitas molestas ni estr\u00e9s innecesario, s\u00f3lo tranquilidad para todos. Se trata de una supervisi\u00f3n remota que es una forma m\u00e1s inteligente de proporcionar atenci\u00f3n y apoyo, mediante una supervisi\u00f3n segura basada en c\u00e1maras que solo se activa cuando es necesario.<\/p>\n","protected":false},"author":4,"featured_media":73,"template":"","meta":{"_acf_changed":false},"product_brand":[],"product_cat":[19],"product_tag":[],"class_list":{"0":"post-74","1":"product","2":"type-product","3":"status-publish","4":"has-post-thumbnail","6":"product_cat-accessories","8":"first","9":"instock","10":"shipping-taxable","11":"purchasable","12":"product-type-simple"},"acf":[],"_links":{"self":[{"href":"https:\/\/www.careium.com\/es\/wp-json\/wp\/v2\/product\/74","targetHints":{"allow":["GET"]}}],"collection":[{"href":"https:\/\/www.careium.com\/es\/wp-json\/wp\/v2\/product"}],"about":[{"href":"https:\/\/www.careium.com\/es\/wp-json\/wp\/v2\/types\/product"}],"author":[{"embeddable":true,"href":"https:\/\/www.careium.com\/es\/wp-json\/wp\/v2\/users\/4"}],"wp:featuredmedia":[{"embeddable":true,"href":"https:\/\/www.careium.com\/es\/wp-json\/wp\/v2\/media\/73"}],"wp:attachment":[{"href":"https:\/\/www.careium.com\/es\/wp-json\/wp\/v2\/media?parent=74"}],"wp:term":[{"taxonomy":"product_brand","embeddable":true,"href":"https:\/\/www.careium.com\/es\/wp-json\/wp\/v2\/product_brand?post=74"},{"taxonomy":"product_cat","embeddable":true,"href":"https:\/\/www.careium.com\/es\/wp-json\/wp\/v2\/product_cat?post=74"},{"taxonomy":"product_tag","embeddable":true,"href":"https:\/\/www.careium.com\/es\/wp-json\/wp\/v2\/product_tag?post=74"}],"curies":[{"name":"wp","href":"https:\/\/api.w.org\/{rel}","templated":true}]}}