{"id":80,"date":"2025-05-06T17:00:35","date_gmt":"2025-05-06T17:00:35","guid":{"rendered":"https:\/\/www.careium.com\/es\/?post_type=product&#038;p=80"},"modified":"2025-05-21T12:21:31","modified_gmt":"2025-05-21T12:21:31","slug":"careium-450","status":"publish","type":"product","link":"https:\/\/www.careium.com\/es\/soluciones-de-teleasistencia\/alarmas-personales-dispositivos-de-teleasistencia\/careium-450\/","title":{"rendered":"Careium 450"},"content":{"rendered":"<h3><strong>\u00bfC\u00f3mo funciona?<\/strong><\/h3>\n<p>El sistema de teleasistencia m\u00f3vil con localizaci\u00f3n GPS de Careium es una soluci\u00f3n excelente que ofrece tranquilidad a las personas mayores m\u00e1s fr\u00e1giles y a sus familiares. Adem\u00e1s de permitir a la persona usuaria activar una alarma si necesita ayuda o se encuentra angustiado, tambi\u00e9n proporciona alarmas que se activan autom\u00e1ticamente, por ejemplo, debido a una ca\u00edda o cuando el usuario abandona una zona segura. Se pueden programar varias zonas seguras para el geoposicionamiento y se pueden enviar alertas a varios destinatarios o a un centro de recepci\u00f3n de alarmas. Careium 450 viene con una estaci\u00f3n de carga que funciona como una baliza de posicionamiento en el hogar, as\u00ed como m\u00faltiples balizas y grupos de balizas que se pueden utilizar para avisar a un proveedor de servicios si el usuario tiene que salir del hogar.<\/p>\n<h3><strong>\u00bfQu\u00e9 problema soluciona?<\/strong><\/h3>\n<p>La actividad f\u00edsica regular es especialmente importante cuanto mayor es una persona. No solo tiene un efecto positivo significativo en la memoria, la atenci\u00f3n y los tiempos de reacci\u00f3n, sino que tambi\u00e9n est\u00e1 demostrado de manera emp\u00edrica y diagn\u00f3stica que reduce significativamente las depresiones en las personas mayores. En Careium, queremos que las personas lleven una vida lo m\u00e1s normal y activa posible durante el m\u00e1ximo tiempo posible. Los sistemas de teleasistencia m\u00f3vil como el Careium 450 permiten a las personas mayores o dependientes ser independientes y mantenerse activas durante m\u00e1s tiempo.<\/p>\n","protected":false},"excerpt":{"rendered":"<p>Careium 450 es un sistema de teleasistencia m\u00f3vil con GPS peque\u00f1o y c\u00f3modo que mejora la seguridad tanto en el hogar como all\u00ed donde vaya el usuario. Es f\u00e1cil de llevar en todo momento, en un bolsillo o como colgante, y se puede utilizar incluso en la ducha, gracias a su dise\u00f1o resistente al agua (IP67). Cuando se pulsa el bot\u00f3n de asistencia de emergencia, se env\u00eda una alarma al centro de recepci\u00f3n de alarmas y un altavoz incorporado permite la comunicaci\u00f3n por voz con personal cualificado del centro. El GPS, la Wi-Fi y la baliza de posicionamiento son funciones que ayudan a proporcionar no solo la ubicaci\u00f3n del usuario, sino tambi\u00e9n un seguimiento avanzado y una funcionalidad de geoposicionamiento que incorpora tecnolog\u00eda de bajo consumo para que la bater\u00eda dure m\u00e1s.<\/p>\n","protected":false},"author":4,"featured_media":79,"template":"","meta":{"_acf_changed":false},"product_brand":[],"product_cat":[18],"product_tag":[],"class_list":{"0":"post-80","1":"product","2":"type-product","3":"status-publish","4":"has-post-thumbnail","6":"product_cat-mobile-social-alarm","8":"first","9":"instock","10":"shipping-taxable","11":"purchasable","12":"product-type-simple"},"acf":[],"_links":{"self":[{"href":"https:\/\/www.careium.com\/es\/wp-json\/wp\/v2\/product\/80","targetHints":{"allow":["GET"]}}],"collection":[{"href":"https:\/\/www.careium.com\/es\/wp-json\/wp\/v2\/product"}],"about":[{"href":"https:\/\/www.careium.com\/es\/wp-json\/wp\/v2\/types\/product"}],"author":[{"embeddable":true,"href":"https:\/\/www.careium.com\/es\/wp-json\/wp\/v2\/users\/4"}],"wp:featuredmedia":[{"embeddable":true,"href":"https:\/\/www.careium.com\/es\/wp-json\/wp\/v2\/media\/79"}],"wp:attachment":[{"href":"https:\/\/www.careium.com\/es\/wp-json\/wp\/v2\/media?parent=80"}],"wp:term":[{"taxonomy":"product_brand","embeddable":true,"href":"https:\/\/www.careium.com\/es\/wp-json\/wp\/v2\/product_brand?post=80"},{"taxonomy":"product_cat","embeddable":true,"href":"https:\/\/www.careium.com\/es\/wp-json\/wp\/v2\/product_cat?post=80"},{"taxonomy":"product_tag","embeddable":true,"href":"https:\/\/www.careium.com\/es\/wp-json\/wp\/v2\/product_tag?post=80"}],"curies":[{"name":"wp","href":"https:\/\/api.w.org\/{rel}","templated":true}]}}