{"id":84,"date":"2025-04-29T11:13:42","date_gmt":"2025-04-29T11:13:42","guid":{"rendered":"https:\/\/www.careium.com\/es\/?post_type=product&#038;p=84"},"modified":"2026-03-30T09:43:23","modified_gmt":"2026-03-30T09:43:23","slug":"ellis-alarma-personal-colgante-elegante-discreta-y-resistente-al-agua","status":"publish","type":"product","link":"https:\/\/www.careium.com\/es\/soluciones-de-teleasistencia\/alarmas-personales-dispositivos-de-teleasistencia\/ellis-alarma-personal-colgante-elegante-discreta-y-resistente-al-agua\/","title":{"rendered":"Ellis pulsador colgante &#8211; Elegante, Discreto y Resistente al Agua"},"content":{"rendered":"<p>Los colgantes tradicionales pueden parecer dispositivos m\u00e9dicos, estigmatizantes y molestos, lo que hace que las personas usuarias sean reacias a llevarlos. Ellis cambia esta situaci\u00f3n con un elegante dise\u00f1o de gema negra que se integra en la vida cotidiana, en la indumentaria de las personas y fomenta su uso constante.<\/p>\n<p>Ellis es resistente al agua, por lo que puede usarse en la ducha o en la ba\u00f1era, y tiene una pila de larga duraci\u00f3n. Su cuidadoso dise\u00f1o incluye una cadena magn\u00e9tica de f\u00e1cil cierre, antirrozaduras para mayor seguridad y comodidad, incluso mientras duermes. Es f\u00e1cil de usar y cuenta con un discreto bot\u00f3n trasero que garantiza un acceso r\u00e1pido a la ayuda cuando se necesita.<\/p>\n<p>No es s\u00f3lo un colgante, es <strong>confianza, independencia y estilo<\/strong> todo en uno. Tanto si est\u00e1s en casa como en el jard\u00edn, Ellis te mantiene conectado a la <strong>ayuda siempre que la necesites<\/strong>.<\/p>\n","protected":false},"excerpt":{"rendered":"<p>\u00bfBuscas una alternativa a los colgantes de teleasistencia de aspecto tradicional? Conoce <strong>Ellis<\/strong>, el elegante <strong>colgante inspirado en una joya<\/strong> que se integra a la perfecci\u00f3n en la vida cotidiana y en tu modo de vestir, mientras te mantiene conectado a la <strong>ayuda con solo pulsar un bot\u00f3n<\/strong>. Dise\u00f1ado para complementar discretamente su estilo, anima a las personas usuarias a llevarlo con confianza y orgullo.<\/p>\n<p>Fabricado con la misma tecnolog\u00eda fiable que nuestro pulsador b\u00e1sico de teleasistencia <strong>Enzo<\/strong>, es compatible con todos nuestros terminales de teleasistencia, incluso el terminal m\u00f3vil <strong>Abby<\/strong>, lo que garantiza que la ayuda est\u00e9 siempre al alcance de la mano.<\/p>\n<p class=\"\" data-start=\"111\" data-end=\"424\">Ya est\u00e9s en casa, en el jard\u00edn o simplemente haciendo tu vida cotidiana, <strong data-start=\"186\" data-end=\"195\">Ellis<\/strong> est\u00e1 siempre a tu lado, listo para conectarte con la ayuda con s\u00f3lo pulsar un bot\u00f3n. No se trata solo de estar seguro. Se trata de sentirte c\u00f3modo y libre para vivir la vida a tu manera, sabiendo que la ayuda est\u00e1 siempre a tu alcance.<\/p>\n","protected":false},"author":5,"featured_media":4293,"template":"","meta":{"_acf_changed":false},"product_brand":[],"product_cat":[19],"product_tag":[],"class_list":{"0":"post-84","1":"product","2":"type-product","3":"status-publish","4":"has-post-thumbnail","6":"product_cat-accessories","8":"first","9":"instock","10":"shipping-taxable","11":"purchasable","12":"product-type-simple"},"acf":[],"_links":{"self":[{"href":"https:\/\/www.careium.com\/es\/wp-json\/wp\/v2\/product\/84","targetHints":{"allow":["GET"]}}],"collection":[{"href":"https:\/\/www.careium.com\/es\/wp-json\/wp\/v2\/product"}],"about":[{"href":"https:\/\/www.careium.com\/es\/wp-json\/wp\/v2\/types\/product"}],"author":[{"embeddable":true,"href":"https:\/\/www.careium.com\/es\/wp-json\/wp\/v2\/users\/5"}],"wp:featuredmedia":[{"embeddable":true,"href":"https:\/\/www.careium.com\/es\/wp-json\/wp\/v2\/media\/4293"}],"wp:attachment":[{"href":"https:\/\/www.careium.com\/es\/wp-json\/wp\/v2\/media?parent=84"}],"wp:term":[{"taxonomy":"product_brand","embeddable":true,"href":"https:\/\/www.careium.com\/es\/wp-json\/wp\/v2\/product_brand?post=84"},{"taxonomy":"product_cat","embeddable":true,"href":"https:\/\/www.careium.com\/es\/wp-json\/wp\/v2\/product_cat?post=84"},{"taxonomy":"product_tag","embeddable":true,"href":"https:\/\/www.careium.com\/es\/wp-json\/wp\/v2\/product_tag?post=84"}],"curies":[{"name":"wp","href":"https:\/\/api.w.org\/{rel}","templated":true}]}}