{"id":89,"date":"2025-04-29T12:47:50","date_gmt":"2025-04-29T12:47:50","guid":{"rendered":"https:\/\/www.careium.com\/es\/?post_type=product&#038;p=89"},"modified":"2026-03-27T12:12:08","modified_gmt":"2026-03-27T12:12:08","slug":"amy-reloj-gps-para-la-seguridad","status":"publish","type":"product","link":"https:\/\/www.careium.com\/es\/soluciones-de-teleasistencia\/alarmas-personales-dispositivos-de-teleasistencia\/amy-reloj-gps-para-la-seguridad\/","title":{"rendered":"Amy &#8211; Reloj GPS asistencia personalizada para la libertad y la seguridad"},"content":{"rendered":"<p><strong>Amy<\/strong> no es s\u00f3lo un reloj: es un compa\u00f1ero para la seguridad personal dise\u00f1ado para personas que valoran su independencia pero quieren la comodidad de saber que la ayuda est\u00e1 siempre a su alcance. Ya sea en casa, dando un paseo o visitando a los amigos, Amy proporciona un seguimiento GPS fiable, una comunicaci\u00f3n sencilla y asistencia de emergencia instant\u00e1nea con s\u00f3lo pulsar un bot\u00f3n.<\/p>\n<p>Este reloj GPS personal combina <strong>tecnolog\u00eda moderna<\/strong> con <strong>usabilidad diaria<\/strong>, ofreciendo seguridad sin sacrificar la libertad.<\/p>\n<hr \/>\n<h3><strong>Si\u00e9ntete libre para vivir la vida a tu manera<\/strong><\/h3>\n<p>Con Amy en su mu\u00f1eca, usted o su ser querido pueden disfrutar con confianza de las rutinas diarias, aficiones y actividades al aire libre, sabiendo que el apoyo est\u00e1 ah\u00ed si es necesario. Gracias al <strong>seguimiento de ubicaci\u00f3n GPS<\/strong> integrado, es f\u00e1cil para los cuidadores o familiares comprobarlo cuando sea necesario y localizar al usuario r\u00e1pidamente en caso de emergencia.<\/p>\n<p>Ya sea por una ca\u00edda, malestar o desorientaci\u00f3n en un lugar desconocido, Amy facilita la petici\u00f3n de ayuda con solo pulsar un bot\u00f3n.<\/p>\n<hr \/>\n<h3><strong>Caracter\u00edsticas principales &#8211; Mantente conectado, mantente seguro<\/strong><\/h3>\n<ul>\n<li><strong>Rastreo GPS y uso compartido de la ubicaci\u00f3n<\/strong><br \/>\nLocaliza f\u00e1cilmente la ubicaci\u00f3n del usuario y proporciona asistencia r\u00e1pida cuando sea necesario.<\/li>\n<li><strong>Bot\u00f3n SOS para ayuda inmediata<\/strong><br \/>\nUn bot\u00f3n f\u00e1cil de pulsar conecta directamente con la ayuda en caso de emergencia.<\/li>\n<li><strong>Comunicaci\u00f3n de voz bidireccional<\/strong><br \/>\nHabla directamente a trav\u00e9s del reloj, sin necesidad de un tel\u00e9fono aparte.<\/li>\n<li><strong>Dise\u00f1o c\u00f3modo y elegante<\/strong><br \/>\nLigero y discreto, dise\u00f1ado para el uso diario con un aspecto moderno que se adapta a cualquier estilo.<\/li>\n<li><strong>Seguro en casa o fuera de ella<\/strong><br \/>\nFunciona tanto en interiores como en exteriores, ofreciendo una cobertura fiable dondequiera que la vida te lleve.<\/li>\n<li><strong>Tranquilidad para las familias<\/strong><br \/>\nLos cuidadores y familiares pueden sentirse seguros sabiendo que pueden localizar f\u00e1cilmente a su ser querido cuando sea necesario.<\/li>\n<\/ul>\n<hr \/>\n<h3><strong>Para qui\u00e9n es<\/strong><\/h3>\n<p>Este reloj GPS personal es ideal para:<\/p>\n<ul>\n<li>Adultos mayores que disfrutan manteni\u00e9ndose activos e independientes<\/li>\n<li>Adultos mayores que viven solos y desean seguridad adicional sin perder libertad<\/li>\n<li>Individuos con afecciones como demencia o p\u00e9rdida de memoria que pueden necesitar ayuda para la localizaci\u00f3n<\/li>\n<li>Familias que buscan una forma fiable de mantenerse conectadas y asegurar el bienestar de un ser querido<\/li>\n<\/ul>\n<hr \/>\n<h3><strong>\u00bfPor qu\u00e9 elegir Amy?<\/strong><\/h3>\n<p>A diferencia de muchas alarmas personales o rastreadores voluminosos, este reloj est\u00e1 dise\u00f1ado para ser <strong>c\u00f3modo, f\u00e1cil de usar y discreto<\/strong>. No parece un dispositivo de teleasistencia, sino parte de tu vida diaria.<\/p>\n<p>Su sencilla interfaz facilita su uso a las personas mayores, mientras que su avanzada tecnolog\u00eda garantiza un rendimiento fiable. Ya sea para la tranquilidad diaria o como parte de un plan de cuidados m\u00e1s amplio, Amy ofrece una forma <strong>m\u00e1s inteligente y segura de mantener la independencia<\/strong>.<\/p>\n<p>Amy es compatible con nuestra <strong>app i-care\u00ae plus<\/strong>, que permite a familiares y amigos participar en el cuidado de sus seres queridos. Con la aplicaci\u00f3n, puede gestionar las llamadas de alarma, ver la ubicaci\u00f3n de Amy en un mapa y hablar con el usuario, para que todos permanezcan conectados.<\/p>\n<hr \/>\n<h3><strong>Porque la seguridad nunca debe ser un obst\u00e1culo para vivir<\/strong><\/h3>\n<p>Elige Amy para ti o para alguien que te importa &#8211; y disfruta de la libertad de seguir haciendo las cosas que te gustan, con la tranquilidad de que la ayuda siempre est\u00e1 cerca.<\/p>\n<hr \/>\n","protected":false},"excerpt":{"rendered":"<p>Imagina un reloj que hace algo m\u00e1s que dar la hora: es tu compa\u00f1ero de seguridad personal. Amy garantiza que la ayuda est\u00e9 siempre a un bot\u00f3n de distancia, tanto si est\u00e1s en casa como si sales a pasear o a visitar a tus seres queridos. Dise\u00f1ado para quienes valoran la independencia sin concesiones, Amy combina un estilo discreto, funciones de seguridad avanzadas y asistencia de emergencia instant\u00e1nea, para que puedas vivir la vida con confianza.<\/p>\n","protected":false},"author":5,"featured_media":4447,"template":"","meta":{"_acf_changed":false},"product_brand":[],"product_cat":[18],"product_tag":[],"class_list":{"0":"post-89","1":"product","2":"type-product","3":"status-publish","4":"has-post-thumbnail","6":"product_cat-mobile-social-alarm","8":"first","9":"instock","10":"shipping-taxable","11":"purchasable","12":"product-type-simple"},"acf":[],"_links":{"self":[{"href":"https:\/\/www.careium.com\/es\/wp-json\/wp\/v2\/product\/89","targetHints":{"allow":["GET"]}}],"collection":[{"href":"https:\/\/www.careium.com\/es\/wp-json\/wp\/v2\/product"}],"about":[{"href":"https:\/\/www.careium.com\/es\/wp-json\/wp\/v2\/types\/product"}],"author":[{"embeddable":true,"href":"https:\/\/www.careium.com\/es\/wp-json\/wp\/v2\/users\/5"}],"wp:featuredmedia":[{"embeddable":true,"href":"https:\/\/www.careium.com\/es\/wp-json\/wp\/v2\/media\/4447"}],"wp:attachment":[{"href":"https:\/\/www.careium.com\/es\/wp-json\/wp\/v2\/media?parent=89"}],"wp:term":[{"taxonomy":"product_brand","embeddable":true,"href":"https:\/\/www.careium.com\/es\/wp-json\/wp\/v2\/product_brand?post=89"},{"taxonomy":"product_cat","embeddable":true,"href":"https:\/\/www.careium.com\/es\/wp-json\/wp\/v2\/product_cat?post=89"},{"taxonomy":"product_tag","embeddable":true,"href":"https:\/\/www.careium.com\/es\/wp-json\/wp\/v2\/product_tag?post=89"}],"curies":[{"name":"wp","href":"https:\/\/api.w.org\/{rel}","templated":true}]}}