{"id":94,"date":"2025-05-08T07:59:06","date_gmt":"2025-05-08T07:59:06","guid":{"rendered":"https:\/\/www.careium.com\/es\/?post_type=product&#038;p=94"},"modified":"2026-03-04T10:11:42","modified_gmt":"2026-03-04T10:11:42","slug":"eliza-s-proteccion-sencilla-y-fiable-cuando-mas-importa","status":"publish","type":"product","link":"https:\/\/www.careium.com\/es\/soluciones-de-teleasistencia\/alarmas-personales-dispositivos-de-teleasistencia\/eliza-s-proteccion-sencilla-y-fiable-cuando-mas-importa\/","title":{"rendered":"Eliza S &#8211; Protecci\u00f3n sencilla y fiable cuando m\u00e1s importa"},"content":{"rendered":"<h3><strong>Ayuda r\u00e1pida cuando m\u00e1s importa<\/strong><\/h3>\n<p>Si un ser querido sufre una ca\u00edda, se encuentra mal o necesita ayuda de emergencia, Eliza S le conecta instant\u00e1neamente con la asistencia con solo <strong>presionar el bot\u00f3n de alarma<\/strong>. Sin pasos complicados, solo protecci\u00f3n fiable al alcance de su mano.<\/p>\n<p>Perfecta para personas mayores, personas dependientes, personas con problemas m\u00e9dicos o familias que desean una tranquilidad r\u00e1pida y fiable. Tanto si se trata de un accidente repentino como de un problema de salud, la ayuda est\u00e1 siempre al alcance de la mano.<\/p>\n<p>Incluye un bot\u00f3n de alarma como <a href=\"https:\/\/www.careium.com\/es\/soluciones-de-teleasistencia\/alarmas-personales-dispositivos-de-teleasistencia\/enzo-personal-alarm-trigger-mantengase-seguro-e-independiente\/\">Enzo<\/a> o <a href=\"https:\/\/www.careium.com\/es\/soluciones-de-teleasistencia\/alarmas-personales-dispositivos-de-teleasistencia\/ellis-alarma-personal-colgante-elegante-discreta-y-resistente-al-agua\/\">Ellis<\/a> para llevar en la mu\u00f1eca o alrededor del cuello, incluso en la ducha o la ba\u00f1era, para que la ayuda est\u00e9 siempre a mano. Nuestros colgantes son compactos, c\u00f3modos y resistentes al agua (IP67).<\/p>\n<p>Este terminal de teleasistencia le ofrece a usted y a su familia la tranquilidad de saber que est\u00e1n protegidos con la tecnolog\u00eda m\u00e1s avanzada.<\/p>\n","protected":false},"excerpt":{"rendered":"<p>Eliza S es la versi\u00f3n elegante y compacta de nuestra gama de terminales de teleasistencia Eliza. Dise\u00f1ado para integrarse perfectamente en su hogar, este moderno dispositivo de seguridad es tan f\u00e1cil de instalar como de usar. Col\u00f3quelo sobre una mesa o en la pared, donde m\u00e1s le convenga.<\/p>\n","protected":false},"author":4,"featured_media":93,"template":"","meta":{"_acf_changed":false},"product_brand":[],"product_cat":[17],"product_tag":[],"class_list":{"0":"post-94","1":"product","2":"type-product","3":"status-publish","4":"has-post-thumbnail","6":"product_cat-social-alarms","8":"first","9":"instock","10":"shipping-taxable","11":"purchasable","12":"product-type-simple"},"acf":[],"_links":{"self":[{"href":"https:\/\/www.careium.com\/es\/wp-json\/wp\/v2\/product\/94","targetHints":{"allow":["GET"]}}],"collection":[{"href":"https:\/\/www.careium.com\/es\/wp-json\/wp\/v2\/product"}],"about":[{"href":"https:\/\/www.careium.com\/es\/wp-json\/wp\/v2\/types\/product"}],"author":[{"embeddable":true,"href":"https:\/\/www.careium.com\/es\/wp-json\/wp\/v2\/users\/4"}],"wp:featuredmedia":[{"embeddable":true,"href":"https:\/\/www.careium.com\/es\/wp-json\/wp\/v2\/media\/93"}],"wp:attachment":[{"href":"https:\/\/www.careium.com\/es\/wp-json\/wp\/v2\/media?parent=94"}],"wp:term":[{"taxonomy":"product_brand","embeddable":true,"href":"https:\/\/www.careium.com\/es\/wp-json\/wp\/v2\/product_brand?post=94"},{"taxonomy":"product_cat","embeddable":true,"href":"https:\/\/www.careium.com\/es\/wp-json\/wp\/v2\/product_cat?post=94"},{"taxonomy":"product_tag","embeddable":true,"href":"https:\/\/www.careium.com\/es\/wp-json\/wp\/v2\/product_tag?post=94"}],"curies":[{"name":"wp","href":"https:\/\/api.w.org\/{rel}","templated":true}]}}