{"id":98,"date":"2025-04-29T13:12:21","date_gmt":"2025-04-29T13:12:21","guid":{"rendered":"https:\/\/www.careium.com\/es\/?post_type=product&#038;p=98"},"modified":"2025-05-27T13:20:20","modified_gmt":"2025-05-27T13:20:20","slug":"vibby-oak-alarma-de-caida","status":"publish","type":"product","link":"https:\/\/www.careium.com\/es\/soluciones-de-teleasistencia\/alarmas-personales-dispositivos-de-teleasistencia\/vibby-oak-alarma-de-caida\/","title":{"rendered":"Vibby OAK &#8211; Alarma de ca\u00edda"},"content":{"rendered":"<p>El dispositivo detecta autom\u00e1ticamente las ca\u00eddas fuertes: si se produce una ca\u00edda, vibra y parpadea durante 20 segundos, d\u00e1ndole tiempo para cancelar la alerta. La cancelaci\u00f3n es sencilla: basta con cubrir el sensor con la mano durante 2 segundos o levantarse antes de que transcurran 6 segundos. Si no hay respuesta, el dispositivo avisa al centro de vigilancia 24\/7 para que se pueda enviar ayuda r\u00e1pidamente. Adem\u00e1s, cuenta con un bot\u00f3n de alarma manual que se puede pulsar en cualquier momento que se sienta mal o necesite ayuda.<\/p>\n<h3><strong>Caracter\u00edsticas principales &#8211; Detector de ca\u00eddas\u00a0<\/strong><\/h3>\n<ul>\n<li><strong>Comodidad de uso<br \/>\n<\/strong>Se puede llevar como pulsera o colgante, garantizando la comodidad d\u00eda y noche. Material hipoalerg\u00e9nico al contacto con la piel.<\/li>\n<li><strong>Reducci\u00f3n de falsas alarmas<br \/>\n<\/strong>Tecnolog\u00eda avanzada que minimiza las alertas innecesarias. Doble sistema de detecci\u00f3n de ca\u00eddas.<\/li>\n<li><strong>Bater\u00eda de larga duraci\u00f3n<br \/>\n<\/strong>Funciona hasta 2 a\u00f1os y la sustituci\u00f3n de la bater\u00eda es muy f\u00e1cil. Larga vida \u00fatil de la bater\u00eda.<\/li>\n<li><strong>Dise\u00f1o resistente al agua<br \/>\n<\/strong>Ideal para su uso en la ducha y en el ba\u00f1o, donde m\u00e1s ca\u00eddas se producen.<\/li>\n<\/ul>\n<p>Cada minuto cuenta despu\u00e9s de una ca\u00edda. Con <strong>Vibby OAK<\/strong>, usted o su ser querido pueden mantenerse independientes mientras tienen la seguridad de un soporte de emergencia 24\/7.<\/p>\n<p class=\"has-small-font-size\"><strong>Notas Importantes<\/strong>: <em>Funciona mejor para ca\u00eddas fuertes y repentinas (puede no detectar resbalones lentos o ca\u00eddas de sillas\/camas). Ll\u00e9velo siempre puesto, especialmente en la ducha y por la noche, donde suelen producirse ca\u00eddas. <\/em><\/p>\n","protected":false},"excerpt":{"rendered":"<p>El detector de ca\u00eddas Vibby OAK ofrece asistencia r\u00e1pida en caso de ca\u00edda, incluso cuando usted o su ser querido no puedan pulsar un bot\u00f3n. Este dispositivo es esencial para mantener la independencia y la seguridad, proporcionando tranquilidad las 24 horas del d\u00eda, especialmente a las personas mayores o dependientes.<\/p>\n","protected":false},"author":5,"featured_media":39,"template":"","meta":{"_acf_changed":false},"product_brand":[],"product_cat":[19],"product_tag":[],"class_list":{"0":"post-98","1":"product","2":"type-product","3":"status-publish","4":"has-post-thumbnail","6":"product_cat-accessories","8":"first","9":"instock","10":"shipping-taxable","11":"purchasable","12":"product-type-simple"},"acf":[],"_links":{"self":[{"href":"https:\/\/www.careium.com\/es\/wp-json\/wp\/v2\/product\/98","targetHints":{"allow":["GET"]}}],"collection":[{"href":"https:\/\/www.careium.com\/es\/wp-json\/wp\/v2\/product"}],"about":[{"href":"https:\/\/www.careium.com\/es\/wp-json\/wp\/v2\/types\/product"}],"author":[{"embeddable":true,"href":"https:\/\/www.careium.com\/es\/wp-json\/wp\/v2\/users\/5"}],"wp:featuredmedia":[{"embeddable":true,"href":"https:\/\/www.careium.com\/es\/wp-json\/wp\/v2\/media\/39"}],"wp:attachment":[{"href":"https:\/\/www.careium.com\/es\/wp-json\/wp\/v2\/media?parent=98"}],"wp:term":[{"taxonomy":"product_brand","embeddable":true,"href":"https:\/\/www.careium.com\/es\/wp-json\/wp\/v2\/product_brand?post=98"},{"taxonomy":"product_cat","embeddable":true,"href":"https:\/\/www.careium.com\/es\/wp-json\/wp\/v2\/product_cat?post=98"},{"taxonomy":"product_tag","embeddable":true,"href":"https:\/\/www.careium.com\/es\/wp-json\/wp\/v2\/product_tag?post=98"}],"curies":[{"name":"wp","href":"https:\/\/api.w.org\/{rel}","templated":true}]}}