{"id":2235,"date":"2025-05-29T09:48:41","date_gmt":"2025-05-29T09:48:41","guid":{"rendered":"https:\/\/www.careium.com\/fr\/?page_id=2235"},"modified":"2026-03-27T17:03:48","modified_gmt":"2026-03-27T16:03:48","slug":"eco-information","status":"publish","type":"page","link":"https:\/\/www.careium.com\/fr\/a-propos\/durable\/eco-information\/","title":{"rendered":"\u00c9co information"},"content":{"rendered":"\n<h1 class=\"wp-block-heading\">Recyclage et propri\u00e9t\u00e9s environnementales<\/h1>\n\n\n\n<p class=\"has-text-align-left\"><strong>Vous avez besoin d\u2019informations sur le recyclage ou des donn\u00e9es concernant les propri\u00e9t\u00e9s environnementales ?<\/strong><\/p>\n\n\n\n<h3 class=\"wp-block-heading\">Informations environnementales<\/h3>\n\n\n\n<p>Notre engagement en mati\u00e8re de durabilit\u00e9 repose sur une conviction simple : aider les personnes \u00e2g\u00e9es \u00e0 mieux vivre.<br>En mettant notre technologie au service de celles et ceux qui ont besoin de soutien et d\u2019assistance, nous favorisons une vie plus autonome, plus s\u00fbre et de meilleure qualit\u00e9. Nous aidons \u00e9galement nos clients \u00e0 optimiser la gestion de leurs ressources, pour un impact durable et responsable.<\/p>\n\n\n\n<p>Careium est certifi\u00e9 selon les principales normes internationales : qualit\u00e9 (ISO 9001), environnement (ISO 14001) et s\u00e9curit\u00e9 de l\u2019information (ISO 27001). Nous soutenons activement l\u2019Agenda 2030 et les 17 Objectifs de d\u00e9veloppement durable des Nations Unies.<\/p>\n\n\n\n<h3 class=\"wp-block-heading\">Objectif 12 : Consommation et production responsables<\/h3>\n\n\n\n<p>Nous nous engageons \u00e0 choisir des mat\u00e9riaux pour nos produits qui pr\u00e9sentent de bonnes performances environnementales tout au long de leur cycle de vie, de l&rsquo;approvisionnement en mati\u00e8res premi\u00e8res au recyclage. Nous mettons un accent particulier sur la promotion de l\u2019utilisation circulaire des produits, en favorisant des taux \u00e9lev\u00e9s de r\u00e9utilisation et de recyclage. De plus, nous privil\u00e9gions les produits facilement r\u00e9parables et comportant des pi\u00e8ces rempla\u00e7ables.<\/p>\n\n\n\n<p>Choisissez une cat\u00e9gorie ci-dessous pour obtenir des informations suppl\u00e9mentaires sur nos produits et des conseils sur la mani\u00e8re dont vous pouvez contribuer \u00e0 la durabilit\u00e9 et au bien-\u00eatre de notre environnement.<br><\/p>\n\n\n<div class=\"wp-block-text-cards \"\n    style=\"\" data-columns=\"\">\n    \n<div class=\"wp-block-text-card\" style=\"\">\n    <h3>\u00c9co-conception<\/h3>\n<p>Informations concernant les donn\u00e9es sur l&rsquo;\u00e9co-conception<\/p>\n\n            <a class=\"wp-block-text-card__link link link--arrow \"\n            href=\"https:\/\/www.careium.com\/fr\/a-propos\/durable\/eco-information\/eco-design\/\" target=\"_self\">D\u00e9claration d\u2019\u00e9coconception<\/a>\n    <\/div>\n\n\n<div class=\"wp-block-text-card\" style=\"\">\n    <h3>Emballages<\/h3>\n<p>Gestion des d\u00e9chets d&#8217;emballages<\/p>\n\n            <a class=\"wp-block-text-card__link link link--arrow \"\n            href=\"https:\/\/www.careium.com\/fr\/a-propos\/durable\/eco-information\/packaging\/\" target=\"_self\">Tri des mat\u00e9riaux d\u2019emballage<\/a>\n    <\/div>\n\n\n<div class=\"wp-block-text-card\" style=\"\">\n    <h3>Batteries<\/h3>\n<p>Remplacement et \u00e9limination durable de nos batteries<\/p>\n\n            <a class=\"wp-block-text-card__link link link--arrow \"\n            href=\"https:\/\/www.careium.com\/fr\/a-propos\/durable\/eco-information\/batteries\/\" target=\"_self\">Recyclage des batteries<\/a>\n    <\/div>\n\n\n<div class=\"wp-block-text-card\" style=\"\">\n    <h3>\u00c9lectronique<\/h3>\n<p>Gestion et pr\u00e9vention des d\u00e9chets \u00e9lectroniques<\/p>\n\n            <a class=\"wp-block-text-card__link link link--arrow \"\n            href=\"https:\/\/www.careium.com\/fr\/a-propos\/durable\/eco-information\/electronics\/\" target=\"_self\">Gestion des d\u00e9chets \u00e9lectroniques<\/a>\n    <\/div>\n\n\n<\/div>\n","protected":false},"excerpt":{"rendered":"<p>Recyclage et propri\u00e9t\u00e9s environnementales Vous avez besoin d\u2019informations sur le recyclage ou des donn\u00e9es concernant les propri\u00e9t\u00e9s environnementales ? Informations environnementales Notre engagement en mati\u00e8re de durabilit\u00e9 repose sur une conviction simple : aider les personnes \u00e2g\u00e9es \u00e0 mieux vivre.En mettant notre technologie au service de celles et ceux qui ont besoin de soutien et&#8230;<\/p>\n","protected":false},"author":5,"featured_media":0,"parent":613,"menu_order":0,"comment_status":"closed","ping_status":"closed","template":"template-text-page.blade.php","meta":{"_acf_changed":false,"footnotes":""},"class_list":["post-2235","page","type-page","status-publish","hentry"],"acf":[],"_links":{"self":[{"href":"https:\/\/www.careium.com\/fr\/wp-json\/wp\/v2\/pages\/2235","targetHints":{"allow":["GET"]}}],"collection":[{"href":"https:\/\/www.careium.com\/fr\/wp-json\/wp\/v2\/pages"}],"about":[{"href":"https:\/\/www.careium.com\/fr\/wp-json\/wp\/v2\/types\/page"}],"author":[{"embeddable":true,"href":"https:\/\/www.careium.com\/fr\/wp-json\/wp\/v2\/users\/5"}],"replies":[{"embeddable":true,"href":"https:\/\/www.careium.com\/fr\/wp-json\/wp\/v2\/comments?post=2235"}],"version-history":[{"count":5,"href":"https:\/\/www.careium.com\/fr\/wp-json\/wp\/v2\/pages\/2235\/revisions"}],"predecessor-version":[{"id":5136,"href":"https:\/\/www.careium.com\/fr\/wp-json\/wp\/v2\/pages\/2235\/revisions\/5136"}],"up":[{"embeddable":true,"href":"https:\/\/www.careium.com\/fr\/wp-json\/wp\/v2\/pages\/613"}],"wp:attachment":[{"href":"https:\/\/www.careium.com\/fr\/wp-json\/wp\/v2\/media?parent=2235"}],"curies":[{"name":"wp","href":"https:\/\/api.w.org\/{rel}","templated":true}]}}