{"id":2238,"date":"2025-05-29T10:38:44","date_gmt":"2025-05-29T10:38:44","guid":{"rendered":"https:\/\/www.careium.com\/fr\/?page_id=2238"},"modified":"2026-01-30T09:59:58","modified_gmt":"2026-01-30T08:59:58","slug":"eco-design","status":"publish","type":"page","link":"https:\/\/www.careium.com\/fr\/a-propos\/durable\/eco-information\/eco-design\/","title":{"rendered":"\u00c9coconception"},"content":{"rendered":"\n<h1 class=\"wp-block-heading\">D\u00e9claration d\u2019\u00e9coconception<\/h1>\n\n\n<div class=\"wp-block-image\">\n<figure class=\"alignright size-full is-resized\"><img decoding=\"async\" src=\"https:\/\/www.careium.com\/app\/uploads\/sites\/8\/2025\/04\/www.careium.jpg\" alt=\"\" class=\"wp-image-1378\" style=\"width:136px;height:auto\"\/><\/figure>\n<\/div>\n\n\n<p>Careium d\u00e9clare que votre appareil est conforme aux exigences applicables du R\u00e8glement (UE) 2019\/1782 concernant les exigences \u00e9cologiques pour les alimentations \u00e9lectriques externes et du R\u00e8glement (CE) No 1275\/2008 \/ (UE) 2023\/826 concernant les exigences \u00e9cologiques pour les modes veille et \u00e9teint en vertu de la Directive 2009\/125\/CE et\/ou du R\u00e8glement (UE) 2024\/1781, ainsi que de la l\u00e9gislation britannique sur les produits li\u00e9s \u00e0 l&rsquo;\u00e9nergie.<\/p>\n\n\n\n<p>Les informations compl\u00e8tes concernant les donn\u00e9es de conception \u00e9cologique sont disponibles ci-dessous, en utilisant l&rsquo;identifiant du mod\u00e8le de l&rsquo;alimentation externe et\/ou le nom du mod\u00e8le du produit tel qu&rsquo;indiqu\u00e9 sur les plaques signal\u00e9tiques.<\/p>\n\n\n\n<div style=\"height:100px\" aria-hidden=\"true\" class=\"wp-block-spacer is-style-medium\"><\/div>\n\n\n<div class=\"wp-block-accordion\" style=\"\">\n    <details class=\"border-primary-80 group mb-4 rounded-xl border bg-white\">\n    <summary\n        class=\"flex cursor-pointer list-none items-center justify-between px-4 py-4 text-black lg:px-8 [&#038;::-webkit-details-marker]:hidden\">\n        <p class=\"group-open:text-primary-60 my-0 transition-colors\">S018BAM0900200 &#8211; Alimentation externe<\/p>\n        <i class=\"fa-solid fa-plus group-open:text-primary-60 transition-all duration-300 group-open:rotate-45\"><\/i>\n    <\/summary>\n    <div class=\"px-4 py-4 text-black lg:px-8 [&#038;_:first-child]:mt-0 [&#038;_:last-child]:mb-0\">\n        <p><strong>Nom du fabricant ou marque commerciale, num\u00e9ro d&rsquo;enregistrement commercial et adresse:<\/strong>Tenpao International.Chambre 10-11, 6e \u00e9tage, Kwong Sang Hong Centre, 151-153 Hoi Bun Road,Kwun Tong, Kowloon, Hong Kong.<strong><br \/>\n<\/strong><\/p>\n<p><strong>Num\u00e9ro de mod\u00e8le:<\/strong> S018BAM0900200<br \/>\n<strong>Tension d&rsquo;entr\u00e9e (VAC):<\/strong> 100-240<br \/>\n<strong>Fr\u00e9quence d&rsquo;entr\u00e9e en courant alternatif (Hz):<\/strong> 50-60<br \/>\n<strong>Tension de sortie (VDC):<\/strong> 9.0<br \/>\n<strong>Courant de sortie (A):<\/strong> 2.0<br \/>\n<strong>Puissance de sortie (W):<\/strong> 18.0<br \/>\n<strong>Efficacit\u00e9 active moyenne (%):<\/strong> 86,64<br \/>\n<strong>Efficacit\u00e9 \u00e0 faible charge (10%) (%):<\/strong> 84,12<br \/>\n<strong>Consommation d&rsquo;\u00e9nergie \u00e0 vide (W):<\/strong> 0,057<\/p>\n    <\/div>\n<\/details>\n<\/div>\n\n\n<div class=\"wp-block-accordion\" style=\"\">\n    <details class=\"border-primary-80 group mb-4 rounded-xl border bg-white\">\n    <summary\n        class=\"flex cursor-pointer list-none items-center justify-between px-4 py-4 text-black lg:px-8 [&#038;::-webkit-details-marker]:hidden\">\n        <p class=\"group-open:text-primary-60 my-0 transition-colors\">A150 &#8211; Gamme de produits Eliza<\/p>\n        <i class=\"fa-solid fa-plus group-open:text-primary-60 transition-all duration-300 group-open:rotate-45\"><\/i>\n    <\/summary>\n    <div class=\"px-4 py-4 text-black lg:px-8 [&#038;_:first-child]:mt-0 [&#038;_:last-child]:mb-0\">\n        <p>Les produits de la gamme Eliza sont des \u00e9quipements connect\u00e9s offrant une haute disponibilit\u00e9 r\u00e9seau (HiNA). Les informations suivantes d\u00e9pendent des interfaces r\u00e9seau disponibles sur chaque mod\u00e8le sp\u00e9cifique :<\/p>\n<p>\u2022 Consommation d&rsquo;\u00e9nergie en mode veille r\u00e9seau lorsque tous les ports r\u00e9seau c\u00e2bl\u00e9s sont connect\u00e9s et tous les ports sans fil activ\u00e9s : 2,10 W<\/p>\n<p>\u2022 Consommation d&rsquo;\u00e9nergie en mode r\u00e9seau cellulaire (2G, 3G, 4G) et Wi-Fi activ\u00e9 : Mode \u00e9teint 0,03 W, veille r\u00e9seau 2,10 W<\/p>\n<p>\u2022 Consommation d&rsquo;\u00e9nergie avec Wi-Fi activ\u00e9 : Mode \u00e9teint 0,03 W, veille r\u00e9seau 1,87 W<\/p>\n<p>\u2022 Les ports sans fil peuvent \u00eatre d\u00e9sactiv\u00e9s via la configuration logicielle.<\/p>\n    <\/div>\n<\/details>\n<\/div>\n","protected":false},"excerpt":{"rendered":"<p>D\u00e9claration d\u2019\u00e9coconception Careium d\u00e9clare que votre appareil est conforme aux exigences applicables du R\u00e8glement (UE) 2019\/1782 concernant les exigences \u00e9cologiques pour les alimentations \u00e9lectriques externes et du R\u00e8glement (CE) No 1275\/2008 \/ (UE) 2023\/826 concernant les exigences \u00e9cologiques pour les modes veille et \u00e9teint en vertu de la Directive 2009\/125\/CE et\/ou du R\u00e8glement (UE) 2024\/1781,&#8230;<\/p>\n","protected":false},"author":5,"featured_media":0,"parent":2235,"menu_order":0,"comment_status":"closed","ping_status":"closed","template":"template-text-page.blade.php","meta":{"_acf_changed":false,"footnotes":""},"class_list":["post-2238","page","type-page","status-publish","hentry"],"acf":[],"_links":{"self":[{"href":"https:\/\/www.careium.com\/fr\/wp-json\/wp\/v2\/pages\/2238","targetHints":{"allow":["GET"]}}],"collection":[{"href":"https:\/\/www.careium.com\/fr\/wp-json\/wp\/v2\/pages"}],"about":[{"href":"https:\/\/www.careium.com\/fr\/wp-json\/wp\/v2\/types\/page"}],"author":[{"embeddable":true,"href":"https:\/\/www.careium.com\/fr\/wp-json\/wp\/v2\/users\/5"}],"replies":[{"embeddable":true,"href":"https:\/\/www.careium.com\/fr\/wp-json\/wp\/v2\/comments?post=2238"}],"version-history":[{"count":4,"href":"https:\/\/www.careium.com\/fr\/wp-json\/wp\/v2\/pages\/2238\/revisions"}],"predecessor-version":[{"id":4675,"href":"https:\/\/www.careium.com\/fr\/wp-json\/wp\/v2\/pages\/2238\/revisions\/4675"}],"up":[{"embeddable":true,"href":"https:\/\/www.careium.com\/fr\/wp-json\/wp\/v2\/pages\/2235"}],"wp:attachment":[{"href":"https:\/\/www.careium.com\/fr\/wp-json\/wp\/v2\/media?parent=2238"}],"curies":[{"name":"wp","href":"https:\/\/api.w.org\/{rel}","templated":true}]}}