{"id":2247,"date":"2025-05-29T12:12:57","date_gmt":"2025-05-29T12:12:57","guid":{"rendered":"https:\/\/www.careium.com\/fr\/?page_id=2247"},"modified":"2026-02-10T12:32:58","modified_gmt":"2026-02-10T11:32:58","slug":"packaging","status":"publish","type":"page","link":"https:\/\/www.careium.com\/fr\/a-propos\/durable\/eco-information\/packaging\/","title":{"rendered":"Emballage"},"content":{"rendered":"\n<h1 class=\"wp-block-heading\">Emballage<\/h1>\n\n\n\n<div style=\"height:20px\" aria-hidden=\"true\" class=\"wp-block-spacer is-style-small\"><\/div>\n\n\n\n<h2 class=\"wp-block-heading has-text-align-left\">Notre engagement envers la responsabilit\u00e9 environnementale se refl\u00e8te \u00e0 chaque \u00e9tape du cycle de vie de nos produits. <\/h2>\n\n\n\n<div style=\"height:20px\" aria-hidden=\"true\" class=\"wp-block-spacer\"><\/div>\n\n\n\n<p class=\"has-text-align-left\">Nous imposons des exigences rigoureuses pour une conception et une production respectueuse de l&rsquo;environnement, garantissant que nos produits sont s\u00fbrs, durables et faciles \u00e0 \u00e9liminer de mani\u00e8re \u00e9cologique.<\/p>\n\n\n\n<h3 class=\"wp-block-heading\">Gestion des d\u00e9chets d&#8217;emballage<\/h3>\n\n\n\n<ul class=\"wp-block-list\">\n<li>En tant que client, vous jouez un r\u00f4le essentiel dans la pr\u00e9servation de l&rsquo;environnement et la conservation des ressources. En triant les mat\u00e9riaux d&#8217;emballage et en les recyclant correctement, vous contribuez \u00e0 un avenir plus durable. Veuillez v\u00e9rifier les consignes de recyclage, adopter des m\u00e9thodes d&rsquo;\u00e9limination appropri\u00e9es et suivre les recommandations de votre municipalit\u00e9.<\/li>\n\n\n\n<li>Nous r\u00e9duisons au minimum le volume et le poids des emballages, tout en garantissant la s\u00e9curit\u00e9, l&rsquo;hygi\u00e8ne et la satisfaction du consommateur.<\/li>\n\n\n\n<li>Nos emballages respectent les r\u00e9glementations de l&rsquo;UE et du Royaume-Uni concernant les substances dangereuses, la r\u00e9cup\u00e9ration et la recyclabilit\u00e9, ainsi que les normes nationales. \u2022 Nous assumons nos responsabilit\u00e9s \u00e9largies de producteur (REP) en finan\u00e7ant la collecte des d\u00e9chets et en collaborant avec des organisations de protection de l&rsquo;environnement. Nous mettons en place des syst\u00e8mes de reprise et travaillons avec des organisations de responsabilit\u00e9 des producteurs (ORP) pour respecter les l\u00e9gislations sp\u00e9cifiques de chaque pays.<\/li>\n<\/ul>\n\n\n\n<h3 class=\"wp-block-heading\">Exemples G\u00e9n\u00e9riques<\/h3>\n\n\n\n<p>Adaptez l&rsquo;exemple de gestion des d\u00e9chets d&#8217;emballage \u00e0 votre produit en identifiant le code sur les composants individuels et en suivant la proc\u00e9dure d\u00e9crite dans le tableau ci-dessous.<\/p>\n\n\n\n<figure class=\"wp-block-table\"><table class=\"has-fixed-layout\"><thead><tr><th class=\"has-text-align-center\" data-align=\"center\">Emballage d\u2019exemple<\/th><th class=\"has-text-align-center\" data-align=\"center\">Mat\u00e9riaux<\/th><th class=\"has-text-align-center\" data-align=\"center\">EU, 97\/129\/EC<\/th><th class=\"has-text-align-center\" data-align=\"center\">Marquages nationaux et\/ou locaux de recyclage et directives<\/th><th class=\"has-text-align-center\" data-align=\"center\">\u00c9limination des composants individuels<\/th><\/tr><\/thead><tbody><tr><td class=\"has-text-align-center\" data-align=\"center\"><img loading=\"lazy\" decoding=\"async\" width=\"150\" height=\"150\" class=\"wp-image-5010\" style=\"width: 150px;\" src=\"https:\/\/www.careium.com\/app\/uploads\/sites\/3\/2026\/02\/Corrugated-fibreboard.png\" alt=\"Corrugated fibreboard\" srcset=\"https:\/\/www.careium.com\/app\/uploads\/sites\/3\/2026\/02\/Corrugated-fibreboard.png 1000w, https:\/\/www.careium.com\/app\/uploads\/sites\/3\/2026\/02\/Corrugated-fibreboard-300x300.png 300w, https:\/\/www.careium.com\/app\/uploads\/sites\/3\/2026\/02\/Corrugated-fibreboard-150x150.png 150w, https:\/\/www.careium.com\/app\/uploads\/sites\/3\/2026\/02\/Corrugated-fibreboard-768x768.png 768w, https:\/\/www.careium.com\/app\/uploads\/sites\/3\/2026\/02\/Corrugated-fibreboard-120x120.png 120w, https:\/\/www.careium.com\/app\/uploads\/sites\/3\/2026\/02\/Corrugated-fibreboard-250x250.png 250w, https:\/\/www.careium.com\/app\/uploads\/sites\/3\/2026\/02\/Corrugated-fibreboard-360x360.png 360w, https:\/\/www.careium.com\/app\/uploads\/sites\/3\/2026\/02\/Corrugated-fibreboard-520x520.png 520w, https:\/\/www.careium.com\/app\/uploads\/sites\/3\/2026\/02\/Corrugated-fibreboard-700x700.png 700w, https:\/\/www.careium.com\/app\/uploads\/sites\/3\/2026\/02\/Corrugated-fibreboard-780x780.png 780w, https:\/\/www.careium.com\/app\/uploads\/sites\/3\/2026\/02\/Corrugated-fibreboard-600x600.png 600w, https:\/\/www.careium.com\/app\/uploads\/sites\/3\/2026\/02\/Corrugated-fibreboard-100x100.png 100w\" sizes=\"auto, (max-width: 150px) 100vw, 150px\" \/><\/td><td class=\"has-text-align-center\" data-align=\"center\">Carton ondul\u00e9<\/td><td class=\"has-text-align-center\" data-align=\"center\"><img decoding=\"async\" class=\"wp-image-3133\" style=\"width: 160px;\" src=\"https:\/\/www.careium.com\/app\/uploads\/sites\/8\/2025\/05\/recycling-codes-paper-cardboard-20-pap.svg\" alt=\"\"><img decoding=\"async\" class=\"wp-image-2510\" style=\"width: 250px;\" src=\"https:\/\/www.careium.com\/app\/uploads\/sites\/8\/2025\/05\/cardboard-recycle-icon.png\" alt=\"\"><\/td><td class=\"has-text-align-center\" data-align=\"center\"><img decoding=\"async\" class=\"wp-image-3135\" style=\"width: 217px;\" src=\"https:\/\/www.careium.com\/app\/uploads\/sites\/8\/2025\/05\/cardboard-recycle-icon-1.png\" alt=\"\"><img decoding=\"async\" class=\"wp-image-2519\" style=\"width: 250px;\" src=\"https:\/\/www.careium.com\/app\/uploads\/sites\/8\/2025\/05\/polyethene-recycle.png\" alt=\"\"><\/td><td class=\"has-text-align-center\" data-align=\"center\"><strong>Collecte de papier<\/strong><br>Veuillez consulter les directives municipales locales<\/td><\/tr><tr><td class=\"has-text-align-center\" data-align=\"center\"><img loading=\"lazy\" decoding=\"async\" width=\"150\" height=\"150\" class=\"wp-image-5014\" style=\"width: 150px;\" src=\"https:\/\/www.careium.com\/app\/uploads\/sites\/3\/2026\/02\/Polyethylene-Low-density.png\" alt=\"Polyethylene Low-density\" srcset=\"https:\/\/www.careium.com\/app\/uploads\/sites\/3\/2026\/02\/Polyethylene-Low-density.png 1000w, https:\/\/www.careium.com\/app\/uploads\/sites\/3\/2026\/02\/Polyethylene-Low-density-300x300.png 300w, https:\/\/www.careium.com\/app\/uploads\/sites\/3\/2026\/02\/Polyethylene-Low-density-150x150.png 150w, https:\/\/www.careium.com\/app\/uploads\/sites\/3\/2026\/02\/Polyethylene-Low-density-768x768.png 768w, https:\/\/www.careium.com\/app\/uploads\/sites\/3\/2026\/02\/Polyethylene-Low-density-120x120.png 120w, https:\/\/www.careium.com\/app\/uploads\/sites\/3\/2026\/02\/Polyethylene-Low-density-250x250.png 250w, https:\/\/www.careium.com\/app\/uploads\/sites\/3\/2026\/02\/Polyethylene-Low-density-360x360.png 360w, https:\/\/www.careium.com\/app\/uploads\/sites\/3\/2026\/02\/Polyethylene-Low-density-520x520.png 520w, https:\/\/www.careium.com\/app\/uploads\/sites\/3\/2026\/02\/Polyethylene-Low-density-700x700.png 700w, https:\/\/www.careium.com\/app\/uploads\/sites\/3\/2026\/02\/Polyethylene-Low-density-780x780.png 780w, https:\/\/www.careium.com\/app\/uploads\/sites\/3\/2026\/02\/Polyethylene-Low-density-600x600.png 600w, https:\/\/www.careium.com\/app\/uploads\/sites\/3\/2026\/02\/Polyethylene-Low-density-100x100.png 100w\" sizes=\"auto, (max-width: 150px) 100vw, 150px\" \/><\/td><td class=\"has-text-align-center\" data-align=\"center\">Poly\u00e9thyl\u00e8ne basse densit\u00e9<\/td><td class=\"has-text-align-center\" data-align=\"center\"><img loading=\"lazy\" decoding=\"async\" width=\"150\" height=\"150\" class=\"wp-image-5011\" style=\"width: 150px;\" src=\"https:\/\/www.careium.com\/app\/uploads\/sites\/3\/2026\/02\/eu-04.png\" alt=\"\" srcset=\"https:\/\/www.careium.com\/app\/uploads\/sites\/3\/2026\/02\/eu-04.png 1000w, https:\/\/www.careium.com\/app\/uploads\/sites\/3\/2026\/02\/eu-04-300x300.png 300w, https:\/\/www.careium.com\/app\/uploads\/sites\/3\/2026\/02\/eu-04-150x150.png 150w, https:\/\/www.careium.com\/app\/uploads\/sites\/3\/2026\/02\/eu-04-768x768.png 768w, https:\/\/www.careium.com\/app\/uploads\/sites\/3\/2026\/02\/eu-04-120x120.png 120w, https:\/\/www.careium.com\/app\/uploads\/sites\/3\/2026\/02\/eu-04-250x250.png 250w, https:\/\/www.careium.com\/app\/uploads\/sites\/3\/2026\/02\/eu-04-360x360.png 360w, https:\/\/www.careium.com\/app\/uploads\/sites\/3\/2026\/02\/eu-04-520x520.png 520w, https:\/\/www.careium.com\/app\/uploads\/sites\/3\/2026\/02\/eu-04-700x700.png 700w, https:\/\/www.careium.com\/app\/uploads\/sites\/3\/2026\/02\/eu-04-780x780.png 780w, https:\/\/www.careium.com\/app\/uploads\/sites\/3\/2026\/02\/eu-04-600x600.png 600w, https:\/\/www.careium.com\/app\/uploads\/sites\/3\/2026\/02\/eu-04-100x100.png 100w\" sizes=\"auto, (max-width: 150px) 100vw, 150px\" \/><\/td><td class=\"has-text-align-center\" data-align=\"center\"><img decoding=\"async\" class=\"wp-image-3168\" style=\"width: 217px;\" src=\"https:\/\/www.careium.com\/app\/uploads\/sites\/8\/2025\/05\/polyethene-recycle.png\" alt=\"\"><img decoding=\"async\" class=\"wp-image-2520\" style=\"width: 250px;\" src=\"https:\/\/www.careium.com\/app\/uploads\/sites\/8\/2025\/05\/cardboard-recycle-icon.png\" alt=\"\"><\/td><td class=\"has-text-align-center\" data-align=\"center\"><strong>Collecte de plastique<\/strong><br>Veuillez consulter les directives municipales locales<\/td><\/tr><tr><td class=\"has-text-align-center\" data-align=\"center\"><img loading=\"lazy\" decoding=\"async\" width=\"150\" height=\"150\" class=\"wp-image-5012\" style=\"width: 150px;\" src=\"https:\/\/www.careium.com\/app\/uploads\/sites\/3\/2026\/02\/Non-corrugated-fibreboard.png\" alt=\"Non-corrugated fibreboard\" srcset=\"https:\/\/www.careium.com\/app\/uploads\/sites\/3\/2026\/02\/Non-corrugated-fibreboard.png 1000w, https:\/\/www.careium.com\/app\/uploads\/sites\/3\/2026\/02\/Non-corrugated-fibreboard-300x300.png 300w, https:\/\/www.careium.com\/app\/uploads\/sites\/3\/2026\/02\/Non-corrugated-fibreboard-150x150.png 150w, https:\/\/www.careium.com\/app\/uploads\/sites\/3\/2026\/02\/Non-corrugated-fibreboard-768x768.png 768w, https:\/\/www.careium.com\/app\/uploads\/sites\/3\/2026\/02\/Non-corrugated-fibreboard-120x120.png 120w, https:\/\/www.careium.com\/app\/uploads\/sites\/3\/2026\/02\/Non-corrugated-fibreboard-250x250.png 250w, https:\/\/www.careium.com\/app\/uploads\/sites\/3\/2026\/02\/Non-corrugated-fibreboard-360x360.png 360w, https:\/\/www.careium.com\/app\/uploads\/sites\/3\/2026\/02\/Non-corrugated-fibreboard-520x520.png 520w, https:\/\/www.careium.com\/app\/uploads\/sites\/3\/2026\/02\/Non-corrugated-fibreboard-700x700.png 700w, https:\/\/www.careium.com\/app\/uploads\/sites\/3\/2026\/02\/Non-corrugated-fibreboard-780x780.png 780w, https:\/\/www.careium.com\/app\/uploads\/sites\/3\/2026\/02\/Non-corrugated-fibreboard-600x600.png 600w, https:\/\/www.careium.com\/app\/uploads\/sites\/3\/2026\/02\/Non-corrugated-fibreboard-100x100.png 100w\" sizes=\"auto, (max-width: 150px) 100vw, 150px\" \/><\/td><td class=\"has-text-align-center\" data-align=\"center\">Carton non ondul\u00e9<\/td><td class=\"has-text-align-center\" data-align=\"center\"><img decoding=\"async\" class=\"wp-image-3141\" style=\"width: 160px;\" src=\"https:\/\/www.careium.com\/app\/uploads\/sites\/8\/2025\/05\/recycling_codes_paper_21_pap.svg\" alt=\"\"><\/td><td class=\"has-text-align-center\" data-align=\"center\"><img decoding=\"async\" class=\"wp-image-3170\" style=\"width: 217px;\" src=\"https:\/\/www.careium.com\/app\/uploads\/sites\/8\/2025\/05\/cardboard-recycle-icon-paper.png\" alt=\"\"><img decoding=\"async\" class=\"wp-image-2524\" style=\"width: 250px;\" src=\"https:\/\/www.careium.com\/app\/uploads\/sites\/8\/2025\/05\/recycle.png\" alt=\"\"><\/td><td class=\"has-text-align-center\" data-align=\"center\"><strong>Collecte de papier<\/strong><br>Veuillez consulter les directives municipales locales<\/td><\/tr><tr><td class=\"has-text-align-center\" data-align=\"center\"><img decoding=\"async\" class=\"wp-image-2509\" style=\"width: 125px;\" src=\"https:\/\/www.careium.com\/app\/uploads\/sites\/8\/2025\/05\/paper.png\" alt=\"\"><\/td><td class=\"has-text-align-center\" data-align=\"center\">Papier<\/td><td class=\"has-text-align-center\" data-align=\"center\"><img decoding=\"async\" class=\"wp-image-3143\" style=\"width: 160px;\" src=\"https:\/\/www.careium.com\/app\/uploads\/sites\/8\/2025\/05\/recycling_codes_paper_22_pap-1.svg\" alt=\"\"><\/td><td class=\"has-text-align-center\" data-align=\"center\"><img decoding=\"async\" class=\"wp-image-3171\" style=\"width: 217px;\" src=\"https:\/\/www.careium.com\/app\/uploads\/sites\/8\/2025\/05\/recycle.png\" alt=\"\"><\/td><td class=\"has-text-align-center\" data-align=\"center\"><strong>Collecte de papier<\/strong><br>Veuillez consulter les directives municipales locales<\/td><\/tr><\/tbody><\/table><\/figure>\n","protected":false},"excerpt":{"rendered":"<p>Emballage Notre engagement envers la responsabilit\u00e9 environnementale se refl\u00e8te \u00e0 chaque \u00e9tape du cycle de vie de nos produits. Nous imposons des exigences rigoureuses pour une conception et une production respectueuse de l&rsquo;environnement, garantissant que nos produits sont s\u00fbrs, durables et faciles \u00e0 \u00e9liminer de mani\u00e8re \u00e9cologique. Gestion des d\u00e9chets d&#8217;emballage Exemples G\u00e9n\u00e9riques Adaptez l&rsquo;exemple&#8230;<\/p>\n","protected":false},"author":5,"featured_media":0,"parent":2235,"menu_order":0,"comment_status":"closed","ping_status":"closed","template":"template-text-page.blade.php","meta":{"_acf_changed":false,"footnotes":""},"class_list":["post-2247","page","type-page","status-publish","hentry"],"acf":[],"_links":{"self":[{"href":"https:\/\/www.careium.com\/fr\/wp-json\/wp\/v2\/pages\/2247","targetHints":{"allow":["GET"]}}],"collection":[{"href":"https:\/\/www.careium.com\/fr\/wp-json\/wp\/v2\/pages"}],"about":[{"href":"https:\/\/www.careium.com\/fr\/wp-json\/wp\/v2\/types\/page"}],"author":[{"embeddable":true,"href":"https:\/\/www.careium.com\/fr\/wp-json\/wp\/v2\/users\/5"}],"replies":[{"embeddable":true,"href":"https:\/\/www.careium.com\/fr\/wp-json\/wp\/v2\/comments?post=2247"}],"version-history":[{"count":4,"href":"https:\/\/www.careium.com\/fr\/wp-json\/wp\/v2\/pages\/2247\/revisions"}],"predecessor-version":[{"id":5015,"href":"https:\/\/www.careium.com\/fr\/wp-json\/wp\/v2\/pages\/2247\/revisions\/5015"}],"up":[{"embeddable":true,"href":"https:\/\/www.careium.com\/fr\/wp-json\/wp\/v2\/pages\/2235"}],"wp:attachment":[{"href":"https:\/\/www.careium.com\/fr\/wp-json\/wp\/v2\/media?parent=2247"}],"curies":[{"name":"wp","href":"https:\/\/api.w.org\/{rel}","templated":true}]}}