{"id":2268,"date":"2025-05-29T13:09:11","date_gmt":"2025-05-29T13:09:11","guid":{"rendered":"https:\/\/www.careium.com\/fr\/?page_id=2268"},"modified":"2026-03-27T17:07:51","modified_gmt":"2026-03-27T16:07:51","slug":"electronics","status":"publish","type":"page","link":"https:\/\/www.careium.com\/fr\/a-propos\/durable\/eco-information\/electronics\/","title":{"rendered":"\u00c9lectronique"},"content":{"rendered":"\n<h1 class=\"wp-block-heading\">\u00c9lectronique<\/h1>\n\n\n\n<p class=\"has-text-align-left\">Notre engagement envers la responsabilit\u00e9 environnementale se manifeste \u00e0 chaque \u00e9tape du cycle de vie de nos produits.<\/p>\n\n\n\n<p class=\"has-text-align-left\">Nous nous conformons \u00e0 des normes rigoureuses en mati\u00e8re de d\u00e9veloppement et de fabrication, et nous veillons \u00e0 ce que nos produits soient \u00e0 la fois s\u00fbrs, durables et con\u00e7us pour une \u00e9limination responsable.<\/p>\n\n\n\n<p>Les produits sont marqu\u00e9s du symbole de la poubelle barr\u00e9e (label WEEE), indiquant qu&rsquo;ils ne doivent pas \u00eatre jet\u00e9s avec les d\u00e9chets non tri\u00e9s, mais doivent \u00eatre envoy\u00e9s dans des installations de collecte s\u00e9par\u00e9e pour leur r\u00e9cup\u00e9ration et recyclage. Veuillez consulter les directives fournies par votre municipalit\u00e9 locale pour garantir une \u00e9limination durable et contribuer \u00e0 la conservation des ressources par le recyclage.<\/p>\n\n\n\n<h3 class=\"wp-block-heading\">Gestion et pr\u00e9vention des d\u00e9chets \u00e9lectroniques<\/h3>\n\n\n\n<p>Avant de d\u00e9cider de jeter l&rsquo;appareil, envisagez des alternatives telles que la r\u00e9paration ou le reconditionnement. Nous proposons des services de r\u00e9paration, des pi\u00e8ces reconditionn\u00e9es et des mises \u00e0 jour logicielles pour prolonger la dur\u00e9e de vie du produit. Prolonger la dur\u00e9e de vie r\u00e9duit consid\u00e9rablement l&#8217;empreinte environnementale et offre des avantages \u00e9conomiques aux consommateurs.<\/p>\n\n\n\n<p>Les d\u00e9chets \u00e9lectroniques contiennent un m\u00e9lange complexe de mat\u00e9riaux, dont certains sont dangereux. Si les appareils jet\u00e9s ne sont pas g\u00e9r\u00e9s correctement, ils peuvent causer des probl\u00e8mes environnementaux et sanitaires importants. De plus, les appareils modernes contiennent des ressources rares et pr\u00e9cieuses, y compris des mati\u00e8res premi\u00e8res critiques, qui peuvent \u00eatre recycl\u00e9es et r\u00e9utilis\u00e9es gr\u00e2ce \u00e0 une gestion efficace des d\u00e9chets.<\/p>\n\n\n\n<p>Am\u00e9liorer la collecte, le traitement et le recyclage des \u00e9quipements \u00e9lectriques et \u00e9lectroniques en fin de vie peut am\u00e9liorer l&rsquo;efficacit\u00e9 des ressources et favoriser la transition vers une \u00e9conomie circulaire. Cela peut \u00e9galement renforcer la s\u00e9curit\u00e9 de l&rsquo;approvisionnement en mati\u00e8res premi\u00e8res critiques, contribuant ainsi \u00e0 renforcer l&rsquo;autonomie strat\u00e9gique de l&rsquo;UE.<\/p>\n\n\n\n<p>Nous remplissons nos responsabilit\u00e9s de producteurs \u00e9tendus (REP) en finan\u00e7ant la collecte des d\u00e9chets et en d\u00e9clarant aupr\u00e8s des agences de protection de l&rsquo;environnement. Nous exploitons des syst\u00e8mes de reprise et nous connectons aux organisations de responsabilit\u00e9 des producteurs (PRO), directement ou par affiliation, pour r\u00e9pondre aux exigences et l\u00e9gislations sp\u00e9cifiques \u00e0 chaque pays.<\/p>\n\n\n\n<p><strong>Exemples g\u00e9n\u00e9riques<br><\/strong>Adaptez l&rsquo;exemple d&rsquo;\u00e9limination \u00e0 votre produit en identifiant le code sur les composants ou l&rsquo;appareil et suivez la proc\u00e9dure exemplifi\u00e9e dans le tableau.<\/p>\n\n\n\n<figure class=\"wp-block-table\"><table class=\"has-fixed-layout\"><thead><tr><th class=\"has-text-align-center\" data-align=\"center\">Exemple<\/th><th class=\"has-text-align-center\" data-align=\"center\">Type<\/th><th class=\"has-text-align-center\" data-align=\"center\">Marquage<\/th><th class=\"has-text-align-center\" data-align=\"center\">M\u00e9thode de recyclage appropri\u00e9e<\/th><\/tr><\/thead><tbody><tr><td class=\"has-text-align-center\" data-align=\"center\"><img loading=\"lazy\" decoding=\"async\" width=\"150\" height=\"150\" class=\"wp-image-5002\" style=\"width: 150px;\" src=\"https:\/\/www.careium.com\/app\/uploads\/sites\/3\/2026\/02\/Electronic-Product_device.png\" alt=\"Electronic Product_device Eliza\" srcset=\"https:\/\/www.careium.com\/app\/uploads\/sites\/3\/2026\/02\/Electronic-Product_device.png 1000w, https:\/\/www.careium.com\/app\/uploads\/sites\/3\/2026\/02\/Electronic-Product_device-300x300.png 300w, https:\/\/www.careium.com\/app\/uploads\/sites\/3\/2026\/02\/Electronic-Product_device-150x150.png 150w, https:\/\/www.careium.com\/app\/uploads\/sites\/3\/2026\/02\/Electronic-Product_device-768x768.png 768w, https:\/\/www.careium.com\/app\/uploads\/sites\/3\/2026\/02\/Electronic-Product_device-120x120.png 120w, https:\/\/www.careium.com\/app\/uploads\/sites\/3\/2026\/02\/Electronic-Product_device-250x250.png 250w, https:\/\/www.careium.com\/app\/uploads\/sites\/3\/2026\/02\/Electronic-Product_device-360x360.png 360w, https:\/\/www.careium.com\/app\/uploads\/sites\/3\/2026\/02\/Electronic-Product_device-520x520.png 520w, https:\/\/www.careium.com\/app\/uploads\/sites\/3\/2026\/02\/Electronic-Product_device-700x700.png 700w, https:\/\/www.careium.com\/app\/uploads\/sites\/3\/2026\/02\/Electronic-Product_device-780x780.png 780w, https:\/\/www.careium.com\/app\/uploads\/sites\/3\/2026\/02\/Electronic-Product_device-600x600.png 600w, https:\/\/www.careium.com\/app\/uploads\/sites\/3\/2026\/02\/Electronic-Product_device-100x100.png 100w\" sizes=\"auto, (max-width: 150px) 100vw, 150px\" \/><\/td><td class=\"has-text-align-center\" data-align=\"center\">Produit\/appareil \u00e9lectronique<\/td><td class=\"has-text-align-center\" data-align=\"center\"><img loading=\"lazy\" decoding=\"async\" width=\"150\" height=\"150\" class=\"wp-image-4992\" style=\"width: 150px;\" src=\"https:\/\/www.careium.com\/app\/uploads\/sites\/3\/2026\/02\/Lithium-Button-Cell-marking.png\" alt=\"\" srcset=\"https:\/\/www.careium.com\/app\/uploads\/sites\/3\/2026\/02\/Lithium-Button-Cell-marking.png 1000w, https:\/\/www.careium.com\/app\/uploads\/sites\/3\/2026\/02\/Lithium-Button-Cell-marking-300x300.png 300w, https:\/\/www.careium.com\/app\/uploads\/sites\/3\/2026\/02\/Lithium-Button-Cell-marking-150x150.png 150w, https:\/\/www.careium.com\/app\/uploads\/sites\/3\/2026\/02\/Lithium-Button-Cell-marking-768x768.png 768w, https:\/\/www.careium.com\/app\/uploads\/sites\/3\/2026\/02\/Lithium-Button-Cell-marking-120x120.png 120w, https:\/\/www.careium.com\/app\/uploads\/sites\/3\/2026\/02\/Lithium-Button-Cell-marking-250x250.png 250w, https:\/\/www.careium.com\/app\/uploads\/sites\/3\/2026\/02\/Lithium-Button-Cell-marking-360x360.png 360w, https:\/\/www.careium.com\/app\/uploads\/sites\/3\/2026\/02\/Lithium-Button-Cell-marking-520x520.png 520w, https:\/\/www.careium.com\/app\/uploads\/sites\/3\/2026\/02\/Lithium-Button-Cell-marking-700x700.png 700w, https:\/\/www.careium.com\/app\/uploads\/sites\/3\/2026\/02\/Lithium-Button-Cell-marking-780x780.png 780w, https:\/\/www.careium.com\/app\/uploads\/sites\/3\/2026\/02\/Lithium-Button-Cell-marking-600x600.png 600w, https:\/\/www.careium.com\/app\/uploads\/sites\/3\/2026\/02\/Lithium-Button-Cell-marking-100x100.png 100w\" sizes=\"auto, (max-width: 150px) 100vw, 150px\" \/><img decoding=\"async\" class=\"wp-image-2510\" style=\"width: 250px\" src=\"https:\/\/www.careium.com\/app\/uploads\/sites\/8\/2025\/05\/cardboard-recycle-icon.png\" alt=\"\"><\/td><td class=\"has-text-align-center\" data-align=\"center\"><strong>Installations de collecte s\u00e9par\u00e9e<br><\/strong>Envoyez-les vers des installations de collecte s\u00e9par\u00e9e pour leur r\u00e9cup\u00e9ration et recyclage. Ne les jetez pas avec les d\u00e9chets non tri\u00e9s.<br>Veuillez consulter les directives fournies par votre municipalit\u00e9 locale.<br><img decoding=\"async\" class=\"wp-image-2519\" style=\"width: 250px\" src=\"https:\/\/www.careium.com\/app\/uploads\/sites\/8\/2025\/05\/polyethene-recycle.png\" alt=\"\"><\/td><\/tr><tr><td class=\"has-text-align-center\" data-align=\"center\"><img loading=\"lazy\" decoding=\"async\" width=\"150\" height=\"150\" class=\"wp-image-5006\" style=\"width: 150px;\" src=\"https:\/\/www.careium.com\/app\/uploads\/sites\/3\/2026\/02\/External-Power-Supply-EPS.png\" alt=\"External Power Supply (EPS)\" srcset=\"https:\/\/www.careium.com\/app\/uploads\/sites\/3\/2026\/02\/External-Power-Supply-EPS.png 1000w, https:\/\/www.careium.com\/app\/uploads\/sites\/3\/2026\/02\/External-Power-Supply-EPS-300x300.png 300w, https:\/\/www.careium.com\/app\/uploads\/sites\/3\/2026\/02\/External-Power-Supply-EPS-150x150.png 150w, https:\/\/www.careium.com\/app\/uploads\/sites\/3\/2026\/02\/External-Power-Supply-EPS-768x768.png 768w, https:\/\/www.careium.com\/app\/uploads\/sites\/3\/2026\/02\/External-Power-Supply-EPS-120x120.png 120w, https:\/\/www.careium.com\/app\/uploads\/sites\/3\/2026\/02\/External-Power-Supply-EPS-250x250.png 250w, https:\/\/www.careium.com\/app\/uploads\/sites\/3\/2026\/02\/External-Power-Supply-EPS-360x360.png 360w, https:\/\/www.careium.com\/app\/uploads\/sites\/3\/2026\/02\/External-Power-Supply-EPS-520x520.png 520w, https:\/\/www.careium.com\/app\/uploads\/sites\/3\/2026\/02\/External-Power-Supply-EPS-700x700.png 700w, https:\/\/www.careium.com\/app\/uploads\/sites\/3\/2026\/02\/External-Power-Supply-EPS-780x780.png 780w, https:\/\/www.careium.com\/app\/uploads\/sites\/3\/2026\/02\/External-Power-Supply-EPS-600x600.png 600w, https:\/\/www.careium.com\/app\/uploads\/sites\/3\/2026\/02\/External-Power-Supply-EPS-100x100.png 100w\" sizes=\"auto, (max-width: 150px) 100vw, 150px\" \/><\/td><td class=\"has-text-align-center\" data-align=\"center\">Alimentation \u00e9lectrique externe (EPS)<\/td><td class=\"has-text-align-center\" data-align=\"center\"><img loading=\"lazy\" decoding=\"async\" width=\"150\" height=\"150\" class=\"wp-image-4992\" style=\"width: 150px;\" src=\"https:\/\/www.careium.com\/app\/uploads\/sites\/3\/2026\/02\/Lithium-Button-Cell-marking.png\" alt=\"\" srcset=\"https:\/\/www.careium.com\/app\/uploads\/sites\/3\/2026\/02\/Lithium-Button-Cell-marking.png 1000w, https:\/\/www.careium.com\/app\/uploads\/sites\/3\/2026\/02\/Lithium-Button-Cell-marking-300x300.png 300w, https:\/\/www.careium.com\/app\/uploads\/sites\/3\/2026\/02\/Lithium-Button-Cell-marking-150x150.png 150w, https:\/\/www.careium.com\/app\/uploads\/sites\/3\/2026\/02\/Lithium-Button-Cell-marking-768x768.png 768w, https:\/\/www.careium.com\/app\/uploads\/sites\/3\/2026\/02\/Lithium-Button-Cell-marking-120x120.png 120w, https:\/\/www.careium.com\/app\/uploads\/sites\/3\/2026\/02\/Lithium-Button-Cell-marking-250x250.png 250w, https:\/\/www.careium.com\/app\/uploads\/sites\/3\/2026\/02\/Lithium-Button-Cell-marking-360x360.png 360w, https:\/\/www.careium.com\/app\/uploads\/sites\/3\/2026\/02\/Lithium-Button-Cell-marking-520x520.png 520w, https:\/\/www.careium.com\/app\/uploads\/sites\/3\/2026\/02\/Lithium-Button-Cell-marking-700x700.png 700w, https:\/\/www.careium.com\/app\/uploads\/sites\/3\/2026\/02\/Lithium-Button-Cell-marking-780x780.png 780w, https:\/\/www.careium.com\/app\/uploads\/sites\/3\/2026\/02\/Lithium-Button-Cell-marking-600x600.png 600w, https:\/\/www.careium.com\/app\/uploads\/sites\/3\/2026\/02\/Lithium-Button-Cell-marking-100x100.png 100w\" sizes=\"auto, (max-width: 150px) 100vw, 150px\" \/><\/td><td class=\"has-text-align-center\" data-align=\"center\"><strong>Installations de collecte s\u00e9par\u00e9e<br><\/strong>Envoyez-les vers des installations de collecte s\u00e9par\u00e9e pour leur r\u00e9cup\u00e9ration et recyclage. Ne les jetez pas avec les d\u00e9chets non tri\u00e9s.<br>Veuillez consulter les directives fournies par votre municipalit\u00e9 locale.<br><img decoding=\"async\" class=\"wp-image-2520\" style=\"width: 250px\" src=\"https:\/\/www.careium.com\/app\/uploads\/sites\/8\/2025\/05\/cardboard-recycle-icon.png\" alt=\"\"><\/td><\/tr><tr><td class=\"has-text-align-center\" data-align=\"center\"><img loading=\"lazy\" decoding=\"async\" width=\"150\" height=\"150\" class=\"wp-image-5003\" style=\"width: 150px;\" src=\"https:\/\/www.careium.com\/app\/uploads\/sites\/3\/2026\/02\/Cable.png\" alt=\"\" srcset=\"https:\/\/www.careium.com\/app\/uploads\/sites\/3\/2026\/02\/Cable.png 1000w, https:\/\/www.careium.com\/app\/uploads\/sites\/3\/2026\/02\/Cable-300x300.png 300w, https:\/\/www.careium.com\/app\/uploads\/sites\/3\/2026\/02\/Cable-150x150.png 150w, https:\/\/www.careium.com\/app\/uploads\/sites\/3\/2026\/02\/Cable-768x768.png 768w, https:\/\/www.careium.com\/app\/uploads\/sites\/3\/2026\/02\/Cable-120x120.png 120w, https:\/\/www.careium.com\/app\/uploads\/sites\/3\/2026\/02\/Cable-250x250.png 250w, https:\/\/www.careium.com\/app\/uploads\/sites\/3\/2026\/02\/Cable-360x360.png 360w, https:\/\/www.careium.com\/app\/uploads\/sites\/3\/2026\/02\/Cable-520x520.png 520w, https:\/\/www.careium.com\/app\/uploads\/sites\/3\/2026\/02\/Cable-700x700.png 700w, https:\/\/www.careium.com\/app\/uploads\/sites\/3\/2026\/02\/Cable-780x780.png 780w, https:\/\/www.careium.com\/app\/uploads\/sites\/3\/2026\/02\/Cable-600x600.png 600w, https:\/\/www.careium.com\/app\/uploads\/sites\/3\/2026\/02\/Cable-100x100.png 100w\" sizes=\"auto, (max-width: 150px) 100vw, 150px\" \/><\/td><td class=\"has-text-align-center\" data-align=\"center\">Cable<\/td><td class=\"has-text-align-center\" data-align=\"center\"><img loading=\"lazy\" decoding=\"async\" width=\"150\" height=\"150\" class=\"wp-image-4992\" style=\"width: 150px;\" src=\"https:\/\/www.careium.com\/app\/uploads\/sites\/3\/2026\/02\/Lithium-Button-Cell-marking.png\" alt=\"\" srcset=\"https:\/\/www.careium.com\/app\/uploads\/sites\/3\/2026\/02\/Lithium-Button-Cell-marking.png 1000w, https:\/\/www.careium.com\/app\/uploads\/sites\/3\/2026\/02\/Lithium-Button-Cell-marking-300x300.png 300w, https:\/\/www.careium.com\/app\/uploads\/sites\/3\/2026\/02\/Lithium-Button-Cell-marking-150x150.png 150w, https:\/\/www.careium.com\/app\/uploads\/sites\/3\/2026\/02\/Lithium-Button-Cell-marking-768x768.png 768w, https:\/\/www.careium.com\/app\/uploads\/sites\/3\/2026\/02\/Lithium-Button-Cell-marking-120x120.png 120w, https:\/\/www.careium.com\/app\/uploads\/sites\/3\/2026\/02\/Lithium-Button-Cell-marking-250x250.png 250w, https:\/\/www.careium.com\/app\/uploads\/sites\/3\/2026\/02\/Lithium-Button-Cell-marking-360x360.png 360w, https:\/\/www.careium.com\/app\/uploads\/sites\/3\/2026\/02\/Lithium-Button-Cell-marking-520x520.png 520w, https:\/\/www.careium.com\/app\/uploads\/sites\/3\/2026\/02\/Lithium-Button-Cell-marking-700x700.png 700w, https:\/\/www.careium.com\/app\/uploads\/sites\/3\/2026\/02\/Lithium-Button-Cell-marking-780x780.png 780w, https:\/\/www.careium.com\/app\/uploads\/sites\/3\/2026\/02\/Lithium-Button-Cell-marking-600x600.png 600w, https:\/\/www.careium.com\/app\/uploads\/sites\/3\/2026\/02\/Lithium-Button-Cell-marking-100x100.png 100w\" sizes=\"auto, (max-width: 150px) 100vw, 150px\" \/><\/td><td class=\"has-text-align-center\" data-align=\"center\"><strong>Installations de collecte<br>s\u00e9par\u00e9e<\/strong><br>Envoyez-les vers des installations de collecte s\u00e9par\u00e9e pour leur r\u00e9cup\u00e9ration<br>et recyclage. Ne les jetez pas avec les d\u00e9chets non tri\u00e9s.<br>Veuillez consulter les directives fournies par votre municipalit\u00e9 locale.<img decoding=\"async\" class=\"wp-image-2524\" style=\"width: 250px\" src=\"https:\/\/www.careium.com\/app\/uploads\/sites\/8\/2025\/05\/recycle.png\" alt=\"\"><\/td><\/tr><\/tbody><\/table><\/figure>\n","protected":false},"excerpt":{"rendered":"<p>\u00c9lectronique Notre engagement envers la responsabilit\u00e9 environnementale se manifeste \u00e0 chaque \u00e9tape du cycle de vie de nos produits. Nous nous conformons \u00e0 des normes rigoureuses en mati\u00e8re de d\u00e9veloppement et de fabrication, et nous veillons \u00e0 ce que nos produits soient \u00e0 la fois s\u00fbrs, durables et con\u00e7us pour une \u00e9limination responsable. Les produits&#8230;<\/p>\n","protected":false},"author":5,"featured_media":0,"parent":2235,"menu_order":0,"comment_status":"closed","ping_status":"closed","template":"template-text-page.blade.php","meta":{"_acf_changed":false,"footnotes":""},"class_list":["post-2268","page","type-page","status-publish","hentry"],"acf":[],"_links":{"self":[{"href":"https:\/\/www.careium.com\/fr\/wp-json\/wp\/v2\/pages\/2268","targetHints":{"allow":["GET"]}}],"collection":[{"href":"https:\/\/www.careium.com\/fr\/wp-json\/wp\/v2\/pages"}],"about":[{"href":"https:\/\/www.careium.com\/fr\/wp-json\/wp\/v2\/types\/page"}],"author":[{"embeddable":true,"href":"https:\/\/www.careium.com\/fr\/wp-json\/wp\/v2\/users\/5"}],"replies":[{"embeddable":true,"href":"https:\/\/www.careium.com\/fr\/wp-json\/wp\/v2\/comments?post=2268"}],"version-history":[{"count":5,"href":"https:\/\/www.careium.com\/fr\/wp-json\/wp\/v2\/pages\/2268\/revisions"}],"predecessor-version":[{"id":5138,"href":"https:\/\/www.careium.com\/fr\/wp-json\/wp\/v2\/pages\/2268\/revisions\/5138"}],"up":[{"embeddable":true,"href":"https:\/\/www.careium.com\/fr\/wp-json\/wp\/v2\/pages\/2235"}],"wp:attachment":[{"href":"https:\/\/www.careium.com\/fr\/wp-json\/wp\/v2\/media?parent=2268"}],"curies":[{"name":"wp","href":"https:\/\/api.w.org\/{rel}","templated":true}]}}