{"id":2356,"date":"2025-06-03T10:41:27","date_gmt":"2025-06-03T10:41:27","guid":{"rendered":"https:\/\/www.careium.com\/fr\/?page_id=2356"},"modified":"2026-03-05T15:13:00","modified_gmt":"2026-03-05T14:13:00","slug":"politique-de-cookies","status":"publish","type":"page","link":"https:\/\/www.careium.com\/fr\/politique-de-cookies\/","title":{"rendered":"Politique relative aux cookies"},"content":{"rendered":"\n<h1 class=\"wp-block-heading has-text-align-left\">Politique relative aux cookies<\/h1>\n\n\n\n<div style=\"height:20px\" aria-hidden=\"true\" class=\"wp-block-spacer\"><\/div>\n\n\n\n<p>Careium Sweden AB utilise des cookies sur le site Web <a href=\"https:\/\/www.careium.com\/fr\/\">www.careium.com<\/a> (le \u00ab Site Web \u00bb).<\/p>\n\n\n\n<p>Careium Sweden AB est le responsable du traitement des donn\u00e9es \u00e0 caract\u00e8re personnel.<\/p>\n\n\n\n<p>Chez Careium, nous respectons votre vie priv\u00e9e. Dans la pr\u00e9sente politique en mati\u00e8re de cookies (\u00ab Politique de cookies \u00bb), nous expliquons comment nous utilisons des cookies et autres technologies similaires pour vous reconna\u00eetre lorsque vous consultez nos sites Web. Nous expliquons \u00e9galement ces technologies, la finalit\u00e9 du traitement et vos droits en tant que visiteur.<\/p>\n\n\n\n<h2 class=\"wp-block-heading\">Qu\u2019est-ce qu\u2019un cookie ?<\/h2>\n\n\n\n<p>Les cookies sont de petits fichiers texte enregistr\u00e9s par votre navigateur et stock\u00e9s sur l\u2019appareil que vous utilisez pour naviguer sur Internet. Lorsque vous consultez nos sites Web, certaines informations peuvent \u00eatre enregistr\u00e9es \u00e0 l\u2019aide de cookies. Lorsque nous parlons de cookies, nous faisons r\u00e9f\u00e9rence aux cookies propri\u00e9taires et tiers, aux pixels de suivi, aux programmes compl\u00e9mentaires (plug-in) et autres technologies de suivi. Pour plus d\u2019informations sur les cookies, rendez-vous sur <a href=\"http:\/\/www.allaboutcookies.org\" target=\"_blank\" rel=\"noreferrer noopener nofollow\">www.allaboutcookies.org<\/a>.<\/p>\n\n\n\n<h2 class=\"wp-block-heading\">Cat\u00e9gories d\u2019informations et finalit\u00e9s<\/h2>\n\n\n\n<p>Les cookies nous aident \u00e0 mieux comprendre comment vous utilisez le site Web et nous permettent de vous offrir une exp\u00e9rience am\u00e9lior\u00e9e et plus personnalis\u00e9e. Voici quelques exemples d\u2019informations que nous recueillons par le biais des cookies :<\/p>\n\n\n\n<ul class=\"wp-block-list\">\n<li>Le nombre d\u2019utilisateurs consultant le Site Web, les pages consult\u00e9es, les clics effectu\u00e9s sur le Site Web et la dur\u00e9e de navigation des visiteurs sur le site Web.<\/li>\n\n\n\n<li>Si vous consultez le Site Web pour la premi\u00e8re fois ou non<\/li>\n\n\n\n<li>Vos param\u00e8tres d\u2019affichage (par exemple, march\u00e9, langue, etc.)<\/li>\n<\/ul>\n\n\n\n<p>Veuillez noter que nous ne recueillons pas votre nom ni votre adresse e-mail par le biais des cookies.<\/p>\n\n\n\n<p>Les cookies nous permettent \u00e9galement de :<\/p>\n\n\n\n<ul class=\"wp-block-list\">\n<li>Personnaliser votre visite \u2013 Nous pouvons utiliser les informations collect\u00e9es pendant votre navigation afin de faciliter votre prochaine visite sur le Site Web.<\/li>\n\n\n\n<li>\u00c9valuer et am\u00e9liorer la publicit\u00e9<\/li>\n<\/ul>\n\n\n\n<h2 class=\"wp-block-heading\">Types de cookies<\/h2>\n\n\n\n<p>Des cookies propri\u00e9taires et tiers sont utilis\u00e9s sur le site Web. Tous les cookies ont un \u00e9diteur, indiquant \u00e0 qui appartient le cookie. L\u2019\u00e9diteur est le propri\u00e9taire du domaine sp\u00e9cifi\u00e9 dans le cookie. Lorsque vous consultez notre Site Web, nous pla\u00e7ons des cookies sur votre appareil pour diverses raisons. C\u2019est ce que l\u2019on appelle des cookies propri\u00e9taires.<\/p>\n\n\n\n<p>Les cookies plac\u00e9s par une soci\u00e9t\u00e9 tierce, telle que les plateformes de r\u00e9seaux sociaux ou les fournisseurs de r\u00e9seaux publicitaires ou de technologies publicitaires, sont appel\u00e9s cookies tiers.<\/p>\n\n\n\n<p>Certains cookies sont n\u00e9cessaires au fonctionnement du Site Web. C\u2019est ce que l\u2019on appelle des \u00ab cookies essentiels \u00bb.<\/p>\n\n\n\n<p>Certains cookies am\u00e9liorent l&rsquo;exp\u00e9rience sur le site web ; ils sont appel\u00e9s cookies fonctionnels. Il peut s\u2019agir, par exemple, de la s\u00e9lection de la langue ou d\u2019autres pr\u00e9f\u00e9rences enregistr\u00e9es afin de faciliter la prochaine visite de l\u2019utilisateur. Vous pouvez r\u00e9gler les param\u00e8tres de votre navigateur pour contr\u00f4ler la mani\u00e8re dont ces cookies sont install\u00e9s. Si vous choisissez de ne pas autoriser ces cookies, cela peut affecter le fonctionnement du Site Web et votre exp\u00e9rience globale sur le Site Web. Ces cookies sont cr\u00e9\u00e9s par Careium. Ils sont principalement utilis\u00e9s pour vous permettre de naviguer librement et facilement sur le Site Web et d\u2019utiliser ses fonctionnalit\u00e9s.<\/p>\n\n\n\n<p>Les cookies tiers sont fournis par des tiers via le Site Web \u00e0 des fins de marketing cibl\u00e9 sur d\u2019autres sites Web et \u00e0 des fins d\u2019analyse.<\/p>\n\n\n\n<p>Les cookies marketing sont utilis\u00e9s, entre autres, pour afficher des publicit\u00e9s pertinentes et int\u00e9ressantes pour chaque utilisateur, ce qui est pr\u00e9cieux pour les \u00e9diteurs et les annonceurs tiers.<\/p>\n\n\n\n<p>Les cookies analytiques sont utilis\u00e9s, par exemple, pour g\u00e9n\u00e9rer des statistiques et identifier les habitudes des visiteurs. Ces statistiques nous aident \u00e0 comprendre comment le Site Web est utilis\u00e9 afin d\u2019am\u00e9liorer votre exp\u00e9rience en tant que visiteur. Les informations collect\u00e9es par le biais des cookies ne contiennent aucune donn\u00e9e personnelle autre que l\u2019adresse IP de votre ordinateur.<\/p>\n\n\n\n<p>La dur\u00e9e de conservation des cookies sur votre appareil peut varier en fonction de leur cat\u00e9gorie (temporaire ou permanente).<\/p>\n\n\n\n<h2 class=\"wp-block-heading\">Base juridique<\/h2>\n\n\n\n<h3 class=\"wp-block-heading\">Int\u00e9r\u00eat l\u00e9gitime<\/h3>\n\n\n\n<p>Le fonctionnement du Site Web repose sur nos cookies essentiels. Par cons\u00e9quent, cette cat\u00e9gorie de cookies est toujours activ\u00e9e lorsque vous visitez le Ste Web. Nous basons le traitement de ces cookies strictement n\u00e9cessaires sur notre int\u00e9r\u00eat l\u00e9gitime \u00e0 vous fournir un site web fonctionnel lorsque vous choisissez de le consulter. Cet int\u00e9r\u00eat a \u00e9t\u00e9 \u00e9valu\u00e9 par rapport \u00e0 vos int\u00e9r\u00eats, vos droits fondamentaux et vos libert\u00e9s.<\/p>\n\n\n\n<h3 class=\"wp-block-heading\">Consentement<\/h3>\n\n\n\n<p>En ce qui concerne les autres cookies fonctionnels, statistiques et marketing, nous basons le traitement sur votre consentement. Lorsque vous consultez le Site Web pour la premi\u00e8re fois, une banni\u00e8re vous informe que nous utilisons des cookies et vous avez la possibilit\u00e9 d\u2019accepter l\u2019utilisation des cookies ou de personnaliser vos param\u00e8tres. Le consentement \u00e0 ces cookies pour utiliser le Site Web est volontaire, mais certains services et certaines fonctionnalit\u00e9s n\u00e9cessitent l\u2019utilisation de cookies et peuvent \u00eatre limit\u00e9s ou inaccessibles sans votre consentement.<\/p>\n\n\n\n<p>Vous pouvez retirer votre consentement \u00e0 tout moment en cliquant sur l\u2019ic\u00f4ne des param\u00e8tres des cookies sur le Site Web.<\/p>\n\n\n\n<p>N\u2019oubliez pas : si vous utilisez plusieurs navigateurs, vous devrez supprimer les cookies dans chacun d\u2019entre eux.<\/p>\n\n\n\n<p>Votre consentement s\u2019applique au site web careium.com.<\/p>\n\n\n\n<h2 class=\"wp-block-heading\">D\u00e9claration de Cookie<\/h2>\n\n\n\n<div class=\"uc-embed\"><\/div>\n\n\n\n<div style=\"height:20px\" aria-hidden=\"true\" class=\"wp-block-spacer\"><\/div>\n\n\n\n<h2 class=\"wp-block-heading\">Transfert de donn\u00e9es personnelles en dehors de l\u2019UE\/EEE<\/h2>\n\n\n\n<p>Nous utilisons des cookies tiers sur notre Site Web. L\u2019utilisation de cookies tiers signifie que vos donn\u00e9es personnelles peuvent \u00eatre transf\u00e9r\u00e9es \u00e0 des tiers situ\u00e9s dans des pays tiers, tels que les \u00c9tats-Unis. Si des donn\u00e9es \u00e0 caract\u00e8re personnel sont transf\u00e9r\u00e9es vers un pays tiers, nous mettons toujours en \u0153uvre des mesures de s\u00e9curit\u00e9 appropri\u00e9es afin de les prot\u00e9ger au mieux. Ces protections appropri\u00e9es peuvent notamment inclure les mesures suivantes :<\/p>\n\n\n\n<ul class=\"wp-block-list\">\n<li>s\u2019assurer que la Commission europ\u00e9enne a d\u00e9termin\u00e9 que le pays vers lequel les donn\u00e9es \u00e0 caract\u00e8re personnel sont transf\u00e9r\u00e9es offre un niveau de protection \u00ab ad\u00e9quat \u00bb, \u00e9quivalent \u00e0 celui garanti par le r\u00e8glement g\u00e9n\u00e9ral sur la protection des donn\u00e9es (RGPD).<\/li>\n\n\n\n<li>conclure des clauses contractuelles standard en vigueur dans la Commission europ\u00e9enne avec le destinataire des donn\u00e9es \u00e0 caract\u00e8re personnel dans le pays tiers. Lorsque des donn\u00e9es \u00e0 caract\u00e8re personnel sont transf\u00e9r\u00e9es vers un pays tiers sur la base des clauses contractuelles standard de la Commission europ\u00e9enne, nous \u00e9valuons si la l\u00e9gislation du pays destinataire affecte la protection de vos donn\u00e9es \u00e0 caract\u00e8re personnel. Si n\u00e9cessaire, nous mettons en \u0153uvre des mesures techniques et organisationnelles sp\u00e9cifiques afin de garantir que le niveau de protection reste intact pendant le transfert vers le pays concern\u00e9 situ\u00e9 hors UE\/EEE. Toutefois, en raison de la l\u00e9gislation am\u00e9ricaine sur la s\u00e9curit\u00e9, il existe un risque que les autorit\u00e9s am\u00e9ricaines, dans le cadre de la lutte contre la criminalit\u00e9 ou de la protection de la s\u00e9curit\u00e9 nationale, puissent acc\u00e9der aux donn\u00e9es personnelles transf\u00e9r\u00e9es aux \u00c9tats-Unis, malgr\u00e9 les mesures de s\u00e9curit\u00e9 techniques et organisationnelles que nous mettons en \u0153uvre.<\/li>\n<\/ul>\n\n\n\n<p>Vous pouvez nous contacter \u00e0 l\u2019adresse gdpr(at)careium.com et demander une copie des mesures de protection.<\/p>\n\n\n\n<h2 class=\"wp-block-heading\">Param\u00e8tres des cookies<\/h2>\n\n\n\n<p>Lorsque vous consultez le Site Web pour la premi\u00e8re fois, nous vous invitons \u00e0 faire vos choix dans le tableau de bord des cookies. Vous pouvez utiliser ce tableau de bord pour retirer ou modifier votre consentement pour chaque cat\u00e9gorie de cookies, \u00e0 l\u2019exception des cookies strictement n\u00e9cessaires. Vous confirmez vos choix en cliquant sur \u00ab <strong>Rejeter<\/strong> \u00bb, \u00ab <strong>Autoriser une s\u00e9lection<\/strong> \u00bb ou \u00ab <strong>Autoriser tout<\/strong> \u00bb. Vous pourrez \u00e0 tout moment rouvrir le tableau de bord des cookies en cliquant sur l\u2019ic\u00f4ne des param\u00e8tres des cookies sur le Site Web.<\/p>\n\n\n\n<p>Ce tableau de bord fournit des informations sur les cat\u00e9gories de cookies applicables \u00e0 chaque site web. Lorsque vous effectuez votre s\u00e9lection, n\u2019oubliez pas que le fait de refuser certains cookies peut affecter le fonctionnement du Site Web.<\/p>\n\n\n\n<h2 class=\"wp-block-heading\">Modifier votre consentement<\/h2>\n\n\n\n<p>Vous pouvez modifier votre consentement soit en supprimant les cookies dans votre navigateur, soit en modifiant votre choix initial via le lien ci-dessous :<br>Pour mettre \u00e0 jour vos pr\u00e9f\u00e9rences pr\u00e9c\u00e9dentes en mati\u00e8re de cookies (param\u00e8tres de cookies), cliquez sur le lien.<\/p>\n\n\n\n<button class=\"link link--button\" onclick=\"UC_UI.showSecondLayer();\">Param\u00e8tres de cookies<\/button>\n\n\n\n<p>N\u2019oubliez pas : si vous utilisez plusieurs navigateurs, vous devez supprimer les cookies dans chacun d\u2019entre eux.<\/p>\n\n\n\n<h2 class=\"wp-block-heading\">Param\u00e8tres du navigateur<\/h2>\n\n\n\n<p>Pour la plupart des navigateurs, vous pouvez configurer la mani\u00e8re dont le navigateur g\u00e8re les cookies. Vous trouverez ci-dessous des liens vers les param\u00e8tres de certains des navigateurs les plus courants. Rendez-vous sur le site web de l\u2019autorit\u00e9 comp\u00e9tente concern\u00e9e pour plus d\u2019informations sur les cookies. En Su\u00e8de, il s\u2019agit de l\u2019Autorit\u00e9 su\u00e9doise des postes et t\u00e9l\u00e9communications (Post- och telestyrelsen) <a href=\"https:\/\/www.pts.se\" target=\"_blank\" rel=\"noreferrer noopener nofollow\">www.pts.se<\/a>.<\/p>\n\n\n\n<p><a href=\"https:\/\/support.google.com\/accounts\/answer\/61416?co=GENIE.Platform%3DDesktop&amp;hl=en\" target=\"_blank\" rel=\"noreferrer noopener nofollow\">Google Chrome<\/a><\/p>\n\n\n\n<p><a href=\"https:\/\/support.microsoft.com\/en-gb\/microsoft-edge\/microsoft-edge-browsing-data-and-privacy-bb8174ba-9d73-dcf2-9b4a-c582b4e640dd\" target=\"_blank\" rel=\"noreferrer noopener nofollow\">Microsoft Edge<\/a><\/p>\n\n\n\n<p><a href=\"https:\/\/support.mozilla.org\/en-US\/kb\/enhanced-tracking-protection-firefox-desktop?redirectslug=enable-and-disable-cookies-website-preferences&amp;redirectlocale=en-US\" target=\"_blank\" rel=\"noreferrer noopener nofollow\">Mozilla Firefox<\/a><\/p>\n\n\n\n<p><a href=\"https:\/\/support.microsoft.com\/en-gb\/help\/17442\/windows-internet-explorer-delete-manage-cookies\" target=\"_blank\" rel=\"noreferrer noopener nofollow\">Microsoft Internet Explorer<\/a><\/p>\n\n\n\n<p><a href=\"https:\/\/help.opera.com\/en\/latest\/web-preferences\/\" target=\"_blank\" rel=\"noreferrer noopener nofollow\">Opera<\/a><\/p>\n\n\n\n<p><a href=\"https:\/\/support.apple.com\/en-gb\/safari\" target=\"_blank\" rel=\"noreferrer noopener nofollow\">Apple Safari<\/a><\/p>\n\n\n\n<p>Pour obtenir des informations \u00e9quivalentes pour d\u2019autres navigateurs, veuillez consulter le site Web du d\u00e9veloppeur. Pour d\u00e9sactiver le suivi par Google Analytics sur tous les sites Web, rendez-vous sur <a href=\"http:\/\/tools.google.com\/dlpage\/gaoptout\" target=\"_blank\" rel=\"noreferrer noopener nofollow\">http:\/\/tools.google.com\/dlpage\/gaoptout<\/a>.<\/p>\n\n\n\n<h2 class=\"wp-block-heading\">Mise \u00e0 jour de la politique de cookies<\/h2>\n\n\n\n<p>La politique de cookies fait l\u2019objet d\u2019examens r\u00e9guliers et peut \u00eatre actualis\u00e9e. Toute modification sera refl\u00e9t\u00e9e dans la Politique de cookies actuelle, disponible sur le Site Web. Nous vous invitons donc \u00e0 vous tenir inform\u00e9(e) en consultant notre Politique de cookies.<\/p>\n\n\n\n<h2 class=\"wp-block-heading\">Contact<\/h2>\n\n\n\n<p>Pour toute question relative \u00e0 notre utilisation des cookies, veuillez nous contacter \u00e0 l\u2019adresse suivante :<br>gdpr(at)careium.com<\/p>\n\n\n\n<p>Pour plus d\u2019informations sur la fa\u00e7on dont nous traitons vos donn\u00e9es personnelles et sur la mani\u00e8re dont vous pouvez exercer vos droits en tant que personne concern\u00e9e, veuillez consulter notre <a href=\"https:\/\/www.careium.com\/fr\/declaration-de-confidentialite\/\" data-type=\"page\" data-id=\"2300\">Declaration de Confidentialite<\/a>.<\/p>\n\n\n\n<p><br>Derni\u00e8re mise \u00e0 jour : 30 mai 2025.<\/p>\n","protected":false},"excerpt":{"rendered":"<p>Politique relative aux cookies Careium Sweden AB utilise des cookies sur le site Web www.careium.com (le \u00ab Site Web \u00bb). Careium Sweden AB est le responsable du traitement des donn\u00e9es \u00e0 caract\u00e8re personnel. Chez Careium, nous respectons votre vie priv\u00e9e. Dans la pr\u00e9sente politique en mati\u00e8re de cookies (\u00ab Politique de cookies \u00bb), nous expliquons&#8230;<\/p>\n","protected":false},"author":4,"featured_media":0,"parent":0,"menu_order":0,"comment_status":"closed","ping_status":"closed","template":"template-text-page.blade.php","meta":{"_acf_changed":false,"footnotes":""},"class_list":["post-2356","page","type-page","status-publish","hentry"],"acf":[],"_links":{"self":[{"href":"https:\/\/www.careium.com\/fr\/wp-json\/wp\/v2\/pages\/2356","targetHints":{"allow":["GET"]}}],"collection":[{"href":"https:\/\/www.careium.com\/fr\/wp-json\/wp\/v2\/pages"}],"about":[{"href":"https:\/\/www.careium.com\/fr\/wp-json\/wp\/v2\/types\/page"}],"author":[{"embeddable":true,"href":"https:\/\/www.careium.com\/fr\/wp-json\/wp\/v2\/users\/4"}],"replies":[{"embeddable":true,"href":"https:\/\/www.careium.com\/fr\/wp-json\/wp\/v2\/comments?post=2356"}],"version-history":[{"count":5,"href":"https:\/\/www.careium.com\/fr\/wp-json\/wp\/v2\/pages\/2356\/revisions"}],"predecessor-version":[{"id":5113,"href":"https:\/\/www.careium.com\/fr\/wp-json\/wp\/v2\/pages\/2356\/revisions\/5113"}],"wp:attachment":[{"href":"https:\/\/www.careium.com\/fr\/wp-json\/wp\/v2\/media?parent=2356"}],"curies":[{"name":"wp","href":"https:\/\/api.w.org\/{rel}","templated":true}]}}