{"id":402,"date":"2025-05-27T11:36:08","date_gmt":"2025-05-27T11:36:08","guid":{"rendered":"https:\/\/www.careium.com\/fr\/?page_id=402"},"modified":"2026-03-27T16:49:35","modified_gmt":"2026-03-27T15:49:35","slug":"vision","status":"publish","type":"page","link":"https:\/\/www.careium.com\/fr\/a-propos\/vision\/","title":{"rendered":"Notre vision"},"content":{"rendered":"\n<h1 class=\"wp-block-heading\">Notre vision<\/h1>\n\n\n\n<h2 class=\"wp-block-heading has-text-align-left\">Pour une vie plus ind\u00e9pendante, riche d&rsquo;exp\u00e9riences<\/h2>\n\n\n\n<div style=\"height:16px\" aria-hidden=\"true\" class=\"wp-block-spacer\"><\/div>\n\n\n\n<div class=\"wp-block-cover is-light is-style-rounded\" style=\"min-height:50px;aspect-ratio:unset;\"><span aria-hidden=\"true\" class=\"wp-block-cover__background has-neutral-pure-background-color has-background-dim-100 has-background-dim\"><\/span><div class=\"wp-block-cover__inner-container is-layout-constrained wp-block-cover-is-layout-constrained\">\n<div style=\"height:16px\" aria-hidden=\"true\" class=\"wp-block-spacer is-style-small\"><\/div>\n\n\n<div class=\"wp-block-quote\" style=\"\">\n        <blockquote class=\"wp-block-quote__text no-image\">\n        <p class=\"wp-block-quote__quote\">Des millions de personnes peuvent mener une vie pleines de rencontres, s\u00fbre et active gr\u00e2ce \u00e0 l&rsquo;innovation. <\/p>\n                    <\/blockquote>\n<\/div>\n\n\n\n<div style=\"height:5px\" aria-hidden=\"true\" class=\"wp-block-spacer is-style-half-on-mobile\"><\/div>\n<\/div><\/div>\n\n\n\n<div style=\"height:50px\" aria-hidden=\"true\" class=\"wp-block-spacer is-style-small\"><\/div>\n\n\n\n<p>Voil\u00e0 notre vision, la raison d\u2019\u00eatre de Careium. Nous sommes motiv\u00e9s par une empathie sinc\u00e8re \u00e0 l\u2019\u00e9gard des utilisateurs de nos produits \u2013 leurs besoins sont toujours au centre de nos pr\u00e9occupations. En partant de ce principe, nous cherchons en permanence comment les aider davantage.<\/p>\n\n\n<div class=\"wp-block-embed\" style=\"\">\n            <div class=\"wp-block-embed__cover\">\n            <picture>\n                                    <source media=\"(min-width: 10px)\" srcset=\"https:\/\/www.careium.com\/app\/uploads\/sites\/3\/2025\/06\/Blog-featured-images-4-780x408.png.webp\" type=\"image\/webp\"\n                    width=\"780\" height=\"408\">\n                            <source media=\"(min-width: 10px)\" srcset=\"https:\/\/www.careium.com\/app\/uploads\/sites\/3\/2025\/06\/Blog-featured-images-4-780x408.png\" type=\"image\/png\"\n                    width=\"780\" height=\"408\">\n                    \n\n        <img decoding=\"async\"  src=\"https:\/\/www.careium.com\/app\/uploads\/sites\/3\/2025\/06\/Blog-featured-images-4-780x408.png\" alt=\"\" loading=\"lazy\"\n            width=\"780\" height=\"408\">\n    <\/picture>\n        <\/div>\n    \n    <iframe title=\"This is Careium\" width=\"640\" height=\"360\" data-src=\"https:\/\/www.youtube.com\/embed\/reQikbbnvbg?feature=oembed\" frameborder=\"0\" allow=\"accelerometer; autoplay; clipboard-write; encrypted-media; gyroscope; picture-in-picture; web-share\" referrerpolicy=\"strict-origin-when-cross-origin\" allowfullscreen><\/iframe>\n\n    <div class=\"wp-block-embed__blocker hidden\">\n      <p><strong>Cette vid\u00e9o n&#039;est pas disponible. <\/strong>Vous devez accepter les cookies de marketing pour pouvoir consulter ce contenu. Veuillez ouvrir les param\u00e8tres des cookies et accepter la cat\u00e9gorie marketing, puis rafra\u00eechir la page.<\/p>\n      <a href=\"#\" onClick=\"UC_UI.showSecondLayer();\">Param\u00e8tres des cookies<\/a>\n    <\/div>\n\n    <button class=\"wp-block-embed__player\" title=\"Lire la vid\u00e9o\">\n        <i class=\"fa-regular fa-circle-play\"><\/i>\n    <\/button>\n<\/div>\n\n\n\n<h2 class=\"wp-block-heading has-primary-color has-text-color has-link-color wp-elements-9d9c0e5a8fae2424091e01faa346e7c0\">Voici ce que nous faisons<\/h2>\n\n\n\n<p>Les technologies et le num\u00e9rique sont des outils puissants et nous ne cessons de chercher des solutions innovantes qui facilitent la vie des consommateurs et des utilisateurs de nos produits. En fin de compte, nous utilisons toute notre exp\u00e9rience, nos connaissances et nos innovations de pointe pour permettre aux personnes ayant besoin d\u2019attention de rester autonomes. Notre philosophie : agir intelligemment, avec bienveillance et en h\u00e9ros.&nbsp;<\/p>\n\n\n\n<h2 class=\"wp-block-heading has-primary-color has-text-color has-link-color wp-elements-69dce9e1029e0ecea79f8ece92bcf14d\">Voici comment nous proc\u00e9dons<\/h2>\n\n\n\n<p>Comment donner vie \u00e0 notre vision ? En \u00e9tant des h\u00e9ros du quotidien, en utilisant des technologies intelligentes afin de venir en aide aux personnes, conform\u00e9ment \u00e0 leurs demandes. C\u2019est notre mission.&nbsp;<\/p>\n\n\n\n<p><\/p>\n\n\n\n<p><strong>Nous promettons d\u2019allier bienveillance et solutions intelligentes pour venir en aide \u00e0 nos utilisateurs au quotidien. Et chez Careium, nous tenons nos promesses.&nbsp;<\/strong><\/p>\n\n\n\n<p><\/p>\n","protected":false},"excerpt":{"rendered":"<p>Notre vision Pour une vie plus ind\u00e9pendante, riche d&rsquo;exp\u00e9riences Voil\u00e0 notre vision, la raison d\u2019\u00eatre de Careium. Nous sommes motiv\u00e9s par une empathie sinc\u00e8re \u00e0 l\u2019\u00e9gard des utilisateurs de nos produits \u2013 leurs besoins sont toujours au centre de nos pr\u00e9occupations. En partant de ce principe, nous cherchons en permanence comment les aider davantage. Voici&#8230;<\/p>\n","protected":false},"author":5,"featured_media":0,"parent":373,"menu_order":0,"comment_status":"closed","ping_status":"closed","template":"template-text-page.blade.php","meta":{"_acf_changed":false,"footnotes":""},"class_list":["post-402","page","type-page","status-publish","hentry"],"acf":[],"_links":{"self":[{"href":"https:\/\/www.careium.com\/fr\/wp-json\/wp\/v2\/pages\/402","targetHints":{"allow":["GET"]}}],"collection":[{"href":"https:\/\/www.careium.com\/fr\/wp-json\/wp\/v2\/pages"}],"about":[{"href":"https:\/\/www.careium.com\/fr\/wp-json\/wp\/v2\/types\/page"}],"author":[{"embeddable":true,"href":"https:\/\/www.careium.com\/fr\/wp-json\/wp\/v2\/users\/5"}],"replies":[{"embeddable":true,"href":"https:\/\/www.careium.com\/fr\/wp-json\/wp\/v2\/comments?post=402"}],"version-history":[{"count":5,"href":"https:\/\/www.careium.com\/fr\/wp-json\/wp\/v2\/pages\/402\/revisions"}],"predecessor-version":[{"id":5131,"href":"https:\/\/www.careium.com\/fr\/wp-json\/wp\/v2\/pages\/402\/revisions\/5131"}],"up":[{"embeddable":true,"href":"https:\/\/www.careium.com\/fr\/wp-json\/wp\/v2\/pages\/373"}],"wp:attachment":[{"href":"https:\/\/www.careium.com\/fr\/wp-json\/wp\/v2\/media?parent=402"}],"curies":[{"name":"wp","href":"https:\/\/api.w.org\/{rel}","templated":true}]}}