{"id":413,"date":"2025-05-26T19:52:40","date_gmt":"2025-05-26T19:52:40","guid":{"rendered":"https:\/\/www.careium.com\/fr\/?page_id=413"},"modified":"2026-01-30T10:02:51","modified_gmt":"2026-01-30T09:02:51","slug":"normes-et-politiques","status":"publish","type":"page","link":"https:\/\/www.careium.com\/fr\/a-propos\/normes-et-politiques\/","title":{"rendered":"Normes et politiques"},"content":{"rendered":"\n<h1 class=\"wp-block-heading has-text-align-left\">Normes et politiques<\/h1>\n\n\n\n<p class=\"has-text-align-left\"><strong><strong>Careium s\u2019engage \u00e0 \u00eatre une entreprise durable et responsable.<\/strong><br>Nous voulons offrir \u00e0 nos collaborateurs un cadre de travail stimulant, collaboratif et ouvert.<br>Nos politiques internes refl\u00e8tent nos valeurs et les renforcent au quotidien.<\/strong><\/p>\n\n\n\n<div style=\"height:30px\" aria-hidden=\"true\" class=\"wp-block-spacer\"><\/div>\n\n\n\n<p><a href=\"https:\/\/www.careium.com\/app\/uploads\/sites\/3\/2025\/10\/business-ethics-policy-careium-en.pdf\" target=\"_blank\" data-type=\"attachment\" data-id=\"4572\" rel=\"noreferrer noopener\">Careium business ethics<\/a> (Politiques en mati\u00e8re de qualit\u00e9, d\u2019environnement, de s\u00e9curit\u00e9 de l\u2019information et de sant\u00e9 et s\u00e9curit\u00e9 au travail.)<\/p>\n\n\n\n<p><a href=\"https:\/\/www.careium.com\/app\/uploads\/sites\/8\/2025\/04\/certificate-quality-management-system-iso-9001-250219-careium-en.pdf\" target=\"_blank\" rel=\"noreferrer noopener\">ISO 9001 (quality) certificate<\/a><\/p>\n\n\n\n<p><a href=\"https:\/\/www.careium.com\/app\/uploads\/sites\/8\/2025\/04\/certificate-environmental-management-system-iso-14001-250219-careium-en.pdf\" target=\"_blank\" rel=\"noreferrer noopener\">ISO 14001 (environment) certificate<\/a><\/p>\n\n\n\n<p><a href=\"https:\/\/www.careium.com\/app\/uploads\/sites\/8\/2025\/04\/certificate-information-security-management-system-iso-iec-27001-250429-careium-en.pdf\" target=\"_blank\" data-type=\"attachment\" data-id=\"2385\" rel=\"noreferrer noopener\">ISO 27001 (information security) certificate<\/a><\/p>\n\n\n\n<p><a href=\"https:\/\/www.careium.com\/app\/uploads\/sites\/8\/2025\/04\/esg-policy-suppliers-211008-careium-en.pdf\" target=\"_blank\" rel=\"noreferrer noopener\">ESG policy for suppliers<\/a><\/p>\n\n\n\n<p><a href=\"https:\/\/www.careium.com\/app\/uploads\/sites\/8\/2025\/04\/corporate-sustainability-due-diligence-2025-careium-en.pdf\" target=\"_blank\" rel=\"noreferrer noopener\">Corporate Sustainability Due Diligence Statement<\/a><\/p>\n\n\n\n<p><a href=\"https:\/\/www.careium.com\/app\/uploads\/sites\/8\/2025\/04\/cybersecurity-through-the-lifecycle-of-connected-devices-240322-careium-en.pdf\" target=\"_blank\" rel=\"noreferrer noopener\">Cybersecurity through the lifecycle of connected devices<\/a><\/p>\n\n\n\n<p><a href=\"https:\/\/www.careium.com\/app\/uploads\/sites\/8\/2025\/04\/it-assurance-statement-dora-250102-careium-en.pdf\" target=\"_blank\" rel=\"noreferrer noopener\">IT Assurance Statement according to DORA<\/a><\/p>\n","protected":false},"excerpt":{"rendered":"<p>Normes et politiques Careium s\u2019engage \u00e0 \u00eatre une entreprise durable et responsable.Nous voulons offrir \u00e0 nos collaborateurs un cadre de travail stimulant, collaboratif et ouvert.Nos politiques internes refl\u00e8tent nos valeurs et les renforcent au quotidien. Careium business ethics (Politiques en mati\u00e8re de qualit\u00e9, d\u2019environnement, de s\u00e9curit\u00e9 de l\u2019information et de sant\u00e9 et s\u00e9curit\u00e9 au travail.)&#8230;<\/p>\n","protected":false},"author":5,"featured_media":0,"parent":373,"menu_order":0,"comment_status":"closed","ping_status":"closed","template":"template-text-page.blade.php","meta":{"_acf_changed":false,"footnotes":""},"class_list":["post-413","page","type-page","status-publish","hentry"],"acf":[],"_links":{"self":[{"href":"https:\/\/www.careium.com\/fr\/wp-json\/wp\/v2\/pages\/413","targetHints":{"allow":["GET"]}}],"collection":[{"href":"https:\/\/www.careium.com\/fr\/wp-json\/wp\/v2\/pages"}],"about":[{"href":"https:\/\/www.careium.com\/fr\/wp-json\/wp\/v2\/types\/page"}],"author":[{"embeddable":true,"href":"https:\/\/www.careium.com\/fr\/wp-json\/wp\/v2\/users\/5"}],"replies":[{"embeddable":true,"href":"https:\/\/www.careium.com\/fr\/wp-json\/wp\/v2\/comments?post=413"}],"version-history":[{"count":5,"href":"https:\/\/www.careium.com\/fr\/wp-json\/wp\/v2\/pages\/413\/revisions"}],"predecessor-version":[{"id":4682,"href":"https:\/\/www.careium.com\/fr\/wp-json\/wp\/v2\/pages\/413\/revisions\/4682"}],"up":[{"embeddable":true,"href":"https:\/\/www.careium.com\/fr\/wp-json\/wp\/v2\/pages\/373"}],"wp:attachment":[{"href":"https:\/\/www.careium.com\/fr\/wp-json\/wp\/v2\/media?parent=413"}],"curies":[{"name":"wp","href":"https:\/\/api.w.org\/{rel}","templated":true}]}}