{"id":418,"date":"2025-05-27T11:04:27","date_gmt":"2025-05-27T11:04:27","guid":{"rendered":"https:\/\/www.careium.com\/fr\/?page_id=418"},"modified":"2026-01-30T10:07:48","modified_gmt":"2026-01-30T09:07:48","slug":"lanceur-dalerte","status":"publish","type":"page","link":"https:\/\/www.careium.com\/fr\/a-propos\/lanceur-dalerte\/","title":{"rendered":"Routine Lanceur d&rsquo;alerte"},"content":{"rendered":"\n<h1 class=\"wp-block-heading has-text-align-left has-text-align-center\">Routine Lanceur d&rsquo;alerte<\/h1>\n\n\n\n<p>Agir au quotidien avec honn\u00eatet\u00e9, int\u00e9grit\u00e9 et respect des autres est essentiel. Notre <a href=\"https:\/\/www.careium.com\/fr\/a-propos\/normes-et-politiques\/\" data-type=\"attachment\" data-id=\"890\">\u00e9thique d\u2019entreprise Careium<\/a> donne des consignes claires aux employ\u00e9s et aux fournisseurs.<\/p>\n\n\n\n<p>Lancer une alerte sert principalement \u00e0 traiter les soup\u00e7ons de faute grave li\u00e9e, par exemple, \u00e0 :<\/p>\n\n\n\n<ul class=\"wp-block-list\">\n<li>Activit\u00e9s ill\u00e9gales<\/li>\n\n\n\n<li>Criminalit\u00e9 ou corruption financi\u00e8re<\/li>\n\n\n\n<li>Droits de l\u2019homme<\/li>\n\n\n\n<li>Impact grave sur la vie et la sant\u00e9 de l\u2019individu<\/li>\n\n\n\n<li>Protection de la vie priv\u00e9e et des donn\u00e9es \u00e0 caract\u00e8re personnel<\/li>\n\n\n\n<li>Protection de l\u2019environnement<\/li>\n<\/ul>\n\n\n\n<p>Pendant le processus de lancement d\u2019alerte, vous resterez totalement anonyme, sauf si vous fournissez volontairement des informations personnelles.<\/p>\n\n\n\n<p>Les rapports soumis seront trait\u00e9s par les responsables des RH, des finances et de la durabilit\u00e9. Si le rapport implique l\u2019un des individus ou d\u00e9partements concern\u00e9s, il sera exclu.<\/p>\n\n\n\n<div class=\"wp-block-buttons is-layout-flex wp-block-buttons-is-layout-flex\">\n<div class=\"wp-block-button\"><a class=\"wp-block-button__link wp-element-button\" href=\"https:\/\/careium.whistlelink.com\/\" target=\"_blank\" rel=\"noreferrer noopener\">L\u2019endroit pour le lancement d\u2019alerte est disponible ici<\/a><\/div>\n<\/div>\n\n\n\n<p><strong>Remarque<\/strong><\/p>\n\n\n\n<ul class=\"wp-block-list\">\n<li>Les clients qui souhaitent faire des r\u00e9clamations ou d\u00e9poser une plainte concernant des produits ou des services utiliseront principalement les canaux de r\u00e9clamations\/plaintes pour chaque pays<\/li>\n\n\n\n<li>Employ\u00e9s : Les commentaires et remarques concernant notre activit\u00e9, qui <strong>ne<\/strong> constituent <strong>pas<\/strong> une faute grave, doivent \u00eatre signal\u00e9s \u00e0 un sup\u00e9rieur hi\u00e9rarchique ou aux RH. Toutefois, toute personne qui ne se sent pas \u00e0 l&rsquo;aise de les rapporter \u00e0 l&rsquo;un ou l&rsquo;autre peut utiliser la proc\u00e9dure de d\u00e9nonciation.<\/li>\n<\/ul>\n","protected":false},"excerpt":{"rendered":"<p>Routine Lanceur d&rsquo;alerte Agir au quotidien avec honn\u00eatet\u00e9, int\u00e9grit\u00e9 et respect des autres est essentiel. Notre \u00e9thique d\u2019entreprise Careium donne des consignes claires aux employ\u00e9s et aux fournisseurs. Lancer une alerte sert principalement \u00e0 traiter les soup\u00e7ons de faute grave li\u00e9e, par exemple, \u00e0 : Pendant le processus de lancement d\u2019alerte, vous resterez totalement anonyme,&#8230;<\/p>\n","protected":false},"author":5,"featured_media":0,"parent":373,"menu_order":0,"comment_status":"closed","ping_status":"closed","template":"template-text-page.blade.php","meta":{"_acf_changed":false,"footnotes":""},"class_list":["post-418","page","type-page","status-publish","hentry"],"acf":[],"_links":{"self":[{"href":"https:\/\/www.careium.com\/fr\/wp-json\/wp\/v2\/pages\/418","targetHints":{"allow":["GET"]}}],"collection":[{"href":"https:\/\/www.careium.com\/fr\/wp-json\/wp\/v2\/pages"}],"about":[{"href":"https:\/\/www.careium.com\/fr\/wp-json\/wp\/v2\/types\/page"}],"author":[{"embeddable":true,"href":"https:\/\/www.careium.com\/fr\/wp-json\/wp\/v2\/users\/5"}],"replies":[{"embeddable":true,"href":"https:\/\/www.careium.com\/fr\/wp-json\/wp\/v2\/comments?post=418"}],"version-history":[{"count":4,"href":"https:\/\/www.careium.com\/fr\/wp-json\/wp\/v2\/pages\/418\/revisions"}],"predecessor-version":[{"id":4686,"href":"https:\/\/www.careium.com\/fr\/wp-json\/wp\/v2\/pages\/418\/revisions\/4686"}],"up":[{"embeddable":true,"href":"https:\/\/www.careium.com\/fr\/wp-json\/wp\/v2\/pages\/373"}],"wp:attachment":[{"href":"https:\/\/www.careium.com\/fr\/wp-json\/wp\/v2\/media?parent=418"}],"curies":[{"name":"wp","href":"https:\/\/api.w.org\/{rel}","templated":true}]}}