{"id":589,"date":"2025-05-27T14:55:53","date_gmt":"2025-05-27T14:55:53","guid":{"rendered":"https:\/\/www.careium.com\/fr\/?page_id=589"},"modified":"2026-03-27T16:54:34","modified_gmt":"2026-03-27T15:54:34","slug":"developpement-durable","status":"publish","type":"page","link":"https:\/\/www.careium.com\/fr\/a-propos\/durable\/developpement-durable\/","title":{"rendered":"Objectifs de d\u00e9veloppement durable des Nations unies"},"content":{"rendered":"\n<h1 class=\"wp-block-heading has-text-align-left has-text-align-center is-style-wide\">Notre contribution aux objectifs de d\u00e9veloppement durable des Nations unies&nbsp;<\/h1>\n\n\n\n<p class=\"has-text-align-left is-style-wide\"><strong>Dans la poursuite des objectifs de d\u00e9veloppement durable (ODD) des Nations unies, nous reconnaissons l&rsquo;importance de la collaboration et de l&rsquo;innovation. Chaque objectif pr\u00e9sente \u00e0 la fois des d\u00e9fis et des opportunit\u00e9s qui exigent une r\u00e9ponse collective. En travaillant en \u00e9troite collaboration avec les parties prenantes &#8211; y compris les autorit\u00e9s publiques, les ONG et les communaut\u00e9s locales &#8211; nous amplifions notre impact et encourageons le partage des responsabilit\u00e9s.<\/strong><\/p>\n\n\n\n<p class=\"is-style-wide\">Nous \u00e9valuons en permanence nos efforts en mati\u00e8re de d\u00e9veloppement durable afin de nous assurer que nous restons agiles et r\u00e9actifs face aux nouveaux besoins et attentes, qu&rsquo;ils d\u00e9coulent du d\u00e9veloppement technologique ou de l&rsquo;\u00e9volution de la soci\u00e9t\u00e9. Gr\u00e2ce \u00e0 cette approche dynamique, nous souhaitons contribuer \u00e0 un avenir plus durable &#8211; pour les individus, les communaut\u00e9s et la plan\u00e8te.<\/p>\n\n\n\n<div class=\"wp-block-group\"><div class=\"wp-block-group__inner-container is-layout-constrained wp-block-group-is-layout-constrained\">\n<h2 class=\"wp-block-heading has-text-align-gauche has-text-align-left\">Objectif 8 : Conditions de travail d\u00e9centes et croissance \u00e9conomique&nbsp; <\/h2>\n\n\n<div class=\"wp-block-image size-large is-style-default\">\n<figure class=\"alignleft size-important is-resized\"><img loading=\"lazy\" decoding=\"async\" width=\"1500\" height=\"1500\" src=\"https:\/\/www.careium.com\/app\/uploads\/sites\/3\/2025\/05\/un-sustainability-development-goals-8-1.png\" alt=\"Objectif de d\u00e9veloppement durable no 8 des Nations unies\" class=\"wp-image-585\" style=\"width:80px\" srcset=\"https:\/\/www.careium.com\/app\/uploads\/sites\/3\/2025\/05\/un-sustainability-development-goals-8-1.png 1500w, https:\/\/www.careium.com\/app\/uploads\/sites\/3\/2025\/05\/un-sustainability-development-goals-8-1-300x300.png 300w, https:\/\/www.careium.com\/app\/uploads\/sites\/3\/2025\/05\/un-sustainability-development-goals-8-1-1024x1024.png 1024w, https:\/\/www.careium.com\/app\/uploads\/sites\/3\/2025\/05\/un-sustainability-development-goals-8-1-150x150.png 150w, https:\/\/www.careium.com\/app\/uploads\/sites\/3\/2025\/05\/un-sustainability-development-goals-8-1-768x768.png 768w, https:\/\/www.careium.com\/app\/uploads\/sites\/3\/2025\/05\/un-sustainability-development-goals-8-1-700x700.png 700w, https:\/\/www.careium.com\/app\/uploads\/sites\/3\/2025\/05\/un-sustainability-development-goals-8-1-250x250.png 250w, https:\/\/www.careium.com\/app\/uploads\/sites\/3\/2025\/05\/un-sustainability-development-goals-8-1-120x120.png 120w, https:\/\/www.careium.com\/app\/uploads\/sites\/3\/2025\/05\/un-sustainability-development-goals-8-1-520x520.png 520w, https:\/\/www.careium.com\/app\/uploads\/sites\/3\/2025\/05\/un-sustainability-development-goals-8-1-1036x1036.png 1036w, https:\/\/www.careium.com\/app\/uploads\/sites\/3\/2025\/05\/un-sustainability-development-goals-8-1-1280x1280.png 1280w, https:\/\/www.careium.com\/app\/uploads\/sites\/3\/2025\/05\/un-sustainability-development-goals-8-1-780x780.png 780w, https:\/\/www.careium.com\/app\/uploads\/sites\/3\/2025\/05\/un-sustainability-development-goals-8-1-360x360.png 360w, https:\/\/www.careium.com\/app\/uploads\/sites\/3\/2025\/05\/un-sustainability-development-goals-8-1-600x600.png 600w, https:\/\/www.careium.com\/app\/uploads\/sites\/3\/2025\/05\/un-sustainability-development-goals-8-1-100x100.png 100w\" sizes=\"auto, (max-width: 1500px) 100vw, 1500px\" \/><\/figure>\n<\/div>\n\n\n<p>Nous nous effor\u00e7ons d&rsquo;\u00eatre une entreprise responsable et stable, offrant des conditions de travail s\u00fbres, des conditions \u00e9quitables et des possibilit\u00e9s de d\u00e9veloppement. Nos efforts portent \u00e0 la fois sur notre propre personnel et sur l&rsquo;am\u00e9lioration de l&rsquo;environnement de travail dans les services de soins \u00e0 domicile fournis par nos clients. Nous soutenons cette d\u00e9marche par des innovations techniques et des formations qui am\u00e9liorent la s\u00e9curit\u00e9 et le bien-\u00eatre &#8211; par exemple, en dotant les travailleurs sociaux de connaissances et d&rsquo;outils leur permettant de g\u00e9rer des situations difficiles en toute s\u00e9curit\u00e9. Nous rejetons toute forme de travail des enfants ou de travail forc\u00e9 et nous nous engageons \u00e0 cr\u00e9er des lieux de travail respectueux et inclusifs.<\/p>\n<\/div><\/div>\n\n\n\n<div style=\"height:20px\" aria-hidden=\"true\" class=\"wp-block-spacer\"><\/div>\n\n\n\n<div class=\"wp-block-group\"><div class=\"wp-block-group__inner-container is-layout-constrained wp-block-group-is-layout-constrained\">\n<h2 class=\"wp-block-heading has-text-align-left\">Objectif 9 : Industrie, innovation et infrastructure<\/h2>\n\n\n<div class=\"wp-block-image size-full\">\n<figure class=\"alignleft size-complet is-resized\"><img loading=\"lazy\" decoding=\"async\" width=\"225\" height=\"225\" src=\"https:\/\/www.careium.com\/app\/uploads\/sites\/3\/2025\/05\/Goal-9.png\" alt=\"Objectif de d\u00e9veloppement durable no 9 des Nations unies\" class=\"wp-image-586\" style=\"width:80px\" srcset=\"https:\/\/www.careium.com\/app\/uploads\/sites\/3\/2025\/05\/Goal-9.png 225w, https:\/\/www.careium.com\/app\/uploads\/sites\/3\/2025\/05\/Goal-9-150x150.png 150w, https:\/\/www.careium.com\/app\/uploads\/sites\/3\/2025\/05\/Goal-9-120x120.png 120w, https:\/\/www.careium.com\/app\/uploads\/sites\/3\/2025\/05\/Goal-9-100x100.png 100w\" sizes=\"auto, (max-width: 225px) 100vw, 225px\" \/><\/figure>\n<\/div>\n\n\n<p>Nous nous consacrons au d\u00e9veloppement de solutions de soins fond\u00e9es sur la technologie qui am\u00e9liorent la qualit\u00e9 de vie des personnes \u00e2g\u00e9es et des personnes ayant besoin d&rsquo;aide. Gr\u00e2ce \u00e0 l&rsquo;innovation num\u00e9rique dans les domaines de la t\u00e9l\u00e9assistance et de la technologie de la sant\u00e9, nous contribuons \u00e0 des syst\u00e8mes de soins plus r\u00e9silients et \u00e0 des vies plus ind\u00e9pendantes. Nos solutions sont d\u00e9velopp\u00e9es en \u00e9troite collaboration avec les utilisateurs afin de garantir leur pertinence, leur facilit\u00e9 d&rsquo;utilisation et leur valeur \u00e0 long terme.<\/p>\n\n\n\n<div style=\"height:20px\" aria-hidden=\"true\" class=\"wp-block-spacer\"><\/div>\n\n\n\n<h2 class=\"wp-block-heading has-text-align-left\">Objectif 10 : r\u00e9duction des in\u00e9galit\u00e9s<\/h2>\n\n\n<div class=\"wp-block-image size-large\">\n<figure class=\"alignleft size-important is-resized\"><img loading=\"lazy\" decoding=\"async\" width=\"1500\" height=\"1500\" src=\"https:\/\/www.careium.com\/app\/uploads\/sites\/3\/2025\/05\/un-sustainability-development-goals-10-1.png\" alt=\"Objectif de d\u00e9veloppement durable no 10 des Nations unies\" class=\"wp-image-587\" style=\"width:80px\" srcset=\"https:\/\/www.careium.com\/app\/uploads\/sites\/3\/2025\/05\/un-sustainability-development-goals-10-1.png 1500w, https:\/\/www.careium.com\/app\/uploads\/sites\/3\/2025\/05\/un-sustainability-development-goals-10-1-300x300.png 300w, https:\/\/www.careium.com\/app\/uploads\/sites\/3\/2025\/05\/un-sustainability-development-goals-10-1-1024x1024.png 1024w, https:\/\/www.careium.com\/app\/uploads\/sites\/3\/2025\/05\/un-sustainability-development-goals-10-1-150x150.png 150w, https:\/\/www.careium.com\/app\/uploads\/sites\/3\/2025\/05\/un-sustainability-development-goals-10-1-768x768.png 768w, https:\/\/www.careium.com\/app\/uploads\/sites\/3\/2025\/05\/un-sustainability-development-goals-10-1-700x700.png 700w, https:\/\/www.careium.com\/app\/uploads\/sites\/3\/2025\/05\/un-sustainability-development-goals-10-1-250x250.png 250w, https:\/\/www.careium.com\/app\/uploads\/sites\/3\/2025\/05\/un-sustainability-development-goals-10-1-120x120.png 120w, https:\/\/www.careium.com\/app\/uploads\/sites\/3\/2025\/05\/un-sustainability-development-goals-10-1-520x520.png 520w, https:\/\/www.careium.com\/app\/uploads\/sites\/3\/2025\/05\/un-sustainability-development-goals-10-1-1036x1036.png 1036w, https:\/\/www.careium.com\/app\/uploads\/sites\/3\/2025\/05\/un-sustainability-development-goals-10-1-1280x1280.png 1280w, https:\/\/www.careium.com\/app\/uploads\/sites\/3\/2025\/05\/un-sustainability-development-goals-10-1-780x780.png 780w, https:\/\/www.careium.com\/app\/uploads\/sites\/3\/2025\/05\/un-sustainability-development-goals-10-1-360x360.png 360w, https:\/\/www.careium.com\/app\/uploads\/sites\/3\/2025\/05\/un-sustainability-development-goals-10-1-600x600.png 600w, https:\/\/www.careium.com\/app\/uploads\/sites\/3\/2025\/05\/un-sustainability-development-goals-10-1-100x100.png 100w\" sizes=\"auto, (max-width: 1500px) 100vw, 1500px\" \/><\/figure>\n<\/div>\n\n\n<p>Notre mission est de promouvoir l&rsquo;inclusion et l&rsquo;\u00e9quit\u00e9, en particulier pour les personnes \u00e2g\u00e9es et les personnes ayant besoin d&rsquo;un soutien suppl\u00e9mentaire. Nos services permettent une vie plus s\u00fbre et plus ind\u00e9pendante, tandis que notre travail de plaidoyer contribue \u00e0 faire en sorte que leurs besoins soient reconnus dans les politiques publiques et les initiatives communautaires. En nous associant \u00e0 des organisations locales, nous contribuons \u00e0 la sensibilisation et \u00e0 la d\u00e9fense des droits de ces groupes.<\/p>\n<\/div><\/div>\n\n\n\n<div style=\"height:20px\" aria-hidden=\"true\" class=\"wp-block-spacer\"><\/div>\n\n\n\n<div class=\"wp-block-group\"><div class=\"wp-block-group__inner-container is-layout-constrained wp-block-group-is-layout-constrained\">\n<h2 class=\"wp-block-heading has-text-align-left\">Objectif 12 : Consommation et production responsables<\/h2>\n\n\n<div class=\"wp-block-image size-large\">\n<figure class=\"alignleft size-important is-resized\"><img loading=\"lazy\" decoding=\"async\" width=\"1500\" height=\"1500\" src=\"https:\/\/www.careium.com\/app\/uploads\/sites\/3\/2025\/05\/un-sustainability-development-goals-12-1.png\" alt=\"Objectif de d\u00e9veloppement durable no 12 des Nations unies\" class=\"wp-image-588\" style=\"width:80px\" srcset=\"https:\/\/www.careium.com\/app\/uploads\/sites\/3\/2025\/05\/un-sustainability-development-goals-12-1.png 1500w, https:\/\/www.careium.com\/app\/uploads\/sites\/3\/2025\/05\/un-sustainability-development-goals-12-1-300x300.png 300w, https:\/\/www.careium.com\/app\/uploads\/sites\/3\/2025\/05\/un-sustainability-development-goals-12-1-1024x1024.png 1024w, https:\/\/www.careium.com\/app\/uploads\/sites\/3\/2025\/05\/un-sustainability-development-goals-12-1-150x150.png 150w, https:\/\/www.careium.com\/app\/uploads\/sites\/3\/2025\/05\/un-sustainability-development-goals-12-1-768x768.png 768w, https:\/\/www.careium.com\/app\/uploads\/sites\/3\/2025\/05\/un-sustainability-development-goals-12-1-700x700.png 700w, https:\/\/www.careium.com\/app\/uploads\/sites\/3\/2025\/05\/un-sustainability-development-goals-12-1-250x250.png 250w, https:\/\/www.careium.com\/app\/uploads\/sites\/3\/2025\/05\/un-sustainability-development-goals-12-1-120x120.png 120w, https:\/\/www.careium.com\/app\/uploads\/sites\/3\/2025\/05\/un-sustainability-development-goals-12-1-520x520.png 520w, https:\/\/www.careium.com\/app\/uploads\/sites\/3\/2025\/05\/un-sustainability-development-goals-12-1-1036x1036.png 1036w, https:\/\/www.careium.com\/app\/uploads\/sites\/3\/2025\/05\/un-sustainability-development-goals-12-1-1280x1280.png 1280w, https:\/\/www.careium.com\/app\/uploads\/sites\/3\/2025\/05\/un-sustainability-development-goals-12-1-780x780.png 780w, https:\/\/www.careium.com\/app\/uploads\/sites\/3\/2025\/05\/un-sustainability-development-goals-12-1-360x360.png 360w, https:\/\/www.careium.com\/app\/uploads\/sites\/3\/2025\/05\/un-sustainability-development-goals-12-1-600x600.png 600w, https:\/\/www.careium.com\/app\/uploads\/sites\/3\/2025\/05\/un-sustainability-development-goals-12-1-100x100.png 100w\" sizes=\"auto, (max-width: 1500px) 100vw, 1500px\" \/><\/figure>\n<\/div>\n\n\n<p>Nous visons \u00e0 r\u00e9duire l&rsquo;impact sur l&rsquo;environnement tout au long du cycle de vie du produit, depuis le choix des mat\u00e9riaux jusqu&rsquo;\u00e0 la r\u00e9utilisation et au recyclage. Si la performance environnementale est un \u00e9l\u00e9ment cl\u00e9, nous tenons \u00e9galement compte d&rsquo;autres facteurs importants tels que la s\u00e9curit\u00e9, la fonctionnalit\u00e9 et les avantages pour l&rsquo;utilisateur. Nous am\u00e9liorons nos syst\u00e8mes logistiques, investissons dans des transports plus \u00e9cologiques et mettons en place des programmes de reprise afin de garantir une \u00e9limination responsable des produits et leur circularit\u00e9 dans la mesure du possible.<\/p>\n<\/div><\/div>\n\n\n\n<div style=\"height:20px\" aria-hidden=\"true\" class=\"wp-block-spacer\"><\/div>\n\n\n\n<h2 class=\"wp-block-heading is-style-wide\">Qu&rsquo;est-ce que les ODD de l&rsquo;ONU et comment pouvons-nous y contribuer ?<\/h2>\n\n\n\n<p class=\"is-style-wide\">On nous demande souvent <strong>\u00ab\u00a0Qu&rsquo;est-ce qu&rsquo;un ODD ?<\/strong> &#8211; et comment ces objectifs mondiaux sont li\u00e9s \u00e0 ce que nous faisons. Le sigle UN SDG d\u00e9signe les<a href=\"https:\/\/sdgs.un.org\/goals\" target=\"_blank\" rel=\"noreferrer noopener nofollow\"> <\/a><strong><a href=\"https:\/\/sdgs.un.org\/fr\/goals\" target=\"_blank\" rel=\"noreferrer noopener nofollow\">Objectifs de d\u00e9veloppement durable des Nations unies<\/a><\/strong><a href=\"https:\/\/sdgs.un.org\/goals\" target=\"_blank\" rel=\"noreferrer noopener nofollow\">.<\/a> Ces 17 objectifs mondiaux ont \u00e9t\u00e9 lanc\u00e9s en 2015 dans le cadre d&rsquo;un plan mondial visant \u00e0 cr\u00e9er un avenir meilleur et plus durable d&rsquo;ici \u00e0 2030. Ils s&rsquo;attaquent aux d\u00e9fis les plus pressants du monde, notamment la sant\u00e9 et le bien-\u00eatre, l&rsquo;\u00e9galit\u00e9 des sexes, l&rsquo;action climatique et l&rsquo;innovation responsable.<\/p>\n\n\n\n<h2 class=\"wp-block-heading is-style-wide\">Notre engagement pour un avenir durable<\/h2>\n\n\n\n<p class=\"is-style-wide\">Comprendre les ODD des Nations unies est essentiel pour les entreprises comme la n\u00f4tre. En les int\u00e9grant dans nos op\u00e9rations et nos strat\u00e9gies, nous renfor\u00e7ons non seulement notre responsabilit\u00e9 d&rsquo;entreprise, mais nous d\u00e9bloquons \u00e9galement de nouvelles possibilit\u00e9s de progr\u00e8s et d&rsquo;innovation.<\/p>\n\n\n\n<p class=\"is-style-wide\">Pour nous, les ODD sont plus que des objectifs mondiaux &#8211; ce sont des principes directeurs qui guident le d\u00e9veloppement de nos produits, nos d\u00e9cisions commerciales et nos partenariats. Que ce soit en fournissant des services d&rsquo;alarme fiables ou en explorant de nouvelles technologies telles que l&rsquo;IA, nous nous engageons \u00e0 cr\u00e9er un changement positif et durable.<\/p>\n\n\n\n<p class=\"is-style-wide\">Nous engageons \u00e9galement nos employ\u00e9s, nos clients et nos partenaires dans cette voie. Gr\u00e2ce \u00e0 des formations et des ateliers r\u00e9guliers, nous favorisons la prise de conscience et donnons aux gens les moyens de contribuer. Pour ce qui est de l&rsquo;avenir, nous pensons que la technologie continuera \u00e0 jouer un r\u00f4le crucial. Gr\u00e2ce \u00e0 des outils tels que l&rsquo;analyse pr\u00e9dictive, nous pouvons fournir des soins plus proactifs et plus efficaces tout en r\u00e9duisant notre empreinte environnementale.<\/p>\n\n\n\n<p class=\"is-style-wide\">Ensemble, nous progressons vers un avenir plus durable &#8211; aujourd&rsquo;hui et pour les g\u00e9n\u00e9rations \u00e0 venir.<\/p>\n","protected":false},"excerpt":{"rendered":"<p>Notre contribution aux objectifs de d\u00e9veloppement durable des Nations unies&nbsp; Dans la poursuite des objectifs de d\u00e9veloppement durable (ODD) des Nations unies, nous reconnaissons l&rsquo;importance de la collaboration et de l&rsquo;innovation. Chaque objectif pr\u00e9sente \u00e0 la fois des d\u00e9fis et des opportunit\u00e9s qui exigent une r\u00e9ponse collective. En travaillant en \u00e9troite collaboration avec les parties&#8230;<\/p>\n","protected":false},"author":5,"featured_media":0,"parent":613,"menu_order":0,"comment_status":"closed","ping_status":"closed","template":"template-text-page.blade.php","meta":{"_acf_changed":false,"footnotes":""},"class_list":["post-589","page","type-page","status-publish","hentry"],"acf":[],"_links":{"self":[{"href":"https:\/\/www.careium.com\/fr\/wp-json\/wp\/v2\/pages\/589","targetHints":{"allow":["GET"]}}],"collection":[{"href":"https:\/\/www.careium.com\/fr\/wp-json\/wp\/v2\/pages"}],"about":[{"href":"https:\/\/www.careium.com\/fr\/wp-json\/wp\/v2\/types\/page"}],"author":[{"embeddable":true,"href":"https:\/\/www.careium.com\/fr\/wp-json\/wp\/v2\/users\/5"}],"replies":[{"embeddable":true,"href":"https:\/\/www.careium.com\/fr\/wp-json\/wp\/v2\/comments?post=589"}],"version-history":[{"count":5,"href":"https:\/\/www.careium.com\/fr\/wp-json\/wp\/v2\/pages\/589\/revisions"}],"predecessor-version":[{"id":5133,"href":"https:\/\/www.careium.com\/fr\/wp-json\/wp\/v2\/pages\/589\/revisions\/5133"}],"up":[{"embeddable":true,"href":"https:\/\/www.careium.com\/fr\/wp-json\/wp\/v2\/pages\/613"}],"wp:attachment":[{"href":"https:\/\/www.careium.com\/fr\/wp-json\/wp\/v2\/media?parent=589"}],"curies":[{"name":"wp","href":"https:\/\/api.w.org\/{rel}","templated":true}]}}