{"id":601,"date":"2025-05-27T11:40:27","date_gmt":"2025-05-27T11:40:27","guid":{"rendered":"https:\/\/www.careium.com\/fr\/?page_id=601"},"modified":"2026-02-04T14:28:49","modified_gmt":"2026-02-04T13:28:49","slug":"entreprise-responsable-ethique","status":"publish","type":"page","link":"https:\/\/www.careium.com\/fr\/a-propos\/durable\/entreprise-responsable-ethique\/","title":{"rendered":"Construire une entreprise \u00e9thique et durable"},"content":{"rendered":"\n<h1 class=\"wp-block-heading has-text-align-left has-text-align-center\">Une entreprise responsable<\/h1>\n\n\n\n<h2 class=\"wp-block-heading\">Nos collaborateurs<\/h2>\n\n\n\n<p>Nos collaborateurs jouent un r\u00f4le essentiel \u00e0 tous les niveaux de l\u2019entreprise. Leur engagement est particuli\u00e8rement crucial pour les personnes \u00e2g\u00e9es qui contactent nos centres d\u2019assistance ou utilisent nos produits au quotidien. Nous nous engageons \u00e0 offrir un environnement de travail respectueux et responsable, favorisant ainsi des relations durables et humaines. En savoir plus <a href=\"https:\/\/career.careium.com\/\" target=\"_blank\" data-type=\"page\" data-id=\"26\" rel=\"noreferrer noopener nofollow\">Carri\u00e8res<\/a>.<\/p>\n\n\n\n<h2 class=\"wp-block-heading\">Une cha\u00eene d&rsquo;approvisionnement \u00e9thique<\/h2>\n\n\n\n<p>Nous privil\u00e9gions des relations durables avec nos fournisseurs, fond\u00e9es sur la confiance, le respect mutuel et l&rsquo;engagement responsable.<br>Tous nos partenaires s&rsquo;engagent \u00e0 respecter notre politique ESG (Environnement, Social et Gouvernance), inspir\u00e9e de notre code d\u2019\u00e9thique et des dix principes du Pacte mondial des Nations Unies portant sur les droits humains, le droit du travail, la protection de l\u2019environnement et la lutte contre la corruption.<\/p>\n\n\n\n<p>Des audits r\u00e9guliers sont men\u00e9s pour garantir le respect de ces engagements. En cas de manquement, le fournisseur concern\u00e9 doit \u00e9tablir un plan d\u2019action correctif. Si les efforts ne sont pas jug\u00e9s suffisants, nous nous r\u00e9servons le droit de mettre fin \u00e0 la collaboration.<\/p>\n\n\n\n<h2 class=\"wp-block-heading\">Gouvernance \u00e9thique<\/h2>\n\n\n\n<p>Nous mettons en place plusieurs politiques afin d\u2019assurer une gouvernance \u00e9thique et transparente au sein de l\u2019entreprise. Voir <a href=\"https:\/\/www.careium.com\/fr\/a-propos\/normes-et-politiques\/\" data-type=\"page\" data-id=\"413\">normes et politiques<\/a> et le <a href=\"https:\/\/www.careium.com\/fr\/a-propos\/lanceur-dalerte\/\" data-type=\"page\" data-id=\"418\">routine des d\u00e9nonciateurs<\/a>.<\/p>\n","protected":false},"excerpt":{"rendered":"<p>Une entreprise responsable Nos collaborateurs Nos collaborateurs jouent un r\u00f4le essentiel \u00e0 tous les niveaux de l\u2019entreprise. Leur engagement est particuli\u00e8rement crucial pour les personnes \u00e2g\u00e9es qui contactent nos centres d\u2019assistance ou utilisent nos produits au quotidien. Nous nous engageons \u00e0 offrir un environnement de travail respectueux et responsable, favorisant ainsi des relations durables et&#8230;<\/p>\n","protected":false},"author":5,"featured_media":0,"parent":613,"menu_order":0,"comment_status":"closed","ping_status":"closed","template":"template-text-page.blade.php","meta":{"_acf_changed":false,"footnotes":""},"class_list":["post-601","page","type-page","status-publish","hentry"],"acf":[],"_links":{"self":[{"href":"https:\/\/www.careium.com\/fr\/wp-json\/wp\/v2\/pages\/601","targetHints":{"allow":["GET"]}}],"collection":[{"href":"https:\/\/www.careium.com\/fr\/wp-json\/wp\/v2\/pages"}],"about":[{"href":"https:\/\/www.careium.com\/fr\/wp-json\/wp\/v2\/types\/page"}],"author":[{"embeddable":true,"href":"https:\/\/www.careium.com\/fr\/wp-json\/wp\/v2\/users\/5"}],"replies":[{"embeddable":true,"href":"https:\/\/www.careium.com\/fr\/wp-json\/wp\/v2\/comments?post=601"}],"version-history":[{"count":5,"href":"https:\/\/www.careium.com\/fr\/wp-json\/wp\/v2\/pages\/601\/revisions"}],"predecessor-version":[{"id":4921,"href":"https:\/\/www.careium.com\/fr\/wp-json\/wp\/v2\/pages\/601\/revisions\/4921"}],"up":[{"embeddable":true,"href":"https:\/\/www.careium.com\/fr\/wp-json\/wp\/v2\/pages\/613"}],"wp:attachment":[{"href":"https:\/\/www.careium.com\/fr\/wp-json\/wp\/v2\/media?parent=601"}],"curies":[{"name":"wp","href":"https:\/\/api.w.org\/{rel}","templated":true}]}}