{"id":605,"date":"2025-05-27T11:39:33","date_gmt":"2025-05-27T11:39:33","guid":{"rendered":"https:\/\/www.careium.com\/fr\/?page_id=605"},"modified":"2026-02-19T15:53:43","modified_gmt":"2026-02-19T14:53:43","slug":"impact-environnemental","status":"publish","type":"page","link":"https:\/\/www.careium.com\/fr\/a-propos\/durable\/impact-environnemental\/","title":{"rendered":"Optimisation des ressources"},"content":{"rendered":"\n<h1 class=\"wp-block-heading has-text-align-left has-text-align-center\">Optimisation des ressources et impact environnemental<\/h1>\n\n\n\n<div style=\"height:20px\" aria-hidden=\"true\" class=\"wp-block-spacer\"><\/div>\n\n\n\n<h2 class=\"wp-block-heading\">Soutenir les professionnels, accompagner les personnes<\/h2>\n\n\n\n<p>La technologie du bien-\u00eatre n&rsquo;a pas pour objectif de remplacer les professionnels de la sant\u00e9 par l&rsquo;automatisation. Elle vise avant tout \u00e0 offrir s\u00e9curit\u00e9, libert\u00e9 et ind\u00e9pendance aux personnes pr\u00e9sentant des limitations physiques ou cognitives.<\/p>\n\n\n\n<p>La technologie au service du bien-\u00eatre permet des soins plus efficaces et mieux r\u00e9partis, o\u00f9 les fonds publics sont utilis\u00e9s de mani\u00e8re plus intelligente. Elle offre \u00e9galement au personnel soignant un environnement de travail am\u00e9lior\u00e9, lui permettant de se concentrer davantage sur des interactions significatives avec les personnes \u00e2g\u00e9es. Nous veillons \u00e0 ce que le temps et les ressources soient allou\u00e9s l\u00e0 o\u00f9 leur impact est le plus fort.<\/p>\n\n\n\n<p>Les valeurs, la vision et la mission de notre entreprise sont guid\u00e9es par la conviction de promouvoir une vie meilleure pour les seniors et de contribuer \u00e0 un syst\u00e8me de t\u00e9l\u00e9assistance plus durable.<\/p>\n\n\n\n<h2 class=\"wp-block-heading\">Prendre soin des personnes et de la plan\u00e8te<\/h2>\n\n\n\n<p>Nos produits et services ont un impact positif \u00e0 la fois sur l&rsquo;environnement et sur les personnes. Un document <a href=\"https:\/\/www.careium.com\/app\/uploads\/sites\/3\/2025\/05\/competitive-lifecycle-analysis-v1-careium.pdf\" data-type=\"attachment\" data-id=\"903\">d&rsquo;analyse du cycle<\/a> de vie est disponible pour \u00e9valuer cet impact. Nous avons mis en place une certification environnementale, et notre objectif est d&rsquo;int\u00e9grer les centres d&rsquo;alarme acquis \u00e0 notre certificat ISO 14001 global dans les 18 prochains mois.<\/p>\n\n\n\n<p>Nous d\u00e9ployons plusieurs initiatives pour r\u00e9duire l&rsquo;impact environnemental et climatique des d\u00e9placements, notamment par l&rsquo;am\u00e9lioration de notre flotte automobile et la formation \u00e0 l&rsquo;\u00e9co-conduite. Chaque ann\u00e9e, nous mesurons la consommation d&rsquo;\u00e9nergie dans nos locaux et mettons en \u0153uvre des actions pour limiter notre empreinte environnementale, en optimisant l&rsquo;utilisation de l&rsquo;espace et en privil\u00e9giant les \u00e9nergies non fossiles.<\/p>\n\n\n\n<p>Nous travaillons activement \u00e0 r\u00e9duire les co\u00fbts de transport tout en limitant l&rsquo;impact environnemental li\u00e9 au transport de nos produits.<\/p>\n","protected":false},"excerpt":{"rendered":"<p>Optimisation des ressources et impact environnemental Soutenir les professionnels, accompagner les personnes La technologie du bien-\u00eatre n&rsquo;a pas pour objectif de remplacer les professionnels de la sant\u00e9 par l&rsquo;automatisation. Elle vise avant tout \u00e0 offrir s\u00e9curit\u00e9, libert\u00e9 et ind\u00e9pendance aux personnes pr\u00e9sentant des limitations physiques ou cognitives. La technologie au service du bien-\u00eatre permet des&#8230;<\/p>\n","protected":false},"author":5,"featured_media":0,"parent":613,"menu_order":0,"comment_status":"closed","ping_status":"closed","template":"template-text-page.blade.php","meta":{"_acf_changed":false,"footnotes":""},"class_list":["post-605","page","type-page","status-publish","hentry"],"acf":[],"_links":{"self":[{"href":"https:\/\/www.careium.com\/fr\/wp-json\/wp\/v2\/pages\/605","targetHints":{"allow":["GET"]}}],"collection":[{"href":"https:\/\/www.careium.com\/fr\/wp-json\/wp\/v2\/pages"}],"about":[{"href":"https:\/\/www.careium.com\/fr\/wp-json\/wp\/v2\/types\/page"}],"author":[{"embeddable":true,"href":"https:\/\/www.careium.com\/fr\/wp-json\/wp\/v2\/users\/5"}],"replies":[{"embeddable":true,"href":"https:\/\/www.careium.com\/fr\/wp-json\/wp\/v2\/comments?post=605"}],"version-history":[{"count":5,"href":"https:\/\/www.careium.com\/fr\/wp-json\/wp\/v2\/pages\/605\/revisions"}],"predecessor-version":[{"id":5040,"href":"https:\/\/www.careium.com\/fr\/wp-json\/wp\/v2\/pages\/605\/revisions\/5040"}],"up":[{"embeddable":true,"href":"https:\/\/www.careium.com\/fr\/wp-json\/wp\/v2\/pages\/613"}],"wp:attachment":[{"href":"https:\/\/www.careium.com\/fr\/wp-json\/wp\/v2\/media?parent=605"}],"curies":[{"name":"wp","href":"https:\/\/api.w.org\/{rel}","templated":true}]}}