{"id":1934,"date":"2025-05-20T12:57:05","date_gmt":"2025-05-20T12:57:05","guid":{"rendered":"https:\/\/www.careium.com\/fr\/?post_type=product&#038;p=1934"},"modified":"2025-09-24T13:10:01","modified_gmt":"2025-09-24T11:10:01","slug":"capteur-depilepsie","status":"publish","type":"product","link":"https:\/\/www.careium.com\/fr\/solutions-de-teleassistance\/teletransmetteur\/capteur-depilepsie\/","title":{"rendered":"Capteur d&rsquo;\u00e9pilepsie"},"content":{"rendered":"<h2>Comment \u00e7a fonctionne ?<\/h2>\n<p>Le capteur d\u2019\u00e9pilepsie Companion mini d\u00e9tecte les crises tonico-cloniques d\u00e8s leur apparition, ce qui permet une r\u00e9action rapide des intervenants si n\u00e9cessaire. En l\u2019absence de crise, le capteur ne perturbe pas le sommeil de l\u2019utilisateur. Il convient \u00e0 la plupart des types de lits, y compris les lits \u00e0 profilage et \u00e0 flux d\u2019air. Le capteur d\u2019\u00e9pilepsie peut \u00eatre utilis\u00e9 pour les enfants ainsi que pour les adultes.<\/p>\n<p>Le capteur Companion mini est facile \u00e0 installer gr\u00e2ce \u00e0 sa technologie sans fil et constitue un dispositif m\u00e9dical de classe 1. L\u2019appareil fonctionne sur la fr\u00e9quence europ\u00e9enne pour les alarmes sociales 869 MHz. Il est test\u00e9 et conforme \u00e0 toutes les normes europ\u00e9ennes applicables, y compris les normes CE.<\/p>\n<h2>Quels sont les avantages ?<\/h2>\n<p>Au Royaume-Uni, plus de 600 000 personnes sont touch\u00e9es par l\u2019\u00e9pilepsie. Dans de nombreux cas, la personne s\u2019occupant d\u2019une personne \u00e9pileptique devra proc\u00e9der \u00e0 des v\u00e9rifications r\u00e9guli\u00e8res tout au long de la nuit, ce qui constitue un travail intensif pour les soignants professionnels et implique un sommeil fragment\u00e9 pour les soignants informels. La personne affect\u00e9e peut \u00e9galement vivre ces contr\u00f4les comme une intrusion ou une atteinte \u00e0 la dignit\u00e9.<\/p>\n<p>Cr\u00e9\u00e9 dans un souci de facilit\u00e9 d\u2019utilisation, Companion mini est simple \u00e0 installer et facilement ajustable aux besoins de chaque individu. Le dispositif est adapt\u00e9 \u00e0 un usage domestique et professionnel.<\/p>\n","protected":false},"excerpt":{"rendered":"<p>Le capteur Companion mini est un petit appareil intelligent et sensible qui peut distinguer les mouvements induits par une crise d\u2019\u00e9pilepsie et les mouvements effectu\u00e9s lors d\u2019un sommeil normal, contribuant ainsi \u00e0 la tranquillit\u00e9 d\u2019esprit de la personne. Convient \u00e0 un usage \u00e0 domicile, pour les adultes et les enfants. Le capteur Companion mini se place sous le matelas. Lorsqu\u2019une crise est d\u00e9tect\u00e9e, le capteur active un appel vers le centre de t\u00e9l\u00e9assistance par l\u2019interm\u00e9diaire du transmetteur Careium.<\/p>\n","protected":false},"author":5,"featured_media":1933,"template":"","meta":{"_acf_changed":false},"product_brand":[],"product_cat":[17],"product_tag":[],"class_list":{"0":"post-1934","1":"product","2":"type-product","3":"status-publish","4":"has-post-thumbnail","6":"product_cat-accessory","8":"first","9":"instock","10":"shipping-taxable","11":"purchasable","12":"product-type-simple"},"acf":[],"_links":{"self":[{"href":"https:\/\/www.careium.com\/fr\/wp-json\/wp\/v2\/product\/1934","targetHints":{"allow":["GET"]}}],"collection":[{"href":"https:\/\/www.careium.com\/fr\/wp-json\/wp\/v2\/product"}],"about":[{"href":"https:\/\/www.careium.com\/fr\/wp-json\/wp\/v2\/types\/product"}],"author":[{"embeddable":true,"href":"https:\/\/www.careium.com\/fr\/wp-json\/wp\/v2\/users\/5"}],"wp:featuredmedia":[{"embeddable":true,"href":"https:\/\/www.careium.com\/fr\/wp-json\/wp\/v2\/media\/1933"}],"wp:attachment":[{"href":"https:\/\/www.careium.com\/fr\/wp-json\/wp\/v2\/media?parent=1934"}],"wp:term":[{"taxonomy":"product_brand","embeddable":true,"href":"https:\/\/www.careium.com\/fr\/wp-json\/wp\/v2\/product_brand?post=1934"},{"taxonomy":"product_cat","embeddable":true,"href":"https:\/\/www.careium.com\/fr\/wp-json\/wp\/v2\/product_cat?post=1934"},{"taxonomy":"product_tag","embeddable":true,"href":"https:\/\/www.careium.com\/fr\/wp-json\/wp\/v2\/product_tag?post=1934"}],"curies":[{"name":"wp","href":"https:\/\/api.w.org\/{rel}","templated":true}]}}