{"id":307,"date":"2025-04-29T08:12:05","date_gmt":"2025-04-29T08:12:05","guid":{"rendered":"https:\/\/www.careium.com\/fr\/?post_type=product&#038;p=307"},"modified":"2025-09-23T11:13:48","modified_gmt":"2025-09-23T09:13:48","slug":"abby-teleassistance-mobile-gps","status":"publish","type":"product","link":"https:\/\/www.careium.com\/fr\/solutions-de-teleassistance\/teletransmetteur\/abby-teleassistance-mobile-gps\/","title":{"rendered":"Abby &#8211; t\u00e9l\u00e9assistance mobile pour la libert\u00e9"},"content":{"rendered":"<p class=\"\" data-start=\"209\" data-end=\"577\">Abby est un t\u00e9l\u00e9transmetteur compacte et \u00e9tanche (IP67), con\u00e7u pour offrir une s\u00e9curit\u00e9 optimale \u00e0 domicile comme \u00e0 l&rsquo;ext\u00e9rieur. Dot\u00e9e d&rsquo;un GPS int\u00e9gr\u00e9, il permet de localiser l&rsquo;utilisateur en temps r\u00e9el et de d\u00e9finir des zones de s\u00e9curit\u00e9 personnalis\u00e9es. En cas de chute ou de besoin d&rsquo;assistance, un simple appui sur le bouton d\u00e9clenche une alerte instantan\u00e9e.<\/p>\n<p class=\"\" data-start=\"579\" data-end=\"922\">Gr\u00e2ce \u00e0 son haut-parleur int\u00e9gr\u00e9, Abby permet une communication bidirectionnelle, garantissant une intervention plus rapide et adapt\u00e9e. De plus, l&rsquo;appareil est compatible avec l&rsquo;application i-care\u00ae plus, permettant aux proches de suivre la localisation de l&rsquo;utilisateur, de recevoir des notifications et d&rsquo;interagir directement via l&rsquo;appareil.<\/p>\n<p class=\"\" data-start=\"924\" data-end=\"1264\">L\u00e9ger et discret, Abby peut \u00eatre port\u00e9 en pendentif, dans une poche ou fix\u00e9 \u00e0 la ceinture, s&rsquo;int\u00e9grant ainsi parfaitement \u00e0 la vie quotidienne. Sa longue autonomie et sa r\u00e9sistance aux \u00e9claboussures en font un alli\u00e9 fiable pour les personnes \u00e2g\u00e9es, les travailleurs isol\u00e9s ou toute personne souhaitant renforcer sa s\u00e9curit\u00e9 personnelle.<\/p>\n<p data-start=\"924\" data-end=\"1264\">Gr\u00e2ce \u00e0 son \u00e9cran, il est possible de v\u00e9rifier la couverture r\u00e9seau et donc si l&rsquo;on est en s\u00e9curit\u00e9 dans la zone. L&rsquo;heure, le niveau de batterie et le nombre de pas par jour permettent d&rsquo;augmenter l&rsquo;utilisation du produit au quotidien.<\/p>\n<p data-start=\"924\" data-end=\"1264\">Chaque pas compte, chaque donn\u00e9e vous transforme !<\/p>\n","protected":false},"excerpt":{"rendered":"<p>Rester actif et ind\u00e9pendant ne doit pas signifier compromettre la s\u00e9curit\u00e9. Avec Abby, notre t\u00e9l\u00e9assistance GPS mobile, vous ou vos proches pouvez profiter de la libert\u00e9 tout en ayant un acc\u00e8s instantan\u00e9 \u00e0 l&rsquo;aide d&rsquo;urgence, \u00e0 tout moment et en tout lieu. Que vous soyez en train de faire des courses, de rendre visite \u00e0 des amis ou simplement de vous promener, Abby vous assure que l&rsquo;aide est toujours \u00e0 port\u00e9e de main.<\/p>\n","protected":false},"author":4,"featured_media":306,"template":"","meta":{"_acf_changed":false},"product_brand":[],"product_cat":[18],"product_tag":[],"class_list":{"0":"post-307","1":"product","2":"type-product","3":"status-publish","4":"has-post-thumbnail","6":"product_cat-mobile-social-alarm","8":"first","9":"instock","10":"shipping-taxable","11":"purchasable","12":"product-type-simple"},"acf":[],"_links":{"self":[{"href":"https:\/\/www.careium.com\/fr\/wp-json\/wp\/v2\/product\/307","targetHints":{"allow":["GET"]}}],"collection":[{"href":"https:\/\/www.careium.com\/fr\/wp-json\/wp\/v2\/product"}],"about":[{"href":"https:\/\/www.careium.com\/fr\/wp-json\/wp\/v2\/types\/product"}],"author":[{"embeddable":true,"href":"https:\/\/www.careium.com\/fr\/wp-json\/wp\/v2\/users\/4"}],"wp:featuredmedia":[{"embeddable":true,"href":"https:\/\/www.careium.com\/fr\/wp-json\/wp\/v2\/media\/306"}],"wp:attachment":[{"href":"https:\/\/www.careium.com\/fr\/wp-json\/wp\/v2\/media?parent=307"}],"wp:term":[{"taxonomy":"product_brand","embeddable":true,"href":"https:\/\/www.careium.com\/fr\/wp-json\/wp\/v2\/product_brand?post=307"},{"taxonomy":"product_cat","embeddable":true,"href":"https:\/\/www.careium.com\/fr\/wp-json\/wp\/v2\/product_cat?post=307"},{"taxonomy":"product_tag","embeddable":true,"href":"https:\/\/www.careium.com\/fr\/wp-json\/wp\/v2\/product_tag?post=307"}],"curies":[{"name":"wp","href":"https:\/\/api.w.org\/{rel}","templated":true}]}}