{"id":310,"date":"2025-04-29T08:57:38","date_gmt":"2025-04-29T08:57:38","guid":{"rendered":"https:\/\/www.careium.com\/fr\/?post_type=product&#038;p=310"},"modified":"2026-01-30T13:46:30","modified_gmt":"2026-01-30T12:46:30","slug":"eliza-teleassistance-domicile","status":"publish","type":"product","link":"https:\/\/www.careium.com\/fr\/solutions-de-teleassistance\/teletransmetteur\/eliza-teleassistance-domicile\/","title":{"rendered":"Eliza &#8211; La solution s\u00e9curis\u00e9e pour une vie autonome"},"content":{"rendered":"<h3><strong>Eliza &#8211; Transmetteur fixe &#8211; Se sentir en s\u00e9curit\u00e9 et en confiance \u00e0 la maison<\/strong><\/h3>\n<p>Tout le monde m\u00e9rite de se sentir en s\u00e9curit\u00e9 &#8211; que vous viviez de fa\u00e7on ind\u00e9pendante, que vous vous remettiez d&rsquo;une maladie ou que vous souhaitiez simplement \u00eatre rassur\u00e9. C&rsquo;est l\u00e0 qu&rsquo;intervient Eliza : un compagnon de confiance qui vous met en contact avec de l&rsquo;aide \u00e0 chaque fois que vous en avez besoin.<\/p>\n<h3 class=\"\" data-start=\"278\" data-end=\"319\"><strong>Une aide rapide, d&rsquo;un simple geste<\/strong><\/h3>\n<p class=\"\" data-start=\"321\" data-end=\"642\">En cas de besoin, il vous suffit de <strong data-start=\"357\" data-end=\"404\">porter un bracelet ou un pendentif connect\u00e9<\/strong> au transmetteur fixe Eliza. D\u2019une simple pression, vous pouvez d\u00e9clencher une alerte et obtenir de l\u2019aide imm\u00e9diatement. Simple, rapide et toujours \u00e0 port\u00e9e de main, Eliza vous assure une s\u00e9curit\u00e9 renforc\u00e9e o\u00f9 que vous soyez dans votre domicile.<\/p>\n<h3 class=\"\" data-start=\"96\" data-end=\"133\"><strong data-start=\"100\" data-end=\"133\">Pas de recharge, pas de souci<\/strong><\/h3>\n<p class=\"\" data-start=\"135\" data-end=\"295\">Il n&rsquo;est pas n\u00e9cessaire de se soucier de la recharge. Le syst\u00e8me est toujours pr\u00eat \u00e0 l&#8217;emploi, vous garantissant une s\u00e9curit\u00e9 continue sans tracas au quotidien.<\/p>\n<p><strong>Couverture int\u00e9rieure et ext\u00e9rieure<\/strong><\/p>\n<p>Que vous vous d\u00e9tendiez dans le jardin ou que vous vous d\u00e9placiez d&rsquo;une pi\u00e8ce \u00e0 l&rsquo;autre, vous restez prot\u00e9g\u00e9 dans toute votre maison.<\/p>\n<h3 class=\"\" data-start=\"58\" data-end=\"89\"><strong data-start=\"62\" data-end=\"89\">Aucune facture surprise<\/strong><\/h3>\n<p class=\"\" data-start=\"91\" data-end=\"266\">Pas de frais d&rsquo;appel ni de ligne fixe. Tout fonctionne de mani\u00e8re fluide sur les r\u00e9seaux num\u00e9riques, vous permettant de profiter de votre s\u00e9curit\u00e9 sans vous compliquer la vie.<\/p>\n<p><strong>Installation rapide et facile<\/strong><\/p>\n<p>Aucune connaissance technique n&rsquo;est n\u00e9cessaire. Gr\u00e2ce au guide fourni, l&rsquo;installation est simple, intuitive et sans stress.<\/p>\n<h3><strong>La tranquillit\u00e9 d&rsquo;esprit pour vous et vos proches<\/strong><\/h3>\n<p>Cette alarme est parfaite pour tous ceux qui veulent se sentir en s\u00e9curit\u00e9 sans renoncer \u00e0 leur ind\u00e9pendance. Que vous viviez seul, que vous g\u00e9riez un probl\u00e8me de sant\u00e9 ou que vous souhaitiez simplement savoir que quelqu&rsquo;un est l\u00e0 si vous avez besoin d&rsquo;aide, cette alarme est con\u00e7ue pour s&rsquo;adapter \u00e0 votre style de vie.<\/p>\n<p>Et pour les familles ? C&rsquo;est le confort de savoir que l&rsquo;\u00eatre aim\u00e9 n&rsquo;est jamais vraiment seul.<\/p>\n<h3><strong>Pourquoi c&rsquo;est diff\u00e9rent<\/strong><\/h3>\n<p><strong>Construit pour l&rsquo;avenir<\/strong><\/p>\n<p>Gr\u00e2ce \u00e0 la fiabilit\u00e9 de la 4G et de la technologie IP, votre connexion reste forte, m\u00eame lorsque les r\u00e9seaux changent.<\/p>\n<p><strong>S\u00e9curit\u00e9 domestique intelligente<\/strong><\/p>\n<p>Le syst\u00e8me peut se connecter \u00e0 des <a href=\"https:\/\/www.careium.com\/fr\/solutions-de-teleassistance\/teletransmetteur\/detecteur-de-fumee-24-7\/\">d\u00e9tecteurs de fum\u00e9e<\/a>, <a href=\"https:\/\/www.careium.com\/fr\/solutions-de-teleassistance\/teletransmetteur\/vibby-oak-alarme-de-chute\/\">d\u00e9tecteurs de chute<\/a> et \u00e0 d&rsquo;autres appareils, cr\u00e9ant ainsi un r\u00e9seau de s\u00e9curit\u00e9 complet dans votre maison.<\/p>\n<p><strong>Con\u00e7u pour s&rsquo;int\u00e9grer<\/strong><\/p>\n<p>Avec ses finitions \u00e9l\u00e9gantes, l&rsquo;appareil est moderne et discret &#8211; il ressemble davantage \u00e0 un accessoire domestique qu&rsquo;\u00e0 un dispositif m\u00e9dical.<\/p>\n<h3><strong>Choisissez Eliza &#8211; et vivez en toute confiance<\/strong><\/h3>\n<p>Il ne s&rsquo;agit pas d&rsquo;une simple alarme, mais d&rsquo;un moyen de conserver son ind\u00e9pendance tout en sachant que l&rsquo;aide est toujours \u00e0 port\u00e9e de main. Gr\u00e2ce \u00e0 une technologie intelligente, une conception r\u00e9fl\u00e9chie et une assistance 24 heures sur 24, Eliza vous aide \u00e0 vivre votre vie avec moins d&rsquo;inqui\u00e9tude et plus de libert\u00e9.<\/p>\n<p>C&rsquo;est aussi la tranquillit\u00e9 d&rsquo;esprit pour les personnes qui vous sont ch\u00e8res. Pour les membres de la famille et les proches, le fait de savoir que l&rsquo;on peut toujours obtenir de l&rsquo;aide est un v\u00e9ritable r\u00e9confort, surtout lorsqu&rsquo;ils ne peuvent pas \u00eatre pr\u00e9sents en personne. Eliza contribue \u00e0 apaiser les inqui\u00e9tudes et permet aux familles d&rsquo;avoir la certitude que leur parent, partenaire ou proche est en s\u00e9curit\u00e9, connect\u00e9 et soutenu au quotidien.<\/p>\n<hr \/>\n","protected":false},"excerpt":{"rendered":"<p>Eliza est un transmetteur de t\u00e9l\u00e9assistance con\u00e7u pour am\u00e9liorer la s\u00e9curit\u00e9 des personnes \u00e2g\u00e9es et favoriser l&rsquo;autonomie \u00e0 domicile. Qu&rsquo;il s&rsquo;agisse d&rsquo;une urgence ou d&rsquo;un besoin d&rsquo;assistance, il suffit d&rsquo;appuyer sur un bouton pour obtenir de l&rsquo;aide.<\/p>\n","protected":false},"author":5,"featured_media":4861,"template":"","meta":{"_acf_changed":false},"product_brand":[],"product_cat":[16],"product_tag":[],"class_list":{"0":"post-310","1":"product","2":"type-product","3":"status-publish","4":"has-post-thumbnail","6":"product_cat-social-alarms","8":"first","9":"instock","10":"shipping-taxable","11":"purchasable","12":"product-type-simple"},"acf":[],"_links":{"self":[{"href":"https:\/\/www.careium.com\/fr\/wp-json\/wp\/v2\/product\/310","targetHints":{"allow":["GET"]}}],"collection":[{"href":"https:\/\/www.careium.com\/fr\/wp-json\/wp\/v2\/product"}],"about":[{"href":"https:\/\/www.careium.com\/fr\/wp-json\/wp\/v2\/types\/product"}],"author":[{"embeddable":true,"href":"https:\/\/www.careium.com\/fr\/wp-json\/wp\/v2\/users\/5"}],"wp:featuredmedia":[{"embeddable":true,"href":"https:\/\/www.careium.com\/fr\/wp-json\/wp\/v2\/media\/4861"}],"wp:attachment":[{"href":"https:\/\/www.careium.com\/fr\/wp-json\/wp\/v2\/media?parent=310"}],"wp:term":[{"taxonomy":"product_brand","embeddable":true,"href":"https:\/\/www.careium.com\/fr\/wp-json\/wp\/v2\/product_brand?post=310"},{"taxonomy":"product_cat","embeddable":true,"href":"https:\/\/www.careium.com\/fr\/wp-json\/wp\/v2\/product_cat?post=310"},{"taxonomy":"product_tag","embeddable":true,"href":"https:\/\/www.careium.com\/fr\/wp-json\/wp\/v2\/product_tag?post=310"}],"curies":[{"name":"wp","href":"https:\/\/api.w.org\/{rel}","templated":true}]}}