{"id":314,"date":"2025-04-29T09:44:02","date_gmt":"2025-04-29T09:44:02","guid":{"rendered":"https:\/\/www.careium.com\/fr\/?post_type=product&#038;p=314"},"modified":"2025-05-21T18:50:29","modified_gmt":"2025-05-21T18:50:29","slug":"eliza-s-plus-teleassistance-domicile","status":"publish","type":"product","link":"https:\/\/www.careium.com\/fr\/solutions-de-teleassistance\/teletransmetteur\/eliza-s-plus-teleassistance-domicile\/","title":{"rendered":"Eliza S+ &#8211; Une solution plus intelligente, une plus grande tranquillit\u00e9 d&rsquo;esprit"},"content":{"rendered":"<h3><strong>Rester ind\u00e9pendant, rester connect\u00e9 &#8211; avec Eliza S+<\/strong><\/h3>\n<p>Tout comme les autres transmetteurs de notre gamme, Eliza S+ offre une solution d&rsquo;assistance\u00a0 24 heures sur 24 et 7 jours sur 7 &#8211; parfaite pour tous ceux qui appr\u00e9cient leur ind\u00e9pendance mais veulent aussi \u00eatre rassur\u00e9s de savoir que l&rsquo;aide est toujours \u00e0 port\u00e9e de main.<\/p>\n<p>Eliza S+ est id\u00e9al pour :<\/p>\n<ul>\n<li>Les personnes \u00e2g\u00e9es vivant \u00e0 domicile<\/li>\n<li>Les personnes souffrant de troubles m\u00e9dicaux tels que la d\u00e9mence, l&rsquo;\u00e9pilepsie ou les probl\u00e8mes cardiaques<\/li>\n<li>Toute personne susceptible d&rsquo;\u00eatre expos\u00e9e \u00e0 un risque de chute ou de maladie soudaine<\/li>\n<\/ul>\n<p>Que ce soit pour une tranquillit\u00e9 d&rsquo;esprit au quotidien ou pour un soutien suppl\u00e9mentaire en cas d&rsquo;urgence, Eliza S+ permet de se sentir plus facilement en s\u00e9curit\u00e9 \u00e0 la maison.<\/p>\n<h4><strong>Une aide qui fonctionne quand vous en avez le plus besoin<\/strong><\/h4>\n<p>Eliza S+ se distingue par son <strong>syst\u00e8me de connexion double<\/strong>. Alors que de nombreuses alarmes personnelles reposent uniquement sur les r\u00e9seaux mobiles, Eliza S+ offre \u00e9galement une sauvegarde par Ethernet. Cela signifie que si le signal mobile est faible ou s&rsquo;\u00e9teint &#8211; par exemple, lors d&rsquo;un orage ou d&rsquo;une panne de courant &#8211; votre transmetteur reste connect\u00e9e et pleinement fonctionnel via le c\u00e2ble Ethernet.<\/p>\n<p>Ceci est particuli\u00e8rement utile pour :<\/p>\n<ul>\n<li>Les maisons situ\u00e9es dans des zones rurales ou \u00e9loign\u00e9es o\u00f9 la couverture mobile est faible<\/li>\n<li>Les b\u00e2timents aux murs \u00e9pais o\u00f9 la force du signal peut \u00eatre peu fiable<\/li>\n<\/ul>\n<p>Avec Eliza S+, vous n&rsquo;avez plus \u00e0 vous soucier des probl\u00e8mes de r\u00e9seau qui entravent votre s\u00e9curit\u00e9.<\/p>\n<h3 class=\"\" data-start=\"90\" data-end=\"141\"><strong data-start=\"94\" data-end=\"141\">Une pr\u00e9sence discr\u00e8te, une s\u00e9curit\u00e9 assur\u00e9e<\/strong><\/h3>\n<p class=\"\" data-start=\"143\" data-end=\"431\">Un dispositif de s\u00e9curit\u00e9 ne devrait jamais perturber votre quotidien. C\u2019est pourquoi <strong data-start=\"229\" data-end=\"241\">Eliza S+<\/strong> a \u00e9t\u00e9 pens\u00e9 pour s\u2019int\u00e9grer avec \u00e9l\u00e9gance dans votre int\u00e9rieur. Disponible en \u00e9b\u00e8ne fonc\u00e9, ses finitions sobres et modernes s\u2019harmonisent naturellement avec tout type de d\u00e9coration.<\/p>\n<p class=\"\" data-start=\"433\" data-end=\"650\">Son design \u00e9pur\u00e9 et discret lui permet de se faire oublier&#8230; tout en restant pr\u00eat \u00e0 intervenir quand vous en avez besoin. Un concentr\u00e9 de technologie au service de votre tranquillit\u00e9, sans compromis sur l\u2019esth\u00e9tique.<\/p>\n<h3 class=\"\" data-start=\"105\" data-end=\"159\"><strong data-start=\"109\" data-end=\"159\">La tranquillit\u00e9 d\u2019esprit pour toute la famille<\/strong><\/h3>\n<p class=\"\" data-start=\"161\" data-end=\"405\">Gr\u00e2ce \u00e0 <strong data-start=\"169\" data-end=\"181\">Eliza S+<\/strong>, les familles savent que leur proche est prot\u00e9g\u00e9 par un t\u00e9l\u00e9transmetteur fiable, m\u00eame en cas d\u2019urgence. Moins de stress au quotidien, moins de doutes en cas d\u2019absence : chacun peut avancer l\u2019esprit plus l\u00e9ger, en confiance.<\/p>\n","protected":false},"excerpt":{"rendered":"<p>Le transmetteur de t\u00e9l\u00e9assistance Eliza S+ offre une connectivit\u00e9 \u00e0 double r\u00e9seau pour une protection ininterrompue, gr\u00e2ce \u00e0 la possibilit\u00e9 de se connecter via un c\u00e2ble Ethernet fixe. Cela vous permet de rester en s\u00e9curit\u00e9 m\u00eame si le signal mobile est faible dans votre maison ou si le signal mobile tombe.<\/p>\n","protected":false},"author":5,"featured_media":251,"template":"","meta":{"_acf_changed":false},"product_brand":[],"product_cat":[16],"product_tag":[],"class_list":{"0":"post-314","1":"product","2":"type-product","3":"status-publish","4":"has-post-thumbnail","6":"product_cat-social-alarms","8":"first","9":"instock","10":"shipping-taxable","11":"purchasable","12":"product-type-simple"},"acf":[],"_links":{"self":[{"href":"https:\/\/www.careium.com\/fr\/wp-json\/wp\/v2\/product\/314","targetHints":{"allow":["GET"]}}],"collection":[{"href":"https:\/\/www.careium.com\/fr\/wp-json\/wp\/v2\/product"}],"about":[{"href":"https:\/\/www.careium.com\/fr\/wp-json\/wp\/v2\/types\/product"}],"author":[{"embeddable":true,"href":"https:\/\/www.careium.com\/fr\/wp-json\/wp\/v2\/users\/5"}],"wp:featuredmedia":[{"embeddable":true,"href":"https:\/\/www.careium.com\/fr\/wp-json\/wp\/v2\/media\/251"}],"wp:attachment":[{"href":"https:\/\/www.careium.com\/fr\/wp-json\/wp\/v2\/media?parent=314"}],"wp:term":[{"taxonomy":"product_brand","embeddable":true,"href":"https:\/\/www.careium.com\/fr\/wp-json\/wp\/v2\/product_brand?post=314"},{"taxonomy":"product_cat","embeddable":true,"href":"https:\/\/www.careium.com\/fr\/wp-json\/wp\/v2\/product_cat?post=314"},{"taxonomy":"product_tag","embeddable":true,"href":"https:\/\/www.careium.com\/fr\/wp-json\/wp\/v2\/product_tag?post=314"}],"curies":[{"name":"wp","href":"https:\/\/api.w.org\/{rel}","templated":true}]}}