{"id":319,"date":"2025-04-29T09:50:13","date_gmt":"2025-04-29T09:50:13","guid":{"rendered":"https:\/\/www.careium.com\/fr\/?post_type=product&#038;p=319"},"modified":"2025-05-23T07:48:41","modified_gmt":"2025-05-23T07:48:41","slug":"visit-surveillance-a-distance","status":"publish","type":"product","link":"https:\/\/www.careium.com\/fr\/solutions-de-teleassistance\/teletransmetteur\/visit-surveillance-a-distance\/","title":{"rendered":"Visit \u2013 Une alternative s\u00fbre et sereine aux visites \u00e0 domicile"},"content":{"rendered":"<p class=\"\" data-start=\"132\" data-end=\"502\">Contrairement aux visites \u00e0 domicile traditionnelles, qui peuvent g\u00e9n\u00e9rer de l&rsquo;anxi\u00e9t\u00e9 chez les personnes n\u00e9cessitant des contr\u00f4les nocturnes, <strong data-start=\"275\" data-end=\"284\">Visit<\/strong> offre une surveillance \u00e0 distance discr\u00e8te et respectueuse. Des soignants agr\u00e9\u00e9s utilisent une cam\u00e9ra s\u00e9curis\u00e9e, sans enregistrement des images, pour assurer la s\u00e9curit\u00e9 de votre proche sans empi\u00e9ter sur son intimit\u00e9.<\/p>\n<p class=\"\" data-start=\"504\" data-end=\"788\">La protection de la vie priv\u00e9e est notre priorit\u00e9. La cam\u00e9ra ne s&rsquo;active que lors des visites programm\u00e9es ou en cas d&rsquo;urgence, toujours sous la supervision de professionnels qualifi\u00e9s. Aucune donn\u00e9e n\u2019est enregistr\u00e9e, garantissant ainsi la pr\u00e9servation de la dignit\u00e9 de votre famille.<\/p>\n<p class=\"\" data-start=\"790\" data-end=\"983\">En r\u00e9duisant les visites physiques, <strong data-start=\"826\" data-end=\"835\">Visit<\/strong> minimise les frais de d\u00e9placement et l&#8217;empreinte carbone. Ce syst\u00e8me de soins \u00e0 distance constitue une solution \u00e9conomique, \u00e9cologique et efficace.<\/p>\n<p class=\"\" data-start=\"985\" data-end=\"1253\"><strong data-start=\"985\" data-end=\"994\">Visit<\/strong> est con\u00e7u pour les familles qui souhaitent rassurer leurs proches tout en pr\u00e9servant leur espace, les prestataires de soins cherchant une alternative aux visites \u00e0 domicile, et les personnes \u00e2g\u00e9es ou vuln\u00e9rables recherchant un soutien discret et respectueux.<\/p>\n<hr \/>\n","protected":false},"excerpt":{"rendered":"<p>Visit est une solution de soins qui assure la s\u00e9curit\u00e9 de vos proches tout en respectant leur ind\u00e9pendance. Pas de contr\u00f4les d\u00e9rangeants, pas de stress inutile, juste la tranquillit\u00e9 d&rsquo;esprit pour tout le monde. Il s&rsquo;agit d&rsquo;une surveillance \u00e0 distance qui constitue un moyen plus intelligent de fournir des soins et de l&rsquo;aide, gr\u00e2ce \u00e0 une surveillance s\u00e9curis\u00e9e par cam\u00e9ra qui ne s&rsquo;active qu&rsquo;en cas de besoin.<\/p>\n","protected":false},"author":4,"featured_media":318,"template":"","meta":{"_acf_changed":false},"product_brand":[],"product_cat":[17],"product_tag":[],"class_list":{"0":"post-319","1":"product","2":"type-product","3":"status-publish","4":"has-post-thumbnail","6":"product_cat-accessory","8":"first","9":"instock","10":"shipping-taxable","11":"purchasable","12":"product-type-simple"},"acf":[],"_links":{"self":[{"href":"https:\/\/www.careium.com\/fr\/wp-json\/wp\/v2\/product\/319","targetHints":{"allow":["GET"]}}],"collection":[{"href":"https:\/\/www.careium.com\/fr\/wp-json\/wp\/v2\/product"}],"about":[{"href":"https:\/\/www.careium.com\/fr\/wp-json\/wp\/v2\/types\/product"}],"author":[{"embeddable":true,"href":"https:\/\/www.careium.com\/fr\/wp-json\/wp\/v2\/users\/4"}],"wp:featuredmedia":[{"embeddable":true,"href":"https:\/\/www.careium.com\/fr\/wp-json\/wp\/v2\/media\/318"}],"wp:attachment":[{"href":"https:\/\/www.careium.com\/fr\/wp-json\/wp\/v2\/media?parent=319"}],"wp:term":[{"taxonomy":"product_brand","embeddable":true,"href":"https:\/\/www.careium.com\/fr\/wp-json\/wp\/v2\/product_brand?post=319"},{"taxonomy":"product_cat","embeddable":true,"href":"https:\/\/www.careium.com\/fr\/wp-json\/wp\/v2\/product_cat?post=319"},{"taxonomy":"product_tag","embeddable":true,"href":"https:\/\/www.careium.com\/fr\/wp-json\/wp\/v2\/product_tag?post=319"}],"curies":[{"name":"wp","href":"https:\/\/api.w.org\/{rel}","templated":true}]}}