{"id":324,"date":"2025-05-12T08:26:21","date_gmt":"2025-05-12T08:26:21","guid":{"rendered":"https:\/\/www.careium.com\/fr\/?post_type=product&#038;p=324"},"modified":"2025-05-21T12:08:12","modified_gmt":"2025-05-21T12:08:12","slug":"careium-450","status":"publish","type":"product","link":"https:\/\/www.careium.com\/fr\/solutions-de-teleassistance\/teletransmetteur\/careium-450\/","title":{"rendered":"Careium 450 &#8211; T\u00e9l\u00e9assistance mobile"},"content":{"rendered":"<h3><strong>Comment \u00e7a fonctionne ?<\/strong><\/h3>\n<p>La t\u00e9l\u00e9assistance mobile de Careium avec g\u00e9olocalisation est id\u00e9ale pour offrir une plus grande tranquillit\u00e9 d\u2019esprit aux seniors actifs et \u00e0 leurs proches. Elle permet non seulement \u00e0 l\u2019utilisateur de d\u00e9clencher une alarme en cas de besoin, mais dispose \u00e9galement d\u2019alarmes automatiques, en cas de chute ou si l\u2019utilisateur quitte un p\u00e9rim\u00e8tre de s\u00e9curit\u00e9 par exemple. Il est possible de programmer plusieurs p\u00e9rim\u00e8tres de s\u00e9curit\u00e9 et l&rsquo;alarme est envoy\u00e9e \u00e0 un centre de t\u00e9l\u00e9assistance. Le m\u00e9daillon Careium 450 est fourni avec un socle de recharge qui sert \u00e9galement de balise.<\/p>\n<h3><strong>Quels sont les avantages?<\/strong><\/h3>\n<p>Plus une personne vieillit, plus la pratique d\u2019une activit\u00e9 physique r\u00e9guli\u00e8re est importante. Celle-ci a non seulement des effets positifs sur la m\u00e9moire, la concentration et la r\u00e9activit\u00e9, mais elle permet \u00e9galement de diminuer de mani\u00e8re importante la d\u00e9pression (v\u00e9cue et diagnostiqu\u00e9e) chez les seniors. Chez Careium, nous voulons permettre aux gens de vivre une vie aussi normale que possible, aussi longtemps que possible. Les solutions de t\u00e9l\u00e9assistance mobile, comme le tracker Careium 450, permettent aux seniors de rester autonomes et actifs plus longtemps.<\/p>\n","protected":false},"excerpt":{"rendered":"<p>Le Careium 450 est un petit m\u00e9daillon de t\u00e9l\u00e9assistance mobile dot\u00e9 d\u2019un GPS qui renforce la s\u00e9curit\u00e9 de l\u2019utilisateur chez lui et partout o\u00f9 il se rend. Pratique et toujours \u00e0 port\u00e9e de main, que ce soit dans la poche, \u00e0 la ceinture ou autour du cou, il peut \u00e9galement \u00eatre port\u00e9 sous la douche gr\u00e2ce \u00e0 son design \u00e9tanche (conforme \u00e0 la norme IP67). Lorsque l\u2019utilisateur appuie sur la touche d\u2019assistance, une alarme est envoy\u00e9e au centre de t\u00e9l\u00e9assistance. La fonction mains-libres int\u00e9gr\u00e9e permet alors de communiquer avec l\u2019\u00e9quipe qualifi\u00e9e du centre d\u2019appel. GPS, Wi-Fi et balises : tous fonctionnent \u00e0 l\u2019unisson pour fournir la localisation de l\u2019utilisateur, mais aussi offrir des fonctions avanc\u00e9es de suivi de position et de p\u00e9rim\u00e8tre de vie bas\u00e9es sur une technologie d\u2019\u00e9conomie d\u2019\u00e9nergie garante d\u2019une longue autonomie.<\/p>\n","protected":false},"author":4,"featured_media":323,"template":"","meta":{"_acf_changed":false},"product_brand":[],"product_cat":[18],"product_tag":[],"class_list":{"0":"post-324","1":"product","2":"type-product","3":"status-publish","4":"has-post-thumbnail","6":"product_cat-mobile-social-alarm","8":"first","9":"instock","10":"shipping-taxable","11":"purchasable","12":"product-type-simple"},"acf":[],"_links":{"self":[{"href":"https:\/\/www.careium.com\/fr\/wp-json\/wp\/v2\/product\/324","targetHints":{"allow":["GET"]}}],"collection":[{"href":"https:\/\/www.careium.com\/fr\/wp-json\/wp\/v2\/product"}],"about":[{"href":"https:\/\/www.careium.com\/fr\/wp-json\/wp\/v2\/types\/product"}],"author":[{"embeddable":true,"href":"https:\/\/www.careium.com\/fr\/wp-json\/wp\/v2\/users\/4"}],"wp:featuredmedia":[{"embeddable":true,"href":"https:\/\/www.careium.com\/fr\/wp-json\/wp\/v2\/media\/323"}],"wp:attachment":[{"href":"https:\/\/www.careium.com\/fr\/wp-json\/wp\/v2\/media?parent=324"}],"wp:term":[{"taxonomy":"product_brand","embeddable":true,"href":"https:\/\/www.careium.com\/fr\/wp-json\/wp\/v2\/product_brand?post=324"},{"taxonomy":"product_cat","embeddable":true,"href":"https:\/\/www.careium.com\/fr\/wp-json\/wp\/v2\/product_cat?post=324"},{"taxonomy":"product_tag","embeddable":true,"href":"https:\/\/www.careium.com\/fr\/wp-json\/wp\/v2\/product_tag?post=324"}],"curies":[{"name":"wp","href":"https:\/\/api.w.org\/{rel}","templated":true}]}}