{"id":329,"date":"2025-04-29T11:09:51","date_gmt":"2025-04-29T11:09:51","guid":{"rendered":"https:\/\/www.careium.com\/fr\/?post_type=product&#038;p=329"},"modified":"2026-02-10T08:31:02","modified_gmt":"2026-02-10T07:31:02","slug":"pendentif-dalarme-ellis","status":"publish","type":"product","link":"https:\/\/www.careium.com\/fr\/solutions-de-teleassistance\/teletransmetteur\/pendentif-dalarme-ellis\/","title":{"rendered":"Bijou Ellis &#8211; \u00c9l\u00e9gant, discret et \u00e9tanche"},"content":{"rendered":"<p class=\"\" data-start=\"228\" data-end=\"559\">Les m\u00e9daillons d&rsquo;urgence classiques peuvent parfois sembler trop stigmatisants ou encombrants, ce qui pousse certains \u00e0 ne pas les porter. Ellis casse les codes avec un design raffin\u00e9, inspir\u00e9 d&rsquo;un diamant noir. \u00c9l\u00e9gant et discret, il s\u2019int\u00e8gre naturellement \u00e0 votre style de vie et favorise un port quotidien, sans g\u00eane.<\/p>\n<p class=\"\" data-start=\"561\" data-end=\"816\">Con\u00e7u pour \u00eatre port\u00e9 en toutes circonstances, Ellis est \u00e9tanche \u2013 parfait sous la douche ou dans le bain \u2013 et fonctionne avec une pile longue dur\u00e9e. Sa cha\u00eene magn\u00e9tique anti-\u00e9tranglement assure s\u00e9curit\u00e9 et confort, m\u00eame pendant la nuit.<\/p>\n<p class=\"\" data-start=\"818\" data-end=\"951\">Facile \u00e0 utiliser, il dispose d\u2019un bouton discret \u00e0 l\u2019arri\u00e8re, accessible rapidement pour demander de l\u2019aide en toute simplicit\u00e9.<\/p>\n<p class=\"\" data-start=\"953\" data-end=\"1167\">Ellis, ce n\u2019est pas qu\u2019un pendentif : c\u2019est un symbole de confiance, d\u2019ind\u00e9pendance et de style. Que vous soyez \u00e0 l\u2019int\u00e9rieur ou dans le jardin, vous restez sereinement connect\u00e9 \u00e0 l\u2019aide, si besoin.<\/p>\n","protected":false},"excerpt":{"rendered":"<p>Vous cherchez une alternative aux pendentifs d&rsquo;alarme traditionnels ? Voici Ellis, l&rsquo;\u00e9l\u00e9gant <strong>pendentif inspir\u00e9 de la joaillerie<\/strong> qui s&rsquo;int\u00e8gre parfaitement dans la vie de tous les jours tout en vous permettant de rester connect\u00e9 \u00e0 <strong>l&rsquo;aide sur simple pression d&rsquo;un bouton<\/strong>. Con\u00e7u pour compl\u00e9ter discr\u00e8tement votre style, il encourage les utilisateurs \u00e0 le porter avec confiance et fiert\u00e9.<\/p>\n<p>Construit sur la m\u00eame technologie fiable que notre Enzo, il est compatible avec tous nos syst\u00e8mes, garantissant que l&rsquo;aide est toujours \u00e0 port\u00e9e de main.<\/p>\n<p class=\"\" data-start=\"111\" data-end=\"424\">Que vous soyez chez vous, dans votre jardin ou simplement en train de vaquer \u00e0 vos occupations, <strong data-start=\"186\" data-end=\"195\">Ellis<\/strong> est toujours \u00e0 vos c\u00f4t\u00e9s &#8211; pr\u00eat \u00e0 vous mettre en contact avec de l&rsquo;aide sur simple pression d&rsquo;un bouton. Il ne s&rsquo;agit pas seulement de rester en s\u00e9curit\u00e9. Il s&rsquo;agit de se sentir confiant et libre de vivre sa vie comme on l&rsquo;entend, en sachant que l&rsquo;aide est toujours \u00e0 port\u00e9e de main.<\/p>\n","protected":false},"author":5,"featured_media":4860,"template":"","meta":{"_acf_changed":false},"product_brand":[],"product_cat":[17],"product_tag":[],"class_list":{"0":"post-329","1":"product","2":"type-product","3":"status-publish","4":"has-post-thumbnail","6":"product_cat-accessory","8":"first","9":"instock","10":"shipping-taxable","11":"purchasable","12":"product-type-simple"},"acf":[],"_links":{"self":[{"href":"https:\/\/www.careium.com\/fr\/wp-json\/wp\/v2\/product\/329","targetHints":{"allow":["GET"]}}],"collection":[{"href":"https:\/\/www.careium.com\/fr\/wp-json\/wp\/v2\/product"}],"about":[{"href":"https:\/\/www.careium.com\/fr\/wp-json\/wp\/v2\/types\/product"}],"author":[{"embeddable":true,"href":"https:\/\/www.careium.com\/fr\/wp-json\/wp\/v2\/users\/5"}],"wp:featuredmedia":[{"embeddable":true,"href":"https:\/\/www.careium.com\/fr\/wp-json\/wp\/v2\/media\/4860"}],"wp:attachment":[{"href":"https:\/\/www.careium.com\/fr\/wp-json\/wp\/v2\/media?parent=329"}],"wp:term":[{"taxonomy":"product_brand","embeddable":true,"href":"https:\/\/www.careium.com\/fr\/wp-json\/wp\/v2\/product_brand?post=329"},{"taxonomy":"product_cat","embeddable":true,"href":"https:\/\/www.careium.com\/fr\/wp-json\/wp\/v2\/product_cat?post=329"},{"taxonomy":"product_tag","embeddable":true,"href":"https:\/\/www.careium.com\/fr\/wp-json\/wp\/v2\/product_tag?post=329"}],"curies":[{"name":"wp","href":"https:\/\/api.w.org\/{rel}","templated":true}]}}