{"id":339,"date":"2025-05-12T09:52:34","date_gmt":"2025-05-12T09:52:34","guid":{"rendered":"https:\/\/www.careium.com\/fr\/?post_type=product&#038;p=339"},"modified":"2025-09-23T11:32:05","modified_gmt":"2025-09-23T09:32:05","slug":"eliza-s-protection-domicile","status":"publish","type":"product","link":"https:\/\/www.careium.com\/fr\/solutions-de-teleassistance\/teletransmetteur\/eliza-s-protection-domicile\/","title":{"rendered":"Eliza S &#8211; Une protection simple et fiable quand c&rsquo;est important"},"content":{"rendered":"<h3 class=\"\" data-start=\"387\" data-end=\"460\">Eliza S \u2013 L\u2019assistance intelligente, pour rester en s\u00e9curit\u00e9 chez soi<\/h3>\n<p class=\"\" data-start=\"462\" data-end=\"769\"><strong data-start=\"462\" data-end=\"585\">Eliza S est con\u00e7ue pour celles et ceux qui veulent vivre en toute autonomie, sans jamais \u00eatre seuls face \u00e0 une urgence.<\/strong> Reli\u00e9e 24h\/24 et 7j\/7 \u00e0 une \u00e9quipe de surveillance professionnelle, elle permet d\u2019obtenir rapidement de l\u2019aide en cas de chute, de malaise ou de situation critique, d\u2019un simple geste.<\/p>\n<p class=\"\" data-start=\"771\" data-end=\"975\">Que vous viviez seul, que vous ayez un souci de sant\u00e9 ou que vous souhaitiez tout simplement rassurer vos proches, <strong data-start=\"886\" data-end=\"933\">Eliza S est une solution fiable et discr\u00e8te<\/strong>, pens\u00e9e pour s\u2019adapter \u00e0 votre quotidien.<\/p>\n<h3 class=\"\" data-start=\"982\" data-end=\"1031\">Une alarme qui vous suit dans toute la maison<\/h3>\n<p class=\"\" data-start=\"1033\" data-end=\"1286\">Gr\u00e2ce \u00e0 son bouton d&rsquo;urgence portable (bracelet ou pendentif), vous pouvez appeler \u00e0 l\u2019aide que vous soyez chez vous, ou m\u00eame dans le jardin. La connexion 4G assure une communication stable avec le centre d\u2019assistance, sans avoir besoin d&rsquo;une ligne fixe.<\/p>\n<h3 class=\"\" data-start=\"1293\" data-end=\"1330\">Facile \u00e0 utiliser, simple \u00e0 vivre<\/h3>\n<p class=\"\" data-start=\"1332\" data-end=\"1582\">Pas de recharge, pas de configuration compliqu\u00e9e. <strong data-start=\"1382\" data-end=\"1415\">Eliza S fonctionne en continu<\/strong> et s\u2019installe en quelques minutes gr\u00e2ce \u00e0 un guide clair et intuitif. Une fois en place, elle reste op\u00e9rationnelle jour et nuit, sans que vous ayez \u00e0 vous en soucier.<\/p>\n<h3 class=\"\" data-start=\"1589\" data-end=\"1613\">\u00c9l\u00e9gante et discr\u00e8te<\/h3>\n<p class=\"\" data-start=\"1615\" data-end=\"1823\">Avec ses lignes \u00e9pur\u00e9es et ses finitions modernes, <strong data-start=\"1666\" data-end=\"1718\">Eliza S s\u2019int\u00e8gre parfaitement \u00e0 votre int\u00e9rieur<\/strong>, \u00e0 l&rsquo;invers d&rsquo;un dispositif m\u00e9dical. Elle allie design et utilit\u00e9, pour une s\u00e9curit\u00e9 qui ne d\u00e9tonne pas.<\/p>\n<h3 class=\"\" data-start=\"1830\" data-end=\"1860\">Pourquoi choisir Eliza S ?<\/h3>\n<ul data-start=\"1862\" data-end=\"2146\">\n<li class=\"\" data-start=\"1862\" data-end=\"1923\">\n<p class=\"\" data-start=\"1864\" data-end=\"1923\">Surveillance 24h\/24 \u2013 assistance d\u00e9clench\u00e9e automatiquement<\/p>\n<\/li>\n<li class=\"\" data-start=\"1924\" data-end=\"1975\">\n<p class=\"\" data-start=\"1926\" data-end=\"1975\">Fonctionne sur r\u00e9seau mobile 4G<\/p>\n<\/li>\n<li class=\"\" data-start=\"1976\" data-end=\"2038\">\n<p class=\"\" data-start=\"1978\" data-end=\"2038\">Alerte facile via un bouton portable (bracelet ou pendentif)<\/p>\n<\/li>\n<li class=\"\" data-start=\"2039\" data-end=\"2085\">\n<p class=\"\" data-start=\"2041\" data-end=\"2085\">Installation rapide et utilisation intuitive<\/p>\n<\/li>\n<li class=\"\" data-start=\"2086\" data-end=\"2146\">\n<p class=\"\" data-start=\"2088\" data-end=\"2146\">Id\u00e9ale pour les personnes \u00e2g\u00e9es, fragiles ou vivant seules \u00e0 domicile<\/p>\n<\/li>\n<\/ul>\n<p class=\"\" data-start=\"2153\" data-end=\"2332\"><strong data-start=\"2153\" data-end=\"2273\">Eliza S vous aide \u00e0 rester autonome, tout en offrant \u00e0 vos proches l\u2019assurance que vous n\u2019\u00eates jamais vraiment seul.<\/strong><br data-start=\"2273\" data-end=\"2276\" \/>Parce qu\u2019un simple geste peut faire toute la diff\u00e9rence.<\/p>\n","protected":false},"excerpt":{"rendered":"<p>Eliza S est la version \u00e9l\u00e9gante et peu encombrante de notre transmetteur Eliza. Con\u00e7u pour s&rsquo;int\u00e9grer parfaitement dans votre maison, ce dispositif de s\u00e9curit\u00e9 moderne est aussi facile \u00e0 installer qu&rsquo;\u00e0 utiliser. Placez-le sur une table ou fixez-le au mur, \u00e0 l&rsquo;endroit qui vous convient le mieux.<\/p>\n","protected":false},"author":4,"featured_media":338,"template":"","meta":{"_acf_changed":false},"product_brand":[],"product_cat":[16],"product_tag":[],"class_list":{"0":"post-339","1":"product","2":"type-product","3":"status-publish","4":"has-post-thumbnail","6":"product_cat-social-alarms","8":"first","9":"instock","10":"shipping-taxable","11":"purchasable","12":"product-type-simple"},"acf":[],"_links":{"self":[{"href":"https:\/\/www.careium.com\/fr\/wp-json\/wp\/v2\/product\/339","targetHints":{"allow":["GET"]}}],"collection":[{"href":"https:\/\/www.careium.com\/fr\/wp-json\/wp\/v2\/product"}],"about":[{"href":"https:\/\/www.careium.com\/fr\/wp-json\/wp\/v2\/types\/product"}],"author":[{"embeddable":true,"href":"https:\/\/www.careium.com\/fr\/wp-json\/wp\/v2\/users\/4"}],"wp:featuredmedia":[{"embeddable":true,"href":"https:\/\/www.careium.com\/fr\/wp-json\/wp\/v2\/media\/338"}],"wp:attachment":[{"href":"https:\/\/www.careium.com\/fr\/wp-json\/wp\/v2\/media?parent=339"}],"wp:term":[{"taxonomy":"product_brand","embeddable":true,"href":"https:\/\/www.careium.com\/fr\/wp-json\/wp\/v2\/product_brand?post=339"},{"taxonomy":"product_cat","embeddable":true,"href":"https:\/\/www.careium.com\/fr\/wp-json\/wp\/v2\/product_cat?post=339"},{"taxonomy":"product_tag","embeddable":true,"href":"https:\/\/www.careium.com\/fr\/wp-json\/wp\/v2\/product_tag?post=339"}],"curies":[{"name":"wp","href":"https:\/\/api.w.org\/{rel}","templated":true}]}}