{"id":344,"date":"2025-04-29T13:26:23","date_gmt":"2025-04-29T13:26:23","guid":{"rendered":"https:\/\/www.careium.com\/fr\/?post_type=product&#038;p=344"},"modified":"2026-02-17T15:20:20","modified_gmt":"2026-02-17T14:20:20","slug":"declencheur-dalarme-enzo","status":"publish","type":"product","link":"https:\/\/www.careium.com\/fr\/solutions-de-teleassistance\/teletransmetteur\/declencheur-dalarme-enzo\/","title":{"rendered":"M\u00e9daillon d&rsquo;urgence Enzo &#8211; Restez en s\u00e9curit\u00e9 et ind\u00e9pendant"},"content":{"rendered":"<p>D&rsquo;une simple pression sur le bouton, <b>le Enzo<\/b>\u00a0envoie imm\u00e9diatement une <strong data-start=\"272\" data-end=\"292\">alerte d&rsquo;urgence<\/strong> \u00e0 votre transmetteur, que vous soyez dans une autre pi\u00e8ce ou \u00e0 l&rsquo;ext\u00e9rieur, dans le jardin. La <strong data-start=\"395\" data-end=\"410\">lumi\u00e8re LED<\/strong> change de couleur pour vous rassurer, vous confirmant que l\u2019aide est en route.<\/p>\n<p>Con\u00e7u pour un usage quotidien, il est \u00e9tanche et r\u00e9sistant, pouvant \u00eatre port\u00e9 en toute s\u00e9curit\u00e9 sous la douche ou dans le bain. Fonctionnant \u00e0 pile, sa batterie longue dur\u00e9e est rempla\u00e7able et un syst\u00e8me de contr\u00f4le automatique vous avertit lorsqu\u2019il est temps de la changer.<\/p>\n<p>Il est facile \u00e0 utiliser, m\u00eame pour les personnes \u00e0 mobilit\u00e9 r\u00e9duite : Les bords tactiles aident les personnes souffrant de d\u00e9ficiences visuelles \u00e0 trouver rapidement le bouton. L&rsquo;adaptateur Easy Press en option r\u00e9duit la force n\u00e9cessaire pour d\u00e9clencher une alarme, ce qui est id\u00e9al pour les utilisateurs souffrant d&rsquo;arthrite ou ayant une faible force de pr\u00e9hension.<\/p>\n<p><strong>Votre s\u00e9curit\u00e9 est \u00e0 la port\u00e9e d&rsquo;une simple pression sur un bouton. <\/strong><\/p>\n","protected":false},"excerpt":{"rendered":"<p>Le d\u00e9clencheur\u00a0 <strong data-start=\"97\" data-end=\"105\">Enzo<\/strong> est notre pendentif\u00a0 le plus fiable, con\u00e7u pour vous permettre d\u2019obtenir de l\u2019aide rapidement, m\u00eame lorsque vous \u00eates loin de votre dispositif principal. Port\u00e9 confortablement autour du poignet ou du cou, <strong data-start=\"331\" data-end=\"339\">Enzo<\/strong> est inclus avec tous nos transmetteurs d&rsquo;urgence , y compris <strong data-start=\"406\" data-end=\"415\">Eliza<\/strong>, <strong data-start=\"417\" data-end=\"428\">Eliza S<\/strong> et <strong data-start=\"432\" data-end=\"444\">Eliza S+<\/strong>, assurant ainsi une protection continue, o\u00f9 que vous soyez.<\/p>\n","protected":false},"author":5,"featured_media":280,"template":"","meta":{"_acf_changed":false},"product_brand":[],"product_cat":[17],"product_tag":[],"class_list":{"0":"post-344","1":"product","2":"type-product","3":"status-publish","4":"has-post-thumbnail","6":"product_cat-accessory","8":"first","9":"instock","10":"shipping-taxable","11":"purchasable","12":"product-type-simple"},"acf":[],"_links":{"self":[{"href":"https:\/\/www.careium.com\/fr\/wp-json\/wp\/v2\/product\/344","targetHints":{"allow":["GET"]}}],"collection":[{"href":"https:\/\/www.careium.com\/fr\/wp-json\/wp\/v2\/product"}],"about":[{"href":"https:\/\/www.careium.com\/fr\/wp-json\/wp\/v2\/types\/product"}],"author":[{"embeddable":true,"href":"https:\/\/www.careium.com\/fr\/wp-json\/wp\/v2\/users\/5"}],"wp:featuredmedia":[{"embeddable":true,"href":"https:\/\/www.careium.com\/fr\/wp-json\/wp\/v2\/media\/280"}],"wp:attachment":[{"href":"https:\/\/www.careium.com\/fr\/wp-json\/wp\/v2\/media?parent=344"}],"wp:term":[{"taxonomy":"product_brand","embeddable":true,"href":"https:\/\/www.careium.com\/fr\/wp-json\/wp\/v2\/product_brand?post=344"},{"taxonomy":"product_cat","embeddable":true,"href":"https:\/\/www.careium.com\/fr\/wp-json\/wp\/v2\/product_cat?post=344"},{"taxonomy":"product_tag","embeddable":true,"href":"https:\/\/www.careium.com\/fr\/wp-json\/wp\/v2\/product_tag?post=344"}],"curies":[{"name":"wp","href":"https:\/\/api.w.org\/{rel}","templated":true}]}}