{"id":347,"date":"2025-05-12T10:13:54","date_gmt":"2025-05-12T10:13:54","guid":{"rendered":"https:\/\/www.careium.com\/fr\/?post_type=product&#038;p=347"},"modified":"2026-03-05T13:21:41","modified_gmt":"2026-03-05T12:21:41","slug":"detecteur-de-fumee-24-7","status":"publish","type":"product","link":"https:\/\/www.careium.com\/fr\/solutions-de-teleassistance\/teletransmetteur\/detecteur-de-fumee-24-7\/","title":{"rendered":"D\u00e9tecteur de fum\u00e9e avec surveillance 24\/7"},"content":{"rendered":"<h3><strong>D\u00e9tecteur de fum\u00e9e connect\u00e9 pour une s\u00e9curit\u00e9 totale<\/strong><\/h3>\n<p>La plupart des d\u00e9c\u00e8s li\u00e9s aux incendies surviennent dans des maisons d\u00e9pourvues de d\u00e9tecteurs de fum\u00e9e en \u00e9tat de marche. M\u00eame lorsque des alarmes standard sont install\u00e9es, elles d\u00e9pendent souvent de la capacit\u00e9 de quelqu&rsquo;un \u00e0 entendre l&rsquo;alerte, \u00e0 r\u00e9agir rapidement et \u00e0 contacter les services d&rsquo;urgence. Mais que se passe-t-il si la personne en danger est endormie, malentendante ou incapable d&rsquo;appeler \u00e0 l&rsquo;aide ?<\/p>\n<p>Nous pensons que la <strong>s\u00e9curit\u00e9 ne devrait jamais d\u00e9pendre de la capacit\u00e9 d&rsquo;une personne \u00e0 entendre une alarme ou \u00e0 agir seule<\/strong>. Nos <strong>d\u00e9tecteurs de fum\u00e9e<\/strong> et <strong>alarmes de monoxyde de carbone<\/strong> intelligents et surveill\u00e9s sont directement reli\u00e9s \u00e0 un centre de surveillance 24 heures sur 24 et 7 jours sur 7 &#8211; garantissant une assistance, m\u00eame si personne dans la maison ne peut appeler.<\/p>\n<hr \/>\n<h3><strong>Comment fonctionne notre d\u00e9tecteur de fum\u00e9e surveill\u00e9 ?\u00a0<\/strong><\/h3>\n<p>Le <strong>d\u00e9tecteur de fum\u00e9e i10<\/strong> offre plus qu&rsquo;une fonctionnalit\u00e9 d&rsquo;alarme de base. Int\u00e9gr\u00e9 \u00e0 notre <strong>syst\u00e8me de t\u00e9l\u00e9assistance<\/strong>, il assure une <strong>d\u00e9tection instantan\u00e9e<\/strong> et envoie automatiquement des alertes \u00e0 une \u00e9quipe de surveillance professionnelle d\u00e8s que de la fum\u00e9e ou un incendie est d\u00e9tect\u00e9. Si un incendie se d\u00e9clare alors que la personne est endormie ou incapable de r\u00e9agir, le centre de surveillance avertit les services d&rsquo;urgence, garantissant ainsi une intervention rapide.<\/p>\n<hr \/>\n<h3><strong>S\u00e9curit\u00e9 totale gr\u00e2ce aux d\u00e9tecteurs de fum\u00e9e, de chaleur et de monoxyde de carbone<\/strong><\/h3>\n<p>Pour une v\u00e9ritable tranquillit\u00e9 d&rsquo;esprit, combinez le <strong>d\u00e9tecteur de fum\u00e9e i10 <\/strong>avec :<\/p>\n<ul>\n<li><a href=\"https:\/\/www.careium.com\/fr\/solutions-de-teleassistance\/teletransmetteur\/detecteur-de-chaleur\/\">D\u00e9tecteurs de chaleur i10<\/a> &#8211; Id\u00e9al pour les cuisines, les garages et les buanderies o\u00f9 la chaleur \u00e9lev\u00e9e, et non la fum\u00e9e, signale un danger<\/li>\n<li><a href=\"https:\/\/www.careium.com\/fr\/solutions-de-teleassistance\/teletransmetteur\/detecteur-de-monoxyde-de-carbone\/\">D\u00e9tecteur<\/a><a href=\"https:\/\/www.careium.com\/fr\/solutions-de-teleassistance\/teletransmetteur\/detecteur-de-monoxyde-de-carbone\/\"> de Monoxyde de carbonne i10<\/a>\u00a0&#8211; Indispensable pr\u00e8s des appareils \u00e0 gaz, des chemin\u00e9es et des chaudi\u00e8res pour d\u00e9tecter le monoxyde de carbone<\/li>\n<li><strong>D\u00e9tecteurs de fum\u00e9e suppl\u00e9mentaires<\/strong> &#8211; \u00c9tendez la couverture \u00e0 toutes les zones cl\u00e9s, y compris les chambres \u00e0 coucher, les couloirs, les salons et les sous-sols<\/li>\n<\/ul>\n<p>Ce\/fr\/product\/co-detector\/ syst\u00e8me int\u00e9gr\u00e9 cr\u00e9e un <strong>r\u00e9seau de s\u00e9curit\u00e9 domestique complet<\/strong>, r\u00e9duisant le risque d&rsquo;incendie, de fum\u00e9e ou d&rsquo;exposition au monoxyde de carbone non d\u00e9tect\u00e9s &#8211; et \u00e9liminant les dangereuses lacunes en mati\u00e8re de protection.<\/p>\n<hr \/>\n<h3><strong>Pourquoi choisir nos d\u00e9tecteurs de fum\u00e9e et nos alarmes CO avec surveillance en continu ? <\/strong><\/h3>\n<p><strong>Surveillance 24\/7 pour une r\u00e9ponse d&rsquo;urgence instantan\u00e9e<\/strong><br \/>\nRecevez des alertes imm\u00e9diates et contactez le service d&rsquo;urgence, m\u00eame si la personne en danger n&rsquo;est pas en mesure de r\u00e9pondre.<\/p>\n<p><strong>Assistance d&rsquo;urgence automatique<\/strong><br \/>\nIl n&rsquo;est pas n\u00e9cessaire d&rsquo;attendre que quelqu&rsquo;un entende l&rsquo;alarme ou appelle \u00e0 l&rsquo;aide lui-m\u00eame &#8211; le centre de surveillance 24 heures sur 24 et 7 jours sur 7 prend les mesures qui s&rsquo;imposent.<\/p>\n<p><strong>Couverture compl\u00e8te de la maison<\/strong><br \/>\nConnectez des d\u00e9tecteurs de fum\u00e9e, des d\u00e9tecteurs de chaleur et des d\u00e9tecteurs de monoxyde de carbone dans toute la maison pour une protection maximale.<\/p>\n<p><strong>Id\u00e9al pour les personnes vuln\u00e9rables et les seniors<\/strong><br \/>\nParfait pour les membres \u00e2g\u00e9s de la famille, les personnes vivant seules ou toute autre personne susceptible de ne pas r\u00e9agir rapidement en cas d&rsquo;urgence.<\/p>\n<p><strong>Int\u00e9gration simple aux syst\u00e8mes d&rsquo;alarme personnels<\/strong><br \/>\nReliez facilement vos autres dispositifs de s\u00e9curit\u00e9 \u00e0 la maison pour une solution transparente et sans souci.<\/p>\n<hr \/>\n<h3><strong>Donnez \u00e0 vos proches la protection qu&rsquo;ils m\u00e9ritent<\/strong><\/h3>\n<p>En mati\u00e8re de s\u00e9curit\u00e9 incendie et de monoxyde de carbone, r\u00e9agir rapidement peut sauver des vies. Le <strong>d\u00e9tecteur de fum\u00e9e surveill\u00e9 i10<\/strong> et le <strong>d\u00e9tecteur de monoxyde de carbone i10<\/strong> garantissent une assistance en toutes circonstances &#8211; m\u00eame si personne ne peut l&rsquo;appeler lui-m\u00eame. Ne laissez pas la s\u00e9curit\u00e9 au hasard. Prot\u00e9gez vos proches et votre tranquillit\u00e9 d&rsquo;esprit gr\u00e2ce \u00e0 un syst\u00e8me toujours en alerte, pour que vous n&rsquo;ayez pas \u00e0 l&rsquo;\u00eatre.<\/p>\n<hr \/>\n","protected":false},"excerpt":{"rendered":"<p><strong data-start=\"66\" data-end=\"155\">Notre d\u00e9tecteur de fum\u00e9e intelligent i10 ne se contente pas de d\u00e9clencher une alarme.<\/strong> Il alerte automatiquement une \u00e9quipe de surveillance disponible 24h\/24 et 7j\/7, capable de communiquer avec vos proches et d&rsquo;appeler les services d&rsquo;urgence si n\u00e9cessaire. M\u00eame en l&rsquo;absence de r\u00e9ponse, l&rsquo;assistance sera imm\u00e9diatement envoy\u00e9e.<\/p>\n","protected":false},"author":4,"featured_media":346,"template":"","meta":{"_acf_changed":false},"product_brand":[],"product_cat":[17],"product_tag":[],"class_list":{"0":"post-347","1":"product","2":"type-product","3":"status-publish","4":"has-post-thumbnail","6":"product_cat-accessory","8":"first","9":"instock","10":"shipping-taxable","11":"purchasable","12":"product-type-simple"},"acf":[],"_links":{"self":[{"href":"https:\/\/www.careium.com\/fr\/wp-json\/wp\/v2\/product\/347","targetHints":{"allow":["GET"]}}],"collection":[{"href":"https:\/\/www.careium.com\/fr\/wp-json\/wp\/v2\/product"}],"about":[{"href":"https:\/\/www.careium.com\/fr\/wp-json\/wp\/v2\/types\/product"}],"author":[{"embeddable":true,"href":"https:\/\/www.careium.com\/fr\/wp-json\/wp\/v2\/users\/4"}],"wp:featuredmedia":[{"embeddable":true,"href":"https:\/\/www.careium.com\/fr\/wp-json\/wp\/v2\/media\/346"}],"wp:attachment":[{"href":"https:\/\/www.careium.com\/fr\/wp-json\/wp\/v2\/media?parent=347"}],"wp:term":[{"taxonomy":"product_brand","embeddable":true,"href":"https:\/\/www.careium.com\/fr\/wp-json\/wp\/v2\/product_brand?post=347"},{"taxonomy":"product_cat","embeddable":true,"href":"https:\/\/www.careium.com\/fr\/wp-json\/wp\/v2\/product_cat?post=347"},{"taxonomy":"product_tag","embeddable":true,"href":"https:\/\/www.careium.com\/fr\/wp-json\/wp\/v2\/product_tag?post=347"}],"curies":[{"name":"wp","href":"https:\/\/api.w.org\/{rel}","templated":true}]}}