{"id":349,"date":"2025-04-29T13:43:02","date_gmt":"2025-04-29T13:43:02","guid":{"rendered":"https:\/\/www.careium.com\/fr\/?post_type=product&#038;p=349"},"modified":"2025-11-12T09:14:50","modified_gmt":"2025-11-12T08:14:50","slug":"night-owl-surveillance-24-7","status":"publish","type":"product","link":"https:\/\/www.careium.com\/fr\/solutions-de-teleassistance\/teletransmetteur\/night-owl-surveillance-24-7\/","title":{"rendered":"Night Owl &#8211; Surveillance intelligente 24\/7 pour la s\u00e9curit\u00e9 et la pr\u00e9vention des chutes"},"content":{"rendered":"<p class=\"\" data-start=\"253\" data-end=\"358\"><strong data-start=\"253\" data-end=\"358\">Night Owl : Syst\u00e8me de surveillance intelligent 24\/7 pour pr\u00e9venir les chutes et garantir la s\u00e9curit\u00e9<\/strong><\/p>\n<p class=\"\" data-start=\"360\" data-end=\"921\"><strong data-start=\"360\" data-end=\"373\">Night Owl<\/strong> est un syst\u00e8me de surveillance intelligent con\u00e7u pour assurer la s\u00e9curit\u00e9 des personnes vuln\u00e9rables, 24 heures sur 24, 7 jours sur 7. Gr\u00e2ce \u00e0 une <strong data-start=\"520\" data-end=\"558\">cam\u00e9ra infrarouge haute d\u00e9finition<\/strong>, Night Owl fonctionne parfaitement dans l\u2019obscurit\u00e9 totale pour d\u00e9tecter les <strong data-start=\"657\" data-end=\"667\">chutes<\/strong>, les <strong data-start=\"673\" data-end=\"690\">d\u00e9ambulations<\/strong> ou les <strong data-start=\"698\" data-end=\"720\">appels de d\u00e9tresse<\/strong>. Ce syst\u00e8me ne se contente pas d&rsquo;observer, mais analyse activement les comportements et envoie des alertes en temps r\u00e9el aux <strong data-start=\"846\" data-end=\"859\">soignants<\/strong>, permettant ainsi des interventions rapides en cas de besoin.<\/p>\n<p class=\"\" data-start=\"923\" data-end=\"1218\">Gr\u00e2ce \u00e0 la surveillance intelligente et \u00e0 la d\u00e9tection avanc\u00e9e des <strong data-start=\"990\" data-end=\"1000\">chutes<\/strong>, Night Owl aide \u00e0 pr\u00e9venir les accidents avant qu&rsquo;ils ne surviennent, ce qui en fait une solution id\u00e9ale pour les <strong data-start=\"1115\" data-end=\"1138\">maisons de retraite<\/strong>, les <strong data-start=\"1144\" data-end=\"1171\">\u00e9tablissements de soins<\/strong> et les <strong data-start=\"1179\" data-end=\"1217\">environnements de soins \u00e0 domicile<\/strong>.<\/p>\n<h3 class=\"\" data-start=\"1220\" data-end=\"1254\">Comment fonctionne Night Owl ?<\/h3>\n<p class=\"\" data-start=\"1256\" data-end=\"1752\"><strong data-start=\"1256\" data-end=\"1269\">Night Owl<\/strong> utilise une technologie de <strong data-start=\"1297\" data-end=\"1334\">reconnaissance comportementale IA<\/strong> de pointe associ\u00e9e \u00e0 une <strong data-start=\"1360\" data-end=\"1397\">vid\u00e9o infrarouge haute d\u00e9finition<\/strong> pour fournir des alertes en temps r\u00e9el sur les situations potentiellement dangereuses. Contrairement aux syst\u00e8mes traditionnels qui n\u00e9cessitent des <strong data-start=\"1546\" data-end=\"1565\">capteurs de lit<\/strong>, des <strong data-start=\"1571\" data-end=\"1605\">tapis ou dispositifs portables<\/strong>, <strong data-start=\"1607\" data-end=\"1620\">Night Owl<\/strong> offre une surveillance automatique et non intrusive. Les personnes soign\u00e9es n&rsquo;ont pas besoin de porter ni d&rsquo;activer aucun appareil.<\/p>\n<p class=\"\" data-start=\"1754\" data-end=\"1792\">Les situations d\u00e9tect\u00e9es comprennent :<\/p>\n<ul data-start=\"1794\" data-end=\"2064\">\n<li class=\"\" data-start=\"1794\" data-end=\"1822\">\n<p class=\"\" data-start=\"1796\" data-end=\"1822\"><strong data-start=\"1796\" data-end=\"1822\">Chutes et quasi-chutes<\/strong><\/p>\n<\/li>\n<li class=\"\" data-start=\"1823\" data-end=\"1866\">\n<p class=\"\" data-start=\"1825\" data-end=\"1866\"><strong data-start=\"1825\" data-end=\"1844\">Appels \u00e0 l\u2019aide<\/strong> ou bruits de d\u00e9tresse<\/p>\n<\/li>\n<li class=\"\" data-start=\"1867\" data-end=\"1941\">\n<p class=\"\" data-start=\"1869\" data-end=\"1941\"><strong data-start=\"1869\" data-end=\"1894\">Sortie du lit la nuit<\/strong>, r\u00e9duisant ainsi le risque de <strong data-start=\"1925\" data-end=\"1941\">d\u00e9ambulation<\/strong><\/p>\n<\/li>\n<li class=\"\" data-start=\"1942\" data-end=\"2029\">\n<p class=\"\" data-start=\"1944\" data-end=\"2029\"><strong data-start=\"1944\" data-end=\"1980\">Visites prolong\u00e9es aux toilettes<\/strong>, pouvant indiquer un \u00e9vanouissement ou une chute<\/p>\n<\/li>\n<li class=\"\" data-start=\"2030\" data-end=\"2064\">\n<p class=\"\" data-start=\"2032\" data-end=\"2064\"><strong data-start=\"2032\" data-end=\"2064\">Alertes de sortie de chambre<\/strong><\/p>\n<\/li>\n<\/ul>\n<p class=\"\" data-start=\"2066\" data-end=\"2247\">En identifiant ces situations \u00e0 risque rapidement, <strong data-start=\"2117\" data-end=\"2130\">Night Owl<\/strong> contribue \u00e0 pr\u00e9venir les accidents, all\u00e9ger le travail du personnel soignant et am\u00e9liorer la s\u00e9curit\u00e9 des r\u00e9sidents.<\/p>\n<h3 class=\"\" data-start=\"2249\" data-end=\"2281\">Pourquoi choisir Night Owl ?<\/h3>\n<h4 class=\"\" data-start=\"2283\" data-end=\"2339\"><strong data-start=\"2288\" data-end=\"2339\">R\u00e9duction de plus de 50 % des risques de chutes<\/strong><\/h4>\n<p class=\"\" data-start=\"2341\" data-end=\"2615\">Une \u00e9tude men\u00e9e sur 16 000 alarmes dans 12 maisons de retraite a prouv\u00e9 que <strong data-start=\"2417\" data-end=\"2430\">Night Owl<\/strong> permet de r\u00e9duire significativement les incidents li\u00e9s aux <strong data-start=\"2490\" data-end=\"2500\">chutes<\/strong>. Le syst\u00e8me d\u00e9tecte les signes pr\u00e9curseurs et permet aux soignants d\u2019intervenir avant qu\u2019un accident ne survienne.<\/p>\n<h4 class=\"\" data-start=\"2617\" data-end=\"2675\"><strong data-start=\"2622\" data-end=\"2675\">R\u00e9duction du stress des soignants et des absences<\/strong><\/h4>\n<p class=\"\" data-start=\"2677\" data-end=\"2998\"><strong data-start=\"2677\" data-end=\"2690\">Night Owl<\/strong> \u00e9limine la n\u00e9cessit\u00e9 de v\u00e9rifications manuelles fr\u00e9quentes, offrant ainsi aux soignants plus de temps pour se concentrer sur des soins de qualit\u00e9. Moins de perturbations nocturnes et une gestion plus efficace des soins r\u00e9duisent consid\u00e9rablement le <strong data-start=\"2940\" data-end=\"2950\">stress<\/strong> et le taux d\u2019absent\u00e9isme du personnel soignant.<\/p>\n<h4 class=\"\" data-start=\"3000\" data-end=\"3062\"><strong data-start=\"3005\" data-end=\"3062\">Surveillance continue 24\/7 avec alertes intelligentes<\/strong><\/h4>\n<p class=\"\" data-start=\"3064\" data-end=\"3284\">Les alertes en temps r\u00e9el, aliment\u00e9es par <strong data-start=\"3106\" data-end=\"3114\">l\u2019IA<\/strong>, d\u00e9tectent les situations dangereuses \u00e0 toute heure du jour ou de la nuit, assurant une surveillance continue sans avoir besoin de surveiller manuellement les r\u00e9sidents.<\/p>\n<h4 class=\"\" data-start=\"3286\" data-end=\"3332\"><strong data-start=\"3291\" data-end=\"3332\">Communication vocale bidirectionnelle<\/strong><\/h4>\n<p class=\"\" data-start=\"3334\" data-end=\"3540\">Le syst\u00e8me <strong data-start=\"3345\" data-end=\"3358\">Night Owl<\/strong> permet une communication vocale bidirectionnelle, ce qui permet aux soignants de parler directement avec les r\u00e9sidents en temps r\u00e9el, de les rassurer ou de les guider imm\u00e9diatement.<\/p>\n<h4 class=\"\" data-start=\"3542\" data-end=\"3585\"><strong data-start=\"3547\" data-end=\"3585\">Technologie s\u00e9curis\u00e9e et \u00e9volutive<\/strong><\/h4>\n<p class=\"\" data-start=\"3587\" data-end=\"3840\">Le syst\u00e8me <strong data-start=\"3598\" data-end=\"3611\">Night Owl<\/strong> utilise un cryptage de bout en bout et prend en charge la connectivit\u00e9 <strong data-start=\"3683\" data-end=\"3689\">4G<\/strong>, <strong data-start=\"3691\" data-end=\"3700\">Wi-Fi<\/strong> et <strong data-start=\"3704\" data-end=\"3733\">PoE (Power over Ethernet)<\/strong>. Les mises \u00e0 jour logicielles r\u00e9guli\u00e8res assurent que le syst\u00e8me reste s\u00e9curis\u00e9 et fiable au fil du temps.<\/p>\n<h3 class=\"\" data-start=\"3842\" data-end=\"3899\">Avantages de Night Owl pour la s\u00e9curit\u00e9 des r\u00e9sidents<\/h3>\n<ul data-start=\"3901\" data-end=\"4359\">\n<li class=\"\" data-start=\"3901\" data-end=\"3973\">\n<p class=\"\" data-start=\"3903\" data-end=\"3973\"><strong data-start=\"3903\" data-end=\"3928\">Pr\u00e9vention des chutes<\/strong> avec plus de 50 % de r\u00e9duction des incidents<\/p>\n<\/li>\n<li class=\"\" data-start=\"3974\" data-end=\"4035\">\n<p class=\"\" data-start=\"3976\" data-end=\"4035\"><strong data-start=\"3976\" data-end=\"4008\">Surveillance continue 24h\/7j<\/strong> avec alertes intelligentes<\/p>\n<\/li>\n<li class=\"\" data-start=\"4036\" data-end=\"4146\">\n<p class=\"\" data-start=\"4038\" data-end=\"4146\"><strong data-start=\"4038\" data-end=\"4090\">Am\u00e9lioration de la s\u00e9curit\u00e9 des soins \u00e0 domicile<\/strong>, des maisons de retraite et des \u00e9tablissements de soins<\/p>\n<\/li>\n<li class=\"\" data-start=\"4147\" data-end=\"4216\">\n<p class=\"\" data-start=\"4149\" data-end=\"4216\"><strong data-start=\"4149\" data-end=\"4194\">R\u00e9duction du stress et des cong\u00e9s maladie<\/strong> du personnel soignant<\/p>\n<\/li>\n<li class=\"\" data-start=\"4217\" data-end=\"4285\">\n<p class=\"\" data-start=\"4219\" data-end=\"4285\"><strong data-start=\"4219\" data-end=\"4260\">Communication vocale bidirectionnelle<\/strong> pour un soutien imm\u00e9diat<\/p>\n<\/li>\n<li class=\"\" data-start=\"4286\" data-end=\"4359\">\n<p class=\"\" data-start=\"4288\" data-end=\"4359\"><strong data-start=\"4288\" data-end=\"4326\">Technologie s\u00e9curis\u00e9e et \u00e9volutive<\/strong> pour une protection \u00e0 long terme<\/p>\n<\/li>\n<\/ul>\n<h3 class=\"\" data-start=\"4361\" data-end=\"4446\">Des soins plus intelligents, une s\u00e9curit\u00e9 renforc\u00e9e, et une tranquillit\u00e9 d&rsquo;esprit<\/h3>\n<p class=\"\" data-start=\"4448\" data-end=\"4842\"><strong data-start=\"4448\" data-end=\"4461\">Night Owl<\/strong> n\u2019est pas seulement un syst\u00e8me de surveillance, mais une solution intelligente pour <strong data-start=\"4546\" data-end=\"4584\">prot\u00e9ger les personnes vuln\u00e9rables<\/strong> et <strong data-start=\"4588\" data-end=\"4614\">soutenir les soignants<\/strong>. En combinant la <strong data-start=\"4632\" data-end=\"4669\">d\u00e9tection intelligente des chutes<\/strong> avec une surveillance discr\u00e8te et des alertes instantan\u00e9es, <strong data-start=\"4730\" data-end=\"4743\">Night Owl<\/strong> contribue \u00e0 cr\u00e9er des environnements de vie plus s\u00fbrs, sans recourir \u00e0 des dispositifs intrusifs.<\/p>\n<p class=\"\" data-start=\"4844\" data-end=\"5074\">Que ce soit dans des <strong data-start=\"4865\" data-end=\"4885\">maisons de soins<\/strong>, des <strong data-start=\"4891\" data-end=\"4913\">logements assist\u00e9s<\/strong> ou des <strong data-start=\"4921\" data-end=\"4943\">r\u00e9sidences priv\u00e9es<\/strong>, <strong data-start=\"4945\" data-end=\"4958\">Night Owl<\/strong> r\u00e9duit les risques d\u2019accidents et assure aux <strong data-start=\"5004\" data-end=\"5016\">familles<\/strong> et aux <strong data-start=\"5024\" data-end=\"5037\">soignants<\/strong> que leurs proches sont en s\u00e9curit\u00e9.<\/p>\n<h3 class=\"\" data-start=\"5076\" data-end=\"5230\">Choisissez Night Owl pour une pr\u00e9vention proactive des chutes, une s\u00e9curit\u00e9 nocturne intelligente, et une tranquillit\u00e9 d\u2019esprit totale \u2013 jour et nuit.<\/h3>\n<hr \/>\n","protected":false},"excerpt":{"rendered":"<p>Une nuit de sommeil paisible est essentielle pour la sant\u00e9 en g\u00e9n\u00e9ral. Night Owl assure la s\u00e9curit\u00e9 et un repos ininterrompu gr\u00e2ce \u00e0 une surveillance num\u00e9rique intelligente. Ce syst\u00e8me avanc\u00e9 aide les municipalit\u00e9s et les soignants \u00e0 surveiller les r\u00e9sidents de mani\u00e8re s\u00fbre et efficace. Id\u00e9al pour : <strong>les maisons de retraite, les r\u00e9sidences assist\u00e9es, les soins aux personnes atteintes de d\u00e9mence, les h\u00f4pitaux et les soins \u00e0 domicile.<\/strong><\/p>\n","protected":false},"author":5,"featured_media":2234,"template":"","meta":{"_acf_changed":false},"product_brand":[],"product_cat":[17],"product_tag":[],"class_list":{"0":"post-349","1":"product","2":"type-product","3":"status-publish","4":"has-post-thumbnail","6":"product_cat-accessory","8":"first","9":"instock","10":"shipping-taxable","11":"purchasable","12":"product-type-simple"},"acf":[],"_links":{"self":[{"href":"https:\/\/www.careium.com\/fr\/wp-json\/wp\/v2\/product\/349","targetHints":{"allow":["GET"]}}],"collection":[{"href":"https:\/\/www.careium.com\/fr\/wp-json\/wp\/v2\/product"}],"about":[{"href":"https:\/\/www.careium.com\/fr\/wp-json\/wp\/v2\/types\/product"}],"author":[{"embeddable":true,"href":"https:\/\/www.careium.com\/fr\/wp-json\/wp\/v2\/users\/5"}],"wp:featuredmedia":[{"embeddable":true,"href":"https:\/\/www.careium.com\/fr\/wp-json\/wp\/v2\/media\/2234"}],"wp:attachment":[{"href":"https:\/\/www.careium.com\/fr\/wp-json\/wp\/v2\/media?parent=349"}],"wp:term":[{"taxonomy":"product_brand","embeddable":true,"href":"https:\/\/www.careium.com\/fr\/wp-json\/wp\/v2\/product_brand?post=349"},{"taxonomy":"product_cat","embeddable":true,"href":"https:\/\/www.careium.com\/fr\/wp-json\/wp\/v2\/product_cat?post=349"},{"taxonomy":"product_tag","embeddable":true,"href":"https:\/\/www.careium.com\/fr\/wp-json\/wp\/v2\/product_tag?post=349"}],"curies":[{"name":"wp","href":"https:\/\/api.w.org\/{rel}","templated":true}]}}