{"id":355,"date":"2025-04-29T14:10:46","date_gmt":"2025-04-29T14:10:46","guid":{"rendered":"https:\/\/www.careium.com\/fr\/?post_type=product&#038;p=355"},"modified":"2026-02-04T14:26:39","modified_gmt":"2026-02-04T13:26:39","slug":"detecteur-de-chaleur","status":"publish","type":"product","link":"https:\/\/www.careium.com\/fr\/solutions-de-teleassistance\/teletransmetteur\/detecteur-de-chaleur\/","title":{"rendered":"D\u00e9tecteur de chaleur i10 \u2013 Une protection incendie rapide, fiable et connect\u00e9e"},"content":{"rendered":"<p class=\"\" data-start=\"57\" data-end=\"364\">Le d\u00e9tecteur de chaleur i10 va bien au-del\u00e0 d\u2019une simple alerte sonore. Il fait partie d\u2019un syst\u00e8me de surveillance avanc\u00e9, reli\u00e9 en permanence \u00e0 un centre de t\u00e9l\u00e9surveillance op\u00e9rationnel 24h\/24 et 7j\/7. Con\u00e7u pour intervenir imm\u00e9diatement en cas de danger, il fonctionne m\u00eame sans besoin d\u2019action humaine.<\/p>\n<p class=\"\" data-start=\"366\" data-end=\"680\">Contrairement aux d\u00e9tecteurs traditionnels, le i10 s\u2019int\u00e8gre directement \u00e0 votre syst\u00e8me d\u2019alarme. D\u00e8s qu\u2019une hausse anormale de temp\u00e9rature est d\u00e9tect\u00e9e, une alerte est instantan\u00e9ment transmise \u00e0 des op\u00e9rateurs qualifi\u00e9s, qui \u00e9valuent la situation en temps r\u00e9el et d\u00e9clenchent les secours si n\u00e9cessaire.<\/p>\n<p class=\"\" data-start=\"682\" data-end=\"862\">Dans une situation d\u2019incendie, chaque seconde est cruciale. Gr\u00e2ce au i10, chaque moment compte et aucune seconde n&rsquo;est perdue, m\u00eame en l&rsquo;absence de t\u00e9moin pour appeler les secours.<\/p>\n<p class=\"\" data-start=\"864\" data-end=\"1109\">Cette technologie connect\u00e9e assure une protection optimale, notamment pour les personnes vuln\u00e9rables, \u00e2g\u00e9es ou \u00e0 mobilit\u00e9 r\u00e9duite, en garantissant une surveillance continue et une intervention rapide, pour une tranquillit\u00e9 d\u2019esprit au quotidien.<\/p>\n<hr \/>\n<h3><strong>Comment fonctionnent les d\u00e9tecteurs de chaleur<\/strong><\/h3>\n<p>Les d\u00e9tecteurs de chaleur sont sp\u00e9cifiquement con\u00e7us pour identifier les hausses de temp\u00e9rature dangereuses &#8211; ils se d\u00e9clenchent g\u00e9n\u00e9ralement \u00e0 57 \u00b0C ou plus. Ils sont donc id\u00e9aux pour les zones o\u00f9 les d\u00e9tecteurs de fum\u00e9e risquent de provoquer de fausses alarmes, telles que :<\/p>\n<ul>\n<li><strong>Cuisines<\/strong> (vapeur de cuisson ou fum\u00e9e de casseroles)<\/li>\n<li><strong>Garages<\/strong> (vapeurs ou poussi\u00e8res de v\u00e9hicules)<\/li>\n<li><strong>Chaufferies ou espaces utilitaires<\/strong><\/li>\n<\/ul>\n<p>Alors que les <strong>d\u00e9tecteurs de fum\u00e9e<\/strong> sont essentiels dans les chambres \u00e0 coucher et les espaces de vie, les <strong>d\u00e9tecteurs de chaleur<\/strong> ajoutent une protection compl\u00e9mentaire l\u00e0 o\u00f9 les d\u00e9tecteurs de fum\u00e9e ne suffisent pas.<\/p>\n<hr \/>\n<h3><strong>Partie d&rsquo;un syst\u00e8me complet de s\u00e9curit\u00e9 domestique<\/strong><\/h3>\n<p>Pour une protection optimale contre les risques d&rsquo;incendie et de monoxyde de carbone, combinez la i10 avec notre :<\/p>\n<ul>\n<li><strong><a href=\"https:\/\/www.careium.com\/fr\/solutions-de-teleassistance\/teletransmetteur\/detecteur-de-fumee-24-7\/\">D\u00e9tecteurs de fum\u00e9e i10<\/a><\/strong> &#8211; Id\u00e9al pour les chambres \u00e0 coucher, les couloirs et les pi\u00e8ces \u00e0 vivre<\/li>\n<li><a href=\"https:\/\/www.careium.com\/en\/telecare-solutions\/personal-alarms\/carbon-monoxide-detector\/\"><strong>i10 D\u00e9tecteurs de monoxyde de carbone (CO)<\/strong><\/a> &#8211; Recommand\u00e9s pr\u00e8s des chaudi\u00e8res, des chemin\u00e9es ou des appareils \u00e0 gaz<\/li>\n<\/ul>\n<p>En utilisant le bon type de d\u00e9tecteur au bon endroit, vous cr\u00e9ez un <strong>r\u00e9seau de s\u00e9curit\u00e9 complet<\/strong> dans toute la maison, r\u00e9duisant ainsi le risque de blessures ou de dommages.<\/p>\n<hr \/>\n<h3><strong>Informations de s\u00e9curit\u00e9 importantes &#8211; O\u00f9 installer les d\u00e9tecteurs de chaleur<\/strong><\/h3>\n<p>Les d\u00e9tecteurs de chaleur sont sp\u00e9cialement con\u00e7us pour les environnements \u00e0 haute temp\u00e9rature et ne se d\u00e9clenchent que lorsque la temp\u00e9rature d\u00e9passe 57\u00b0C ou plus. Pour les chambres \u00e0 coucher et les zones o\u00f9 les gens dorment, utilisez toujours des <strong>d\u00e9tecteurs de fum\u00e9e<\/strong> pour une alerte rapide en cas d&rsquo;incendie.<\/p>\n<p>Emplacement recommand\u00e9 pour les d\u00e9tecteurs de chaleur : <strong>Cuisines, <\/strong><strong>Garages, <\/strong><strong>Pi\u00e8ces de service et <\/strong><strong>Chaufferies.<\/strong><\/p>\n<hr \/>\n<h3><strong>Pourquoi choisir la i10 ? <\/strong><\/h3>\n<ul>\n<li><strong>Alerte vers un centre de surveillance 24\/7<\/strong> &#8211; Une s\u00e9curit\u00e9 connect\u00e9e qui ne d\u00e9pend pas de l&rsquo;occupant qui d\u00e9clenche l&rsquo;alarme<\/li>\n<li><strong>Int\u00e9gration intelligente avec des transmetteurs de t\u00e9l\u00e9assistance<\/strong>\u00a0&#8211; Connexion transparente avec vos autres dispositifs de s\u00e9curit\u00e9<\/li>\n<li><strong>Id\u00e9al pour les zones \u00e0 risque<\/strong> &#8211; R\u00e9duit les fausses alarmes dans les cuisines et les garages tout en assurant une d\u00e9tection fiable des incendies<\/li>\n<li><strong>R\u00e9ponse rapide lorsque chaque seconde compte<\/strong> &#8211; Action imm\u00e9diate, m\u00eame lorsque la personne \u00e0 risque ne peut pas r\u00e9pondre<\/li>\n<li><strong>Supporte une solution compl\u00e8te de s\u00e9curit\u00e9 domestique<\/strong> &#8211; Fonctionne avec des d\u00e9tecteurs de fum\u00e9e et des alarmes de monoxyde de carbone pour une couverture compl\u00e8te<\/li>\n<\/ul>\n<hr \/>\n<h3><strong>Prot\u00e9gez votre maison avec la d\u00e9tection intelligente de chaleur<\/strong><\/h3>\n<p>Choisissez le <strong>d\u00e9tecteur de chaleur i10<\/strong> pour une protection incendie intelligente et fiable dans les zones les plus critiques de votre maison. Associ\u00e9 \u00e0 des d\u00e9tecteurs de fum\u00e9e et de monoxyde de carbone (CO), il fait partie d&rsquo;un syst\u00e8me de s\u00e9curit\u00e9 puissant et connect\u00e9, con\u00e7u pour vous apporter confiance et tranquillit\u00e9 d&rsquo;esprit, de jour comme de nuit.<\/p>\n<hr \/>\n","protected":false},"excerpt":{"rendered":"<p>Notre d\u00e9tecteur de chaleur i10 est la solution id\u00e9ale pour les cuisines et les zones \u00e0 forte vapeur. Il est con\u00e7u pour ne vous alerter qu&rsquo;en cas de danger r\u00e9el li\u00e9 \u00e0 une augmentation rapide de la temp\u00e9rature, et pas seulement en cas de toasts br\u00fbl\u00e9s ou de vapeur. Parfait pour les endroits o\u00f9 les d\u00e9tecteurs de fum\u00e9e provoquent des alertes intempestives.<\/p>\n","protected":false},"author":5,"featured_media":354,"template":"","meta":{"_acf_changed":false},"product_brand":[],"product_cat":[17],"product_tag":[],"class_list":{"0":"post-355","1":"product","2":"type-product","3":"status-publish","4":"has-post-thumbnail","6":"product_cat-accessory","8":"first","9":"instock","10":"shipping-taxable","11":"purchasable","12":"product-type-simple"},"acf":[],"_links":{"self":[{"href":"https:\/\/www.careium.com\/fr\/wp-json\/wp\/v2\/product\/355","targetHints":{"allow":["GET"]}}],"collection":[{"href":"https:\/\/www.careium.com\/fr\/wp-json\/wp\/v2\/product"}],"about":[{"href":"https:\/\/www.careium.com\/fr\/wp-json\/wp\/v2\/types\/product"}],"author":[{"embeddable":true,"href":"https:\/\/www.careium.com\/fr\/wp-json\/wp\/v2\/users\/5"}],"wp:featuredmedia":[{"embeddable":true,"href":"https:\/\/www.careium.com\/fr\/wp-json\/wp\/v2\/media\/354"}],"wp:attachment":[{"href":"https:\/\/www.careium.com\/fr\/wp-json\/wp\/v2\/media?parent=355"}],"wp:term":[{"taxonomy":"product_brand","embeddable":true,"href":"https:\/\/www.careium.com\/fr\/wp-json\/wp\/v2\/product_brand?post=355"},{"taxonomy":"product_cat","embeddable":true,"href":"https:\/\/www.careium.com\/fr\/wp-json\/wp\/v2\/product_cat?post=355"},{"taxonomy":"product_tag","embeddable":true,"href":"https:\/\/www.careium.com\/fr\/wp-json\/wp\/v2\/product_tag?post=355"}],"curies":[{"name":"wp","href":"https:\/\/api.w.org\/{rel}","templated":true}]}}