{"id":470,"date":"2025-05-02T11:13:08","date_gmt":"2025-05-02T11:13:08","guid":{"rendered":"https:\/\/www.careium.com\/fr\/?post_type=product&#038;p=470"},"modified":"2025-05-28T12:30:30","modified_gmt":"2025-05-28T12:30:30","slug":"alarme-vocale","status":"publish","type":"product","link":"https:\/\/www.careium.com\/fr\/solutions-de-teleassistance\/teletransmetteur\/alarme-vocale\/","title":{"rendered":"Alarme vocale"},"content":{"rendered":"","protected":false},"excerpt":{"rendered":"<p>L&rsquo;alarme vocale est un capteur r\u00e9pondant \u00e0 des sons involontaires, p. ex. une crise d&rsquo;\u00e9pilepsie, ou \u00e0 des sons \u00e9mis volontairement, notamment lorsque l&rsquo;utilisateur appelle \u00e0 l&rsquo;aide. Le capteur est plac\u00e9 pr\u00e8s de l&rsquo;utilisateur et sa sensibilit\u00e9 est ajust\u00e9e de sorte que seuls les sons \u00e9mis par l&rsquo;utilisateur d\u00e9clencheront une alarme. Un microphone s\u00e9par\u00e9 peut \u00eatre connect\u00e9 pour filtrer davantage le bruit de l&rsquo;environnement (suppression du bruit) afin d&rsquo;obtenir une meilleure sensibilit\u00e9. Les alarmes sont transmises sans fil \u00e0 un transmetteur Careium et transf\u00e9r\u00e9es au centre de t\u00e9l\u00e9assistance.<\/p>\n","protected":false},"author":1,"featured_media":1672,"template":"","meta":{"_acf_changed":false},"product_brand":[],"product_cat":[17],"product_tag":[],"class_list":{"0":"post-470","1":"product","2":"type-product","3":"status-publish","4":"has-post-thumbnail","6":"product_cat-accessory","8":"first","9":"instock","10":"shipping-taxable","11":"purchasable","12":"product-type-simple"},"acf":[],"_links":{"self":[{"href":"https:\/\/www.careium.com\/fr\/wp-json\/wp\/v2\/product\/470","targetHints":{"allow":["GET"]}}],"collection":[{"href":"https:\/\/www.careium.com\/fr\/wp-json\/wp\/v2\/product"}],"about":[{"href":"https:\/\/www.careium.com\/fr\/wp-json\/wp\/v2\/types\/product"}],"author":[{"embeddable":true,"href":"https:\/\/www.careium.com\/fr\/wp-json\/wp\/v2\/users\/1"}],"wp:featuredmedia":[{"embeddable":true,"href":"https:\/\/www.careium.com\/fr\/wp-json\/wp\/v2\/media\/1672"}],"wp:attachment":[{"href":"https:\/\/www.careium.com\/fr\/wp-json\/wp\/v2\/media?parent=470"}],"wp:term":[{"taxonomy":"product_brand","embeddable":true,"href":"https:\/\/www.careium.com\/fr\/wp-json\/wp\/v2\/product_brand?post=470"},{"taxonomy":"product_cat","embeddable":true,"href":"https:\/\/www.careium.com\/fr\/wp-json\/wp\/v2\/product_cat?post=470"},{"taxonomy":"product_tag","embeddable":true,"href":"https:\/\/www.careium.com\/fr\/wp-json\/wp\/v2\/product_tag?post=470"}],"curies":[{"name":"wp","href":"https:\/\/api.w.org\/{rel}","templated":true}]}}